{"id":197924,"date":"2025-12-04T19:44:29","date_gmt":"2025-12-04T19:44:29","guid":{"rendered":"https:\/\/www.otiumhome.fi\/?p=197924"},"modified":"2025-12-09T14:38:12","modified_gmt":"2025-12-09T14:38:12","slug":"4-paneelinen-tilanjakaja-ruskea-taysi-keisaripuu","status":"publish","type":"product","link":"https:\/\/www.otiumhome.fi\/index.php\/tuote\/4-paneelinen-tilanjakaja-ruskea-taysi-keisaripuu\/","title":{"rendered":"4-Paneelinen tilanjakaja ruskea t\u00e4ysi keisaripuu"},"content":{"rendered":"<p>Tuo tiloihisi elegantti ja katseet vangitseva koristeellinen ilme t\u00e4m\u00e4n vieh\u00e4tt\u00e4v\u00e4n tilanjakajan avulla.<\/p>\n<\/p>\n<ul>\n<li>Kest\u00e4v\u00e4 ja helppo puhdistaa: Yksityisyyssuoja on valmistettu luonnollisista bambunauhoista joka tekee siit\u00e4 kest\u00e4v\u00e4n ja helpon puhdistaa.<\/li>\n<li>Vakaa runko: T\u00e4ytt\u00e4 keisaripuuta oleva runko takaa tukevuuden ja vakauden. T\u00e4ysi keisaripuu on kaunis luonnonmateriaali, joka on vastustuskykyinen hy\u00f6nteisille ja laholle.<\/li>\n<li>Joustava ja helppo taittaa: Jokainen osio on yhdistetty toisiinsa kolmella metallisaranalla. Paneelin yl\u00e4- ja alaosat on yhdistetty piilotetuilla 2-in-1 saranoilla. Huoneenjakajapaneeli voidaan siis helposti taittaa jossain m\u00e4\u00e4rin tarpeidesi mukaan tilan s\u00e4\u00e4st\u00e4miseksi.<\/li>\n<li>Monik\u00e4ytt\u00f6inen: Sermi sopii erinomaisesti yksityisen tilan luomiseen makuu- ja olohuoneeseen, toimistoon sek\u00e4 muihin sis\u00e4tiloihin. Voit my\u00f6s asettaa sen ikkunan eteen voimakkaan auringonvalon est\u00e4miseksi.<\/li>\n<\/ul>\n<p>Varoitus:<\/p>\n<ul>\n<li>Ainoastaan sis\u00e4k\u00e4ytt\u00f6\u00f6n.<\/li>\n<\/ul>\n<ul>\n<li>V\u00e4ri: Ruskea<\/li>\n<li>Rungon materiaali: T\u00e4ysi keisaripuu<\/li>\n<li>Sis\u00e4osan materiaali: Bambu<\/li>\n<li>Koko avattuna: 140-145 x 220 cm (L x K)<\/li>\n<li>Paneelin koko (kukin): 40 x 220 cm (L x K)<\/li>\n<li>Paksuus: 16 mm<\/li>\n<li>Paneelien m\u00e4\u00e4r\u00e4: 4<\/li>\n<li>Vain sis\u00e4k\u00e4ytt\u00f6\u00f6n<\/li>\n<li>Asennus vaaditaan: Kyll\u00e4<\/li>\n<\/ul>\n","protected":false},"excerpt":{"rendered":"<ul>\n<li>V\u00e4ri: Ruskea<\/li>\n<li>Rungon materiaali: T\u00e4ysi keisaripuu<\/li>\n<li>Sis\u00e4osan materiaali: Bambu<\/li>\n<li>Koko avattuna: 140-145 x 220 cm (L x K)<\/li>\n<li>Paneelin koko (kukin): 40 x 220 cm (L x K)<\/li>\n<li>Paksuus: 16 mm<\/li>\n<li>Paneelien m\u00e4\u00e4r\u00e4: 4<\/li>\n<li>Vain sis\u00e4k\u00e4ytt\u00f6\u00f6n<\/li>\n<li>Asennus vaaditaan: Kyll\u00e4<\/li>\n<\/ul>\n","protected":false},"featured_media":100000197924,"comment_status":"closed","ping_status":"closed","template":"","meta":[],"product_brand":[],"product_cat":[84],"product_tag":[],"class_list":{"0":"post-197924","1":"product","2":"type-product","3":"status-publish","4":"has-post-thumbnail","6":"product_cat-huonekalut","8":"first","9":"instock","10":"taxable","11":"shipping-taxable","12":"purchasable","13":"product-type-simple"},"_links":{"self":[{"href":"https:\/\/www.otiumhome.fi\/index.php\/wp-json\/wp\/v2\/product\/197924","targetHints":{"allow":["GET"]}}],"collection":[{"href":"https:\/\/www.otiumhome.fi\/index.php\/wp-json\/wp\/v2\/product"}],"about":[{"href":"https:\/\/www.otiumhome.fi\/index.php\/wp-json\/wp\/v2\/types\/product"}],"replies":[{"embeddable":true,"href":"https:\/\/www.otiumhome.fi\/index.php\/wp-json\/wp\/v2\/comments?post=197924"}],"wp:featuredmedia":[{"embeddable":true,"href":"https:\/\/www.otiumhome.fi\/index.php\/wp-json\/"}],"wp:attachment":[{"href":"https:\/\/www.otiumhome.fi\/index.php\/wp-json\/wp\/v2\/media?parent=197924"}],"wp:term":[{"taxonomy":"product_brand","embeddable":true,"href":"https:\/\/www.otiumhome.fi\/index.php\/wp-json\/wp\/v2\/product_brand?post=197924"},{"taxonomy":"product_cat","embeddable":true,"href":"https:\/\/www.otiumhome.fi\/index.php\/wp-json\/wp\/v2\/product_cat?post=197924"},{"taxonomy":"product_tag","embeddable":true,"href":"https:\/\/www.otiumhome.fi\/index.php\/wp-json\/wp\/v2\/product_tag?post=197924"}],"curies":[{"name":"wp","href":"https:\/\/api.w.org\/{rel}","templated":true}]}}