{"id":197789,"date":"2025-12-04T12:45:36","date_gmt":"2025-12-04T12:45:36","guid":{"rendered":"https:\/\/www.otiumhome.fi\/?p=197789"},"modified":"2025-12-09T09:48:29","modified_gmt":"2025-12-09T09:48:29","slug":"sangynrunko-musta-metalli-140x200-cm","status":"publish","type":"product","link":"https:\/\/www.otiumhome.fi\/index.php\/tuote\/sangynrunko-musta-metalli-140x200-cm\/","title":{"rendered":"S\u00e4ngynrunko musta metalli 140&#215;200 cm"},"content":{"rendered":"<p>Luo t\u00e4m\u00e4n metallisen s\u00e4ngynrungon avulla makuuhuoneeseesi elegantti ja klassinen tunnelma!<\/p>\n<\/p>\n<p>S\u00e4ngynrungossa on vakaa metallinen rakenne. Metallis\u00e4leet tarjoavat vaaditun tuen ja tekev\u00e4t s\u00e4ngyst\u00e4 eritt\u00e4in mukavan. Kaikkien n\u00e4iden ominaisuuksien ansiosta saat varmasti hyv\u00e4t y\u00f6unet t\u00e4ss\u00e4 s\u00e4ngyss\u00e4! S\u00e4ngynrunko vaatii kokoamisen. S\u00e4nky sopii patjalle, jonka koko on 140 x 200 cm.<\/p>\n<\/p>\n<p>Otathan huomioon, ett\u00e4 toimituksessa on vain s\u00e4ngynrunko. Patja ei tule mukana. Voit l\u00f6yt\u00e4\u00e4 kaupastamme my\u00f6s yhteensopivia patjoja.<\/p>\n<ul>\n<li>V\u00e4ri: musta<\/li>\n<li>Materiaali: metalli<\/li>\n<li>Kokonaismitat: 208 x 146 x 84 cm (P x L x K)<\/li>\n<li>Sopiva patjan koko: 140 x 200 cm (L x P) (patja ei mukana)<\/li>\n<li>Nukkumiskorkeus maasta mitattuna: 28,5 cm<\/li>\n<li>Asennus vaaditaan: kyll\u00e4<\/li>\n<\/ul>\n","protected":false},"excerpt":{"rendered":"<ul>\n<li>V\u00e4ri: musta<\/li>\n<li>Materiaali: metalli<\/li>\n<li>Kokonaismitat: 208 x 146 x 84 cm (P x L x K)<\/li>\n<li>Sopiva patjan koko: 140 x 200 cm (L x P) (patja ei mukana)<\/li>\n<li>Nukkumiskorkeus maasta mitattuna: 28,5 cm<\/li>\n<li>Asennus vaaditaan: kyll\u00e4<\/li>\n<\/ul>\n","protected":false},"featured_media":100000197789,"comment_status":"closed","ping_status":"closed","template":"","meta":[],"product_brand":[],"product_cat":[84,8638],"product_tag":[],"class_list":{"0":"post-197789","1":"product","2":"type-product","3":"status-publish","4":"has-post-thumbnail","6":"product_cat-huonekalut","7":"product_cat-sangyt-sangynrungot","9":"first","10":"outofstock","11":"taxable","12":"shipping-taxable","13":"purchasable","14":"product-type-simple"},"_links":{"self":[{"href":"https:\/\/www.otiumhome.fi\/index.php\/wp-json\/wp\/v2\/product\/197789","targetHints":{"allow":["GET"]}}],"collection":[{"href":"https:\/\/www.otiumhome.fi\/index.php\/wp-json\/wp\/v2\/product"}],"about":[{"href":"https:\/\/www.otiumhome.fi\/index.php\/wp-json\/wp\/v2\/types\/product"}],"replies":[{"embeddable":true,"href":"https:\/\/www.otiumhome.fi\/index.php\/wp-json\/wp\/v2\/comments?post=197789"}],"wp:featuredmedia":[{"embeddable":true,"href":"https:\/\/www.otiumhome.fi\/index.php\/wp-json\/"}],"wp:attachment":[{"href":"https:\/\/www.otiumhome.fi\/index.php\/wp-json\/wp\/v2\/media?parent=197789"}],"wp:term":[{"taxonomy":"product_brand","embeddable":true,"href":"https:\/\/www.otiumhome.fi\/index.php\/wp-json\/wp\/v2\/product_brand?post=197789"},{"taxonomy":"product_cat","embeddable":true,"href":"https:\/\/www.otiumhome.fi\/index.php\/wp-json\/wp\/v2\/product_cat?post=197789"},{"taxonomy":"product_tag","embeddable":true,"href":"https:\/\/www.otiumhome.fi\/index.php\/wp-json\/wp\/v2\/product_tag?post=197789"}],"curies":[{"name":"wp","href":"https:\/\/api.w.org\/{rel}","templated":true}]}}