{"id":197703,"date":"2025-12-04T07:27:43","date_gmt":"2025-12-04T07:27:43","guid":{"rendered":"https:\/\/www.otiumhome.fi\/?p=197703"},"modified":"2025-12-05T15:51:21","modified_gmt":"2025-12-05T15:51:21","slug":"kylpyhuoneen-pesuallaskaappi-kasityolainen-tammi-60x33x60-cm","status":"publish","type":"product","link":"https:\/\/www.otiumhome.fi\/index.php\/tuote\/kylpyhuoneen-pesuallaskaappi-kasityolainen-tammi-60x33x60-cm\/","title":{"rendered":"kylpyhuoneen pesuallaskaappi k\u00e4sity\u00f6l\u00e4inen tammi 60x33x60 cm"},"content":{"rendered":"<p>T\u00e4m\u00e4 kylpyhuoneen allaskaappi on loistava lis\u00e4 kylpyhuoneeseesi, antaen sille siistin ja upean ulkon\u00e4\u00f6n!<\/p>\n<\/p>\n<ul>\n<li>Tukeva rakenne: Jauhemaalattu ter\u00e4s ja tekninen puu takaavat tukevan rakenteen ja antavat tavaroillesi lujan tuen.<\/li>\n<li>Runsaasti s\u00e4ilytystilaa: Kylpyhuoneen pesuallaskaappi tarjoaa runsaasti tilaa t\u00e4rkeille hygienia- ja kylpytuotteillesi, kuten saippuoille, shampoille, hammastahnalle, jne.<\/li>\n<li>Tilaa s\u00e4\u00e4st\u00e4v\u00e4 muotoilu: Kylpyhuonekaapin yl\u00e4taso on ihanteellinen pesualtaan sijoittamiseksi, joten voit hy\u00f6dynt\u00e4\u00e4 pesualtaan alla olevan tilan kokonaisuudessaan.<\/li>\n<li>S\u00e4\u00e4dett\u00e4v\u00e4t jalat: Allaskaappi on varustettu s\u00e4\u00e4dett\u00e4vill\u00e4 tasoittimilla, joiden avulla voit mukauttaa korkeutta ja varmistaa vakauden ep\u00e4tasaisilla lattioilla.<\/li>\n<\/ul>\n<p>Varoitus:<\/p>\n<ul>\n<li>Kaatumisen est\u00e4miseksi t\u00e4t\u00e4 tuotetta on k\u00e4ytett\u00e4v\u00e4 mukana toimitetun sein\u00e4kiinnityslaitteen kanssa.<\/li>\n<\/ul>\n<ul>\n<li>V\u00e4ri: artisaanitammi<\/li>\n<li>Materiaali: Tekninen puu, jauhemaalattu ter\u00e4s<\/li>\n<li>Mitat: 60 x 33 x 60 cm (P x L x K)<\/li>\n<li>Viem\u00e4riputken aukon koko: 8 x 20 cm (P x L)<\/li>\n<li>Asennus vaaditaan: Kyll\u00e4<\/li>\n<\/ul>\n","protected":false},"excerpt":{"rendered":"<ul>\n<li>V\u00e4ri: artisaanitammi<\/li>\n<li>Materiaali: Tekninen puu, jauhemaalattu ter\u00e4s<\/li>\n<li>Mitat: 60 x 33 x 60 cm (P x L x K)<\/li>\n<li>Viem\u00e4riputken aukon koko: 8 x 20 cm (P x L)<\/li>\n<li>Asennus vaaditaan: Kyll\u00e4<\/li>\n<\/ul>\n","protected":false},"featured_media":100000197703,"comment_status":"closed","ping_status":"closed","template":"","meta":[],"product_brand":[],"product_cat":[84,8561,8562],"product_tag":[],"class_list":{"0":"post-197703","1":"product","2":"type-product","3":"status-publish","4":"has-post-thumbnail","6":"product_cat-huonekalut","7":"product_cat-kampauspoydat","8":"product_cat-kylpyhuoneen-kampauspoydat","10":"first","11":"instock","12":"taxable","13":"shipping-taxable","14":"purchasable","15":"product-type-simple"},"_links":{"self":[{"href":"https:\/\/www.otiumhome.fi\/index.php\/wp-json\/wp\/v2\/product\/197703","targetHints":{"allow":["GET"]}}],"collection":[{"href":"https:\/\/www.otiumhome.fi\/index.php\/wp-json\/wp\/v2\/product"}],"about":[{"href":"https:\/\/www.otiumhome.fi\/index.php\/wp-json\/wp\/v2\/types\/product"}],"replies":[{"embeddable":true,"href":"https:\/\/www.otiumhome.fi\/index.php\/wp-json\/wp\/v2\/comments?post=197703"}],"wp:featuredmedia":[{"embeddable":true,"href":"https:\/\/www.otiumhome.fi\/index.php\/wp-json\/"}],"wp:attachment":[{"href":"https:\/\/www.otiumhome.fi\/index.php\/wp-json\/wp\/v2\/media?parent=197703"}],"wp:term":[{"taxonomy":"product_brand","embeddable":true,"href":"https:\/\/www.otiumhome.fi\/index.php\/wp-json\/wp\/v2\/product_brand?post=197703"},{"taxonomy":"product_cat","embeddable":true,"href":"https:\/\/www.otiumhome.fi\/index.php\/wp-json\/wp\/v2\/product_cat?post=197703"},{"taxonomy":"product_tag","embeddable":true,"href":"https:\/\/www.otiumhome.fi\/index.php\/wp-json\/wp\/v2\/product_tag?post=197703"}],"curies":[{"name":"wp","href":"https:\/\/api.w.org\/{rel}","templated":true}]}}