{"id":197684,"date":"2025-12-04T06:03:31","date_gmt":"2025-12-04T06:03:31","guid":{"rendered":"https:\/\/www.otiumhome.fi\/?p=197684"},"modified":"2025-12-09T06:09:21","modified_gmt":"2025-12-09T06:09:21","slug":"3-osainen-kylpyhuoneen-kaappisarja-harmaa-sonoma-tekninen-puu","status":"publish","type":"product","link":"https:\/\/www.otiumhome.fi\/index.php\/tuote\/3-osainen-kylpyhuoneen-kaappisarja-harmaa-sonoma-tekninen-puu\/","title":{"rendered":"3-osainen Kylpyhuoneen kaappisarja harmaa Sonoma tekninen puu"},"content":{"rendered":"<p>T\u00e4m\u00e4 kaunis kylpyhuonekaappisarja riitt\u00e4v\u00e4ll\u00e4 s\u00e4ilytystilalla on suunnittelultaan yksinkertaisen ja ajaton.<\/p>\n<\/p>\n<ul>\n<li>Kest\u00e4v\u00e4 materiaali: Tekninen puu on poikkeuksellisen laadukasta ja sile\u00e4pintaista. Se on luja, vakaa ja kosteudelle vastustuskykyinen.<\/li>\n<li>Runsaasti s\u00e4ilytystilaa: T\u00e4m\u00e4 kylpyhuonekalusteen runsas s\u00e4ilytystila helpottaa tavaroiden j\u00e4rjest\u00e4mist\u00e4. <\/li>\n<li>Helposti puhdistettava pinta: Kylpyhuoneen kaappisarja on helppo puhdistaa kostealla liinalla.<\/li>\n<li>Tyylik\u00e4s suunnittelu: Puhtaat linjat ja tyylik\u00e4s muotoilu sulautuu t\u00e4ydellisesti kylpyhuoneeseesi. <\/li>\n<\/ul>\n<p>Varoitus:<\/p>\n<ul>\n<li>Kaatumisen est\u00e4miseksi on t\u00e4t\u00e4 tuotetta k\u00e4ytett\u00e4v\u00e4 mukana toimitettavan sein\u00e4kiinnityslaitteen kanssa.<\/li>\n<\/ul>\n<p>Hyv\u00e4 tiet\u00e4\u00e4:<\/p>\n<ul>\n<li>Sein\u00e4\u00e4n kiinnitett\u00e4v\u00e4t ruuvit ja tulpat eiv\u00e4t sis\u00e4lly toimitukseen. Suosittelemme etsim\u00e4\u00e4n ja k\u00e4ytt\u00e4m\u00e4\u00e4n sein\u00e4\u00e4si sopivia ruuveja ja tulppia. Jos olet ep\u00e4varma, kysy ammattilaisen neuvoa. Lue ja noudata ohjeiden jokaista vaihetta. <\/li>\n<li>Jotta kokoaminen olisi mahdollisimman helppoa, jokainen tuote toimitetaan ohjekirjan kanssa.<\/li>\n<\/ul>\n<ul>\n<li>V\u00e4ri: harmaa Sonoma<\/li>\n<li>Materiaali: Tekninen puu, akryyli<\/li>\n<li>Allaskaapin mitat: 60 x 32 x 53,5 cm (P x L x K)<\/li>\n<li>Jalallisen kaapin mitat: 30 x 30 x 95 cm (P x L x K)<\/li>\n<li>Peilillisen sein\u00e4kaapin mitat: 80 x 20,5 x 64 cm (P x L x K)<\/li>\n<li><strong>Toimitus sis\u00e4lt\u00e4\u00e4:<\/strong><\/li>\n<li>1 x allaskaappi<\/li>\n<li>1 x Lattiakaappi<\/li>\n<li>1 x Sein\u00e4kaappi peilill\u00e4<\/li>\n<li>Legal Documents:\n<p><span>Lis\u00e4tietoja huonekalujesi kaatumisen est\u00e4misest\u00e4 voit l\u00f6yt\u00e4\u00e4 <span style=\"text-decoration: underline\"><strong><a title=\"https:\/\/bit.ly\/3bVwkQp\" href=\"https:\/\/bit.ly\/3bVwkQp\" target=\"_blank\">t\u00e4\u00e4lt\u00e4<\/a><\/strong><\/span><\/span><\/p>\n<\/li>\n<\/ul>\n","protected":false},"excerpt":{"rendered":"<ul>\n<li>V\u00e4ri: harmaa Sonoma<\/li>\n<li>Materiaali: Tekninen puu, akryyli<\/li>\n<li>Allaskaapin mitat: 60 x 32 x 53,5 cm (P x L x K)<\/li>\n<li>Jalallisen kaapin mitat: 30 x 30 x 95 cm (P x L x K)<\/li>\n<li>Peilillisen sein\u00e4kaapin mitat: 80 x 20,5 x 64 cm (P x L x K)<\/li>\n<li><strong>Toimitus sis\u00e4lt\u00e4\u00e4:<\/strong><\/li>\n<li>1 x allaskaappi<\/li>\n<li>1 x Lattiakaappi<\/li>\n<li>1 x Sein\u00e4kaappi peilill\u00e4<\/li>\n<li>Legal Documents:\n<p><span>Lis\u00e4tietoja huonekalujesi kaatumisen est\u00e4misest\u00e4 voit l\u00f6yt\u00e4\u00e4 <span style=\"text-decoration: underline\"><strong><a title=\"https:\/\/bit.ly\/3bVwkQp\" href=\"https:\/\/bit.ly\/3bVwkQp\" target=\"_blank\">t\u00e4\u00e4lt\u00e4<\/a><\/strong><\/span><\/span><\/p>\n<\/li>\n<\/ul>\n","protected":false},"featured_media":100000197684,"comment_status":"closed","ping_status":"closed","template":"","meta":[],"product_brand":[],"product_cat":[84,8560],"product_tag":[],"class_list":{"0":"post-197684","1":"product","2":"type-product","3":"status-publish","4":"has-post-thumbnail","6":"product_cat-huonekalut","7":"product_cat-kylpyhuoneen-kalusteet","9":"first","10":"instock","11":"taxable","12":"shipping-taxable","13":"purchasable","14":"product-type-simple"},"_links":{"self":[{"href":"https:\/\/www.otiumhome.fi\/index.php\/wp-json\/wp\/v2\/product\/197684","targetHints":{"allow":["GET"]}}],"collection":[{"href":"https:\/\/www.otiumhome.fi\/index.php\/wp-json\/wp\/v2\/product"}],"about":[{"href":"https:\/\/www.otiumhome.fi\/index.php\/wp-json\/wp\/v2\/types\/product"}],"replies":[{"embeddable":true,"href":"https:\/\/www.otiumhome.fi\/index.php\/wp-json\/wp\/v2\/comments?post=197684"}],"wp:featuredmedia":[{"embeddable":true,"href":"https:\/\/www.otiumhome.fi\/index.php\/wp-json\/"}],"wp:attachment":[{"href":"https:\/\/www.otiumhome.fi\/index.php\/wp-json\/wp\/v2\/media?parent=197684"}],"wp:term":[{"taxonomy":"product_brand","embeddable":true,"href":"https:\/\/www.otiumhome.fi\/index.php\/wp-json\/wp\/v2\/product_brand?post=197684"},{"taxonomy":"product_cat","embeddable":true,"href":"https:\/\/www.otiumhome.fi\/index.php\/wp-json\/wp\/v2\/product_cat?post=197684"},{"taxonomy":"product_tag","embeddable":true,"href":"https:\/\/www.otiumhome.fi\/index.php\/wp-json\/wp\/v2\/product_tag?post=197684"}],"curies":[{"name":"wp","href":"https:\/\/api.w.org\/{rel}","templated":true}]}}