{"id":197675,"date":"2025-12-04T06:03:19","date_gmt":"2025-12-04T06:03:19","guid":{"rendered":"https:\/\/www.otiumhome.fi\/?p=197675"},"modified":"2025-12-14T06:23:43","modified_gmt":"2025-12-14T06:23:43","slug":"5-osainen-kylpyhuonekalustesarja-vanha-puu-tekninen-puu","status":"publish","type":"product","link":"https:\/\/www.otiumhome.fi\/index.php\/tuote\/5-osainen-kylpyhuonekalustesarja-vanha-puu-tekninen-puu\/","title":{"rendered":"5-osainen Kylpyhuonekalustesarja vanha puu tekninen puu"},"content":{"rendered":"<p>T\u00e4m\u00e4 tyylik\u00e4s kylpyhuoneen kalustesarja suurella s\u00e4ilytystilalla on loistava lis\u00e4 kylpyhuoneeseesi ja tekee siit\u00e4 siistin ja huomiota her\u00e4tt\u00e4v\u00e4n n\u00e4k\u00f6isen!<\/p>\n<\/p>\n<ul>\n<li>Tukeva materiaali: Allaskaappi on valmistettu teknisest\u00e4 puusta, joka on poikkeuksellisen laadukasta ja sile\u00e4pintaista. Se on my\u00f6s luja, vakaa ja kosteudelle vastustuskykyinen.<\/li>\n<li>Runsaasti s\u00e4ilytystilaa: Kylpyhuoneen pesuallas tarjoaa runsaasti s\u00e4ilytystilaa tavaroiden s\u00e4ilytt\u00e4miseen kylpyhuoneessa.<\/li>\n<li>K\u00e4yt\u00e4nn\u00f6llinen muotoilu: T\u00e4m\u00e4n kylpyhuonekaapin yl\u00e4osa on ihanteellinen paikka altaalle.<\/li>\n<li>Sein\u00e4kiinnitystoiminto: Kylpyhuoneen kaappi voidaan asentaa sein\u00e4lle lis\u00e4s\u00e4ilytystilan saamiseksi. T\u00e4ll\u00e4 tavalla voit maksimoida lattiatilasi ja pit\u00e4\u00e4 alueen siistin\u00e4.<\/li>\n<li>Ylivuototoiminto: Pesualtaassa on ylivuoto veden poistamiseksi, kun se t\u00e4yttyy liikaa.<\/li>\n<\/ul>\n<p>Hyv\u00e4 tiet\u00e4\u00e4:<\/p>\n<ul>\n<li>Sein\u00e4\u00e4n kiinnitett\u00e4v\u00e4t ruuvit ja tulpat eiv\u00e4t sis\u00e4lly toimitukseen. Etsi ja k\u00e4yt\u00e4 sein\u00e4\u00e4si sopivia ruuveja ja tulppia. Jos olet ep\u00e4varma, kysy ammattilaisen neuvoa. Lue ja seuraa asennusohjeiden jokaista vaihetta huolella.<\/li>\n<li>Hana ja painettava viem\u00e4ritulppa ylivuototoiminnolla sis\u00e4ltyv\u00e4t toimitukseen.<\/li>\n<li>T\u00e4m\u00e4 on kuuman- ja kylm\u00e4nveden hana. Jos tarvitset kuumaa vett\u00e4, sinun pit\u00e4\u00e4 kytke\u00e4 se vedenl\u00e4mmittimeen.<\/li>\n<\/ul>\n<ul>\n<li><strong>Allaskaappi:<\/strong><\/li>\n<li>V\u00e4ri: Vanha puu<\/li>\n<li>Materiaali: Tekninen puu<\/li>\n<li>Mitat: 90 x 38,5 x 46 cm (L x S x K)<\/li>\n<li><strong>Kylpyhuoneen kaappi:<\/strong><\/li>\n<li>V\u00e4ri: Vanha puu<\/li>\n<li>Materiaali: Tekninen puu<\/li>\n<li>Kylpyhuoneen kaapin mitat (korkea): 30 x 30 x 130 cm (L x S x K)<\/li>\n<li>Kylpyhuoneen kaapin mitat (matala): 30 x 30 x 80 cm (L x S x K)<\/li>\n<li>Maksimikantavuus (kukin): 60 kg<\/li>\n<li><strong>Sis\u00e4\u00e4nrakennettu pesuallas:<\/strong><\/li>\n<li>V\u00e4ri: Valkoinen<\/li>\n<li>Materiaali: Keramiikka<\/li>\n<li>Altaan mitat: 91 x 39 x 18 cm (P x L x K)<\/li>\n<li>Keraamisen reunan paksuus: 4 cm<\/li>\n<li>Viem\u00e4riaukon halkaisija: 4,5 cm<\/li>\n<li>Sis\u00e4lt\u00e4\u00e4 ylivuotoaukon<\/li>\n<li>Hanalla<\/li>\n<li>Ty\u00f6nt\u00f6viem\u00e4ri ylivuototoiminnolla<\/li>\n<li><strong>Peili:<\/strong><\/li>\n<li>V\u00e4ri: Vanha puu<\/li>\n<li>Materiaali: Tekninen puu, akryyli<\/li>\n<li>Mitat: 90 x 1,5 x 37 cm (L x S x K)<\/li>\n<li>Asennus vaaditaan: Kyll\u00e4<\/li>\n<li><strong>Toimitus sis\u00e4lt\u00e4\u00e4:<\/strong><\/li>\n<li>1 x allaskaappi<\/li>\n<li>1 x Kylpyhuoneen kaappi (korkea)<\/li>\n<li>1 x Kylpyhuoneen kaappi (matala)<\/li>\n<li>1 x sis\u00e4\u00e4nrakennettu allas hanalla<\/li>\n<li>1 x peili<\/li>\n<\/ul>\n","protected":false},"excerpt":{"rendered":"<ul>\n<li><strong>Allaskaappi:<\/strong><\/li>\n<li>V\u00e4ri: Vanha puu<\/li>\n<li>Materiaali: Tekninen puu<\/li>\n<li>Mitat: 90 x 38,5 x 46 cm (L x S x K)<\/li>\n<li><strong>Kylpyhuoneen kaappi:<\/strong><\/li>\n<li>V\u00e4ri: Vanha puu<\/li>\n<li>Materiaali: Tekninen puu<\/li>\n<li>Kylpyhuoneen kaapin mitat (korkea): 30 x 30 x 130 cm (L x S x K)<\/li>\n<li>Kylpyhuoneen kaapin mitat (matala): 30 x 30 x 80 cm (L x S x K)<\/li>\n<li>Maksimikantavuus (kukin): 60 kg<\/li>\n<li><strong>Sis\u00e4\u00e4nrakennettu pesuallas:<\/strong><\/li>\n<li>V\u00e4ri: Valkoinen<\/li>\n<li>Materiaali: Keramiikka<\/li>\n<li>Altaan mitat: 91 x 39 x 18 cm (P x L x K)<\/li>\n<li>Keraamisen reunan paksuus: 4 cm<\/li>\n<li>Viem\u00e4riaukon halkaisija: 4,5 cm<\/li>\n<li>Sis\u00e4lt\u00e4\u00e4 ylivuotoaukon<\/li>\n<li>Hanalla<\/li>\n<li>Ty\u00f6nt\u00f6viem\u00e4ri ylivuototoiminnolla<\/li>\n<li><strong>Peili:<\/strong><\/li>\n<li>V\u00e4ri: Vanha puu<\/li>\n<li>Materiaali: Tekninen puu, akryyli<\/li>\n<li>Mitat: 90 x 1,5 x 37 cm (L x S x K)<\/li>\n<li>Asennus vaaditaan: Kyll\u00e4<\/li>\n<li><strong>Toimitus sis\u00e4lt\u00e4\u00e4:<\/strong><\/li>\n<li>1 x allaskaappi<\/li>\n<li>1 x Kylpyhuoneen kaappi (korkea)<\/li>\n<li>1 x Kylpyhuoneen kaappi (matala)<\/li>\n<li>1 x sis\u00e4\u00e4nrakennettu allas hanalla<\/li>\n<li>1 x peili<\/li>\n<\/ul>\n","protected":false},"featured_media":100000197675,"comment_status":"closed","ping_status":"closed","template":"","meta":[],"product_brand":[],"product_cat":[84,8560],"product_tag":[],"class_list":{"0":"post-197675","1":"product","2":"type-product","3":"status-publish","4":"has-post-thumbnail","6":"product_cat-huonekalut","7":"product_cat-kylpyhuoneen-kalusteet","9":"first","10":"instock","11":"taxable","12":"shipping-taxable","13":"purchasable","14":"product-type-simple"},"_links":{"self":[{"href":"https:\/\/www.otiumhome.fi\/index.php\/wp-json\/wp\/v2\/product\/197675","targetHints":{"allow":["GET"]}}],"collection":[{"href":"https:\/\/www.otiumhome.fi\/index.php\/wp-json\/wp\/v2\/product"}],"about":[{"href":"https:\/\/www.otiumhome.fi\/index.php\/wp-json\/wp\/v2\/types\/product"}],"replies":[{"embeddable":true,"href":"https:\/\/www.otiumhome.fi\/index.php\/wp-json\/wp\/v2\/comments?post=197675"}],"wp:featuredmedia":[{"embeddable":true,"href":"https:\/\/www.otiumhome.fi\/index.php\/wp-json\/"}],"wp:attachment":[{"href":"https:\/\/www.otiumhome.fi\/index.php\/wp-json\/wp\/v2\/media?parent=197675"}],"wp:term":[{"taxonomy":"product_brand","embeddable":true,"href":"https:\/\/www.otiumhome.fi\/index.php\/wp-json\/wp\/v2\/product_brand?post=197675"},{"taxonomy":"product_cat","embeddable":true,"href":"https:\/\/www.otiumhome.fi\/index.php\/wp-json\/wp\/v2\/product_cat?post=197675"},{"taxonomy":"product_tag","embeddable":true,"href":"https:\/\/www.otiumhome.fi\/index.php\/wp-json\/wp\/v2\/product_tag?post=197675"}],"curies":[{"name":"wp","href":"https:\/\/api.w.org\/{rel}","templated":true}]}}