{"id":197662,"date":"2025-12-04T06:00:28","date_gmt":"2025-12-04T06:00:28","guid":{"rendered":"https:\/\/www.otiumhome.fi\/?p=197662"},"modified":"2025-12-05T07:23:24","modified_gmt":"2025-12-05T07:23:24","slug":"rummun-muotoinen-jakkara-taysi-mangopuu","status":"publish","type":"product","link":"https:\/\/www.otiumhome.fi\/index.php\/tuote\/rummun-muotoinen-jakkara-taysi-mangopuu\/","title":{"rendered":"Rummun muotoinen jakkara t\u00e4ysi mangopuu"},"content":{"rendered":"<p>T\u00e4m\u00e4 t\u00e4yspuinen jakkara on tyylikk\u00e4\u00e4n rummun muotoinen. Siit\u00e4 tulee upea lis\u00e4 kotisi sisustukseen. Sit\u00e4 voidaan k\u00e4ytt\u00e4\u00e4 my\u00f6s sivup\u00f6yt\u00e4n\u00e4, kahvip\u00f6yt\u00e4n\u00e4 ja kukkatelineen\u00e4.<\/p>\n<\/p>\n<p>T\u00e4m\u00e4 jakkara on valmistettu t\u00e4ydest\u00e4 mangopuusta, joka on tihe\u00e4syinen ja lujatekoinen lehtipuu kauniilla ruskeilla tai kultaisilla raidoilla ja pintakuvioilla. Mangopuu on vakaata, kest\u00e4\u00e4 ja kaunista. Hieno k\u00e4sity\u00f6taito ja puunsyyt tekev\u00e4t jokaisesta huonekalusta erottuvan ja hieman erilaisen kuin muut. Jokainen valmistusprosessin vaihe suoritetaan eritt\u00e4in huolellisesti, olipa kyse sitten kiillotuksesta, maalauksesta tai lakkaamisesta.<\/p>\n<\/p>\n<p>T\u00e4rke\u00e4 huomio: V\u00e4rit saattavat vaihdella kappaleittain, tehden jokaisesta baarijakkarasta ainutlaatuisen. Toimitus on satunnainen. joten tuotteesi on t\u00e4ysin ainutlaatuinen.<\/p>\n<ul>\n<li>Materiaali: t\u00e4ysi mangopuu<\/li>\n<li>Mitat: 37 x 48 cm (Halkaisija x K)<\/li>\n<li>Istuimen leveys: 30 cm<\/li>\n<li>Istuimen syvyys: 30 cm<\/li>\n<li>Hiottu, maalattu ja lakattu<\/li>\n<\/ul>\n","protected":false},"excerpt":{"rendered":"<ul>\n<li>Materiaali: t\u00e4ysi mangopuu<\/li>\n<li>Mitat: 37 x 48 cm (Halkaisija x K)<\/li>\n<li>Istuimen leveys: 30 cm<\/li>\n<li>Istuimen syvyys: 30 cm<\/li>\n<li>Hiottu, maalattu ja lakattu<\/li>\n<\/ul>\n","protected":false},"featured_media":100000197662,"comment_status":"closed","ping_status":"closed","template":"","meta":[],"product_brand":[],"product_cat":[84,8558],"product_tag":[],"class_list":{"0":"post-197662","1":"product","2":"type-product","3":"status-publish","4":"has-post-thumbnail","6":"product_cat-huonekalut","7":"product_cat-kokoontaitettavat-tuolit-jakkarat","9":"first","10":"instock","11":"taxable","12":"shipping-taxable","13":"purchasable","14":"product-type-simple"},"_links":{"self":[{"href":"https:\/\/www.otiumhome.fi\/index.php\/wp-json\/wp\/v2\/product\/197662","targetHints":{"allow":["GET"]}}],"collection":[{"href":"https:\/\/www.otiumhome.fi\/index.php\/wp-json\/wp\/v2\/product"}],"about":[{"href":"https:\/\/www.otiumhome.fi\/index.php\/wp-json\/wp\/v2\/types\/product"}],"replies":[{"embeddable":true,"href":"https:\/\/www.otiumhome.fi\/index.php\/wp-json\/wp\/v2\/comments?post=197662"}],"wp:featuredmedia":[{"embeddable":true,"href":"https:\/\/www.otiumhome.fi\/index.php\/wp-json\/"}],"wp:attachment":[{"href":"https:\/\/www.otiumhome.fi\/index.php\/wp-json\/wp\/v2\/media?parent=197662"}],"wp:term":[{"taxonomy":"product_brand","embeddable":true,"href":"https:\/\/www.otiumhome.fi\/index.php\/wp-json\/wp\/v2\/product_brand?post=197662"},{"taxonomy":"product_cat","embeddable":true,"href":"https:\/\/www.otiumhome.fi\/index.php\/wp-json\/wp\/v2\/product_cat?post=197662"},{"taxonomy":"product_tag","embeddable":true,"href":"https:\/\/www.otiumhome.fi\/index.php\/wp-json\/wp\/v2\/product_tag?post=197662"}],"curies":[{"name":"wp","href":"https:\/\/api.w.org\/{rel}","templated":true}]}}