{"id":197626,"date":"2025-12-04T04:49:29","date_gmt":"2025-12-04T04:49:29","guid":{"rendered":"https:\/\/www.otiumhome.fi\/?p=197626"},"modified":"2025-12-05T07:45:39","modified_gmt":"2025-12-05T07:45:39","slug":"baaripoyta-120x58x107-cm-karkea-mangopuu","status":"publish","type":"product","link":"https:\/\/www.otiumhome.fi\/index.php\/tuote\/baaripoyta-120x58x107-cm-karkea-mangopuu\/","title":{"rendered":"Baarip\u00f6yt\u00e4 120x58x107 cm karkea mangopuu"},"content":{"rendered":"<p>Teollistyylinen, puinen baarip\u00f6yt\u00e4mme on erottuva lis\u00e4 keitti\u00f6\u00f6si tai ruokailutilaasi.<\/p>\n<\/p>\n<p>Baarip\u00f6yt\u00e4 on valmistettu karkeasta mangopuusta, joka on hyvin painoa kantava trooppinen kovapuu. Se kest\u00e4\u00e4 my\u00f6s ajan tuomaa kulumista, joten se on vakaa ja kest\u00e4v\u00e4. K\u00e4sity\u00f6n j\u00e4lki ja kauniit puun pintakuviot tekev\u00e4t jokaisesta huonekalusta ainutlaatuisen ja hieman toisistaan eroavan. Lis\u00e4ksi jauhemaalatut rautajalat tarjoavat p\u00f6yd\u00e4lle lis\u00e4\u00e4 vakautta.<\/p>\n<\/p>\n<p>T\u00e4rke\u00e4 huomio: V\u00e4rit vaihtelevat kappaleittain, tehden jokaisesta kappaleesta ainutlaatuisen. Toimitus on sattumanvarainen.<\/p>\n<ul>\n<li>V\u00e4ri: ruskea ja musta<\/li>\n<li>Materiaali: karkea mangopuu luonnollisella viimeistelyll\u00e4, rauta<\/li>\n<li>Mitat: 120 x 58 x 107 cm (P x L x K)<\/li>\n<li>Asennus vaaditaan: kyll\u00e4<\/li>\n<\/ul>\n","protected":false},"excerpt":{"rendered":"<ul>\n<li>V\u00e4ri: ruskea ja musta<\/li>\n<li>Materiaali: karkea mangopuu luonnollisella viimeistelyll\u00e4, rauta<\/li>\n<li>Mitat: 120 x 58 x 107 cm (P x L x K)<\/li>\n<li>Asennus vaaditaan: kyll\u00e4<\/li>\n<\/ul>\n","protected":false},"featured_media":100000197626,"comment_status":"closed","ping_status":"closed","template":"","meta":[],"product_brand":[],"product_cat":[84,8543],"product_tag":[],"class_list":{"0":"post-197626","1":"product","2":"type-product","3":"status-publish","4":"has-post-thumbnail","6":"product_cat-huonekalut","7":"product_cat-keittion-ruokapoydat","9":"first","10":"instock","11":"taxable","12":"shipping-taxable","13":"purchasable","14":"product-type-simple"},"_links":{"self":[{"href":"https:\/\/www.otiumhome.fi\/index.php\/wp-json\/wp\/v2\/product\/197626","targetHints":{"allow":["GET"]}}],"collection":[{"href":"https:\/\/www.otiumhome.fi\/index.php\/wp-json\/wp\/v2\/product"}],"about":[{"href":"https:\/\/www.otiumhome.fi\/index.php\/wp-json\/wp\/v2\/types\/product"}],"replies":[{"embeddable":true,"href":"https:\/\/www.otiumhome.fi\/index.php\/wp-json\/wp\/v2\/comments?post=197626"}],"wp:featuredmedia":[{"embeddable":true,"href":"https:\/\/www.otiumhome.fi\/index.php\/wp-json\/"}],"wp:attachment":[{"href":"https:\/\/www.otiumhome.fi\/index.php\/wp-json\/wp\/v2\/media?parent=197626"}],"wp:term":[{"taxonomy":"product_brand","embeddable":true,"href":"https:\/\/www.otiumhome.fi\/index.php\/wp-json\/wp\/v2\/product_brand?post=197626"},{"taxonomy":"product_cat","embeddable":true,"href":"https:\/\/www.otiumhome.fi\/index.php\/wp-json\/wp\/v2\/product_cat?post=197626"},{"taxonomy":"product_tag","embeddable":true,"href":"https:\/\/www.otiumhome.fi\/index.php\/wp-json\/wp\/v2\/product_tag?post=197626"}],"curies":[{"name":"wp","href":"https:\/\/api.w.org\/{rel}","templated":true}]}}