{"id":197624,"date":"2025-12-04T04:41:51","date_gmt":"2025-12-04T04:41:51","guid":{"rendered":"https:\/\/www.otiumhome.fi\/?p=197624"},"modified":"2025-12-05T00:17:17","modified_gmt":"2025-12-05T00:17:17","slug":"vaatekaappi-alta-valkoinen-90x55x170-cm-taysi-manty","status":"publish","type":"product","link":"https:\/\/www.otiumhome.fi\/index.php\/tuote\/vaatekaappi-alta-valkoinen-90x55x170-cm-taysi-manty\/","title":{"rendered":"Vaatekaappi ALTA valkoinen 90x55x170 cm t\u00e4ysi m\u00e4nty"},"content":{"rendered":"<p>T\u00e4m\u00e4 klassinen puinen vaatekaappi tarjoaa runsaasti tilaa vaatteidesi, kenkiesi ja asusteidesi siistiss\u00e4 j\u00e4rjestyksess\u00e4 pit\u00e4miseen.<\/p>\n<\/p>\n<ul>\n<li>T\u00e4ysi m\u00e4nty: T\u00e4ysi m\u00e4nty on kaunis luonnonmateriaali, jolla on suorat puunsyyt. Sen oksanpaikat antavat materiaalille sen ominaisen rustiikkisen ilmeen. T\u00e4ydest\u00e4 m\u00e4nnyst\u00e4 valmistettu s\u00e4ilytyskaappi on kest\u00e4v\u00e4 ja tukeva.<\/li>\n<li>Runsaasti s\u00e4ilytystilaa: Kaapissa on kisko vaatteiden ripustamista varten ja kaksi laatikkoa lis\u00e4s\u00e4ilytystilaa varten.<\/li>\n<li>Puunupit: Vaatekaapissa on puunupit, jotka tekev\u00e4t kaapin avaamisesta ja sulkemisesta helppoa ja lis\u00e4\u00e4v\u00e4t samalla sen kauneutta.<\/li>\n<\/ul>\n<p>Varoitus:<\/p>\n<ul>\n<li>Kaatumisen est\u00e4miseksi on t\u00e4t\u00e4 tuotetta k\u00e4ytett\u00e4v\u00e4 mukana toimitettavan sein\u00e4kiinnityslaitteen kanssa.<\/li>\n<\/ul>\n<ul>\n<li>V\u00e4ri: Valkoinen<\/li>\n<li>Materiaali: t\u00e4ysi m\u00e4nty<\/li>\n<li>Mitat: 90 x 55 x 170 cm (L x S x K)<\/li>\n<li>Laatikon ulkomitat: 85 x 24 cm (P x L)<\/li>\n<li>Laatikon sis\u00e4mitat: 80 x 40 x 20 cm (L x S x K)<\/li>\n<li>Oven koko: 42 x 111 cm (P x L)<\/li>\n<li>Valikoima: ALTA<\/li>\n<li>Asennus vaaditaan: Kyll\u00e4<\/li>\n<li>Legal Documents:\n<p><span>Lis\u00e4tietoja huonekalujesi kaatumisen est\u00e4misest\u00e4 voit l\u00f6yt\u00e4\u00e4 <span style=\"text-decoration: underline\"><strong><a title=\"https:\/\/bit.ly\/3bVwkQp\" href=\"https:\/\/bit.ly\/3bVwkQp\" target=\"_blank\">t\u00e4\u00e4lt\u00e4<\/a><\/strong><\/span><\/span><\/p>\n<\/li>\n<\/ul>\n","protected":false},"excerpt":{"rendered":"<ul>\n<li>V\u00e4ri: Valkoinen<\/li>\n<li>Materiaali: t\u00e4ysi m\u00e4nty<\/li>\n<li>Mitat: 90 x 55 x 170 cm (L x S x K)<\/li>\n<li>Laatikon ulkomitat: 85 x 24 cm (P x L)<\/li>\n<li>Laatikon sis\u00e4mitat: 80 x 40 x 20 cm (L x S x K)<\/li>\n<li>Oven koko: 42 x 111 cm (P x L)<\/li>\n<li>Valikoima: ALTA<\/li>\n<li>Asennus vaaditaan: Kyll\u00e4<\/li>\n<li>Legal Documents:\n<p><span>Lis\u00e4tietoja huonekalujesi kaatumisen est\u00e4misest\u00e4 voit l\u00f6yt\u00e4\u00e4 <span style=\"text-decoration: underline\"><strong><a title=\"https:\/\/bit.ly\/3bVwkQp\" href=\"https:\/\/bit.ly\/3bVwkQp\" target=\"_blank\">t\u00e4\u00e4lt\u00e4<\/a><\/strong><\/span><\/span><\/p>\n<\/li>\n<\/ul>\n","protected":false},"featured_media":100000197624,"comment_status":"closed","ping_status":"closed","template":"","meta":[],"product_brand":[],"product_cat":[84,8539],"product_tag":[],"class_list":{"0":"post-197624","1":"product","2":"type-product","3":"status-publish","4":"has-post-thumbnail","6":"product_cat-huonekalut","7":"product_cat-kaapit-vaatekaapit","9":"first","10":"instock","11":"taxable","12":"shipping-taxable","13":"purchasable","14":"product-type-simple"},"_links":{"self":[{"href":"https:\/\/www.otiumhome.fi\/index.php\/wp-json\/wp\/v2\/product\/197624","targetHints":{"allow":["GET"]}}],"collection":[{"href":"https:\/\/www.otiumhome.fi\/index.php\/wp-json\/wp\/v2\/product"}],"about":[{"href":"https:\/\/www.otiumhome.fi\/index.php\/wp-json\/wp\/v2\/types\/product"}],"replies":[{"embeddable":true,"href":"https:\/\/www.otiumhome.fi\/index.php\/wp-json\/wp\/v2\/comments?post=197624"}],"wp:featuredmedia":[{"embeddable":true,"href":"https:\/\/www.otiumhome.fi\/index.php\/wp-json\/"}],"wp:attachment":[{"href":"https:\/\/www.otiumhome.fi\/index.php\/wp-json\/wp\/v2\/media?parent=197624"}],"wp:term":[{"taxonomy":"product_brand","embeddable":true,"href":"https:\/\/www.otiumhome.fi\/index.php\/wp-json\/wp\/v2\/product_brand?post=197624"},{"taxonomy":"product_cat","embeddable":true,"href":"https:\/\/www.otiumhome.fi\/index.php\/wp-json\/wp\/v2\/product_cat?post=197624"},{"taxonomy":"product_tag","embeddable":true,"href":"https:\/\/www.otiumhome.fi\/index.php\/wp-json\/wp\/v2\/product_tag?post=197624"}],"curies":[{"name":"wp","href":"https:\/\/api.w.org\/{rel}","templated":true}]}}