{"id":197623,"date":"2025-12-04T04:41:47","date_gmt":"2025-12-04T04:41:47","guid":{"rendered":"https:\/\/www.otiumhome.fi\/?p=197623"},"modified":"2025-12-14T04:51:29","modified_gmt":"2025-12-14T04:51:29","slug":"sailytyskaappi-hyllylla-luonnollinen-65-x-30-x-75-cm-tiikkipuu","status":"publish","type":"product","link":"https:\/\/www.otiumhome.fi\/index.php\/tuote\/sailytyskaappi-hyllylla-luonnollinen-65-x-30-x-75-cm-tiikkipuu\/","title":{"rendered":"S\u00e4ilytyskaappi hyllyll\u00e4 Luonnollinen 65 x 30 x 75 cm Tiikkipuu"},"content":{"rendered":"<p>T\u00e4m\u00e4 s\u00e4ilytyskaappi on tyylik\u00e4s vintage-esine, joka parantaa mit\u00e4 tahansa huonetta. Massiivisesta tiikkipuusta valmistettu kaapin ainutlaatuinen luonnollinen puusyy tuo erilaista estetiikkaa, joka sopii loistavasti olo- ja ruokasaleihin. Suorakaiteen muotoinen ja kompakti koko tekev\u00e4t siit\u00e4 t\u00e4ydellisen valinnan s\u00e4ilytysratkaisuksi, joka sulautuu vaivatta moderniin tai klassiseen sisustukseen.<\/p>\n<ul>\n<li><b>Materiaalit:<\/b> T\u00e4ysin massiivista tiikkipuuta, t\u00e4m\u00e4 s\u00e4ilytysyksikk\u00f6 takaa pitk\u00e4ik\u00e4isyyden ja kauniin ilmeen. Sen luonnollinen ruskea s\u00e4vy sopii moniin sisustuksiin, ja k\u00e4sin viimeistelty pinta korostaa puukuvioita, mik\u00e4 lis\u00e4\u00e4 vieh\u00e4tyst\u00e4. Kaappi on tukeva ja kest\u00e4\u00e4 p\u00e4ivitt\u00e4ist\u00e4 k\u00e4ytt\u00f6\u00e4 samalla s\u00e4ilytt\u00e4en eleganssinsa.<\/li>\n<li><b>Sis\u00e4lt\u00e4\u00e4 osat:<\/b> Massiiviset puuovet ja perinteiset laatikot tekev\u00e4t esineiden saamisesta vaivatonta. K\u00e4yt\u00f6ss\u00e4si on kuppivetimet, jotka lis\u00e4\u00e4v\u00e4t vintage-tyyli\u00e4. Sis\u00e4ll\u00e4 on runsaasti hyllytilaa kaikille tarpeellisille esineille, kuten astiastoille ja koristeille.<\/li>\n<li><b>Ominaisuudet \/ Toiminta \/ Suunnittelu:<\/b> T\u00e4m\u00e4 yksikk\u00f6 tarjoaa pitk\u00e4ik\u00e4isyytt\u00e4 ja runsaasti s\u00e4ilytysratkaa, t\u00e4ydellinen j\u00e4rjest\u00e4miseen ilman tilan ylikuormitusta. Kompaktin koon vuoksi se on mainio pieniin huoneisiin. Huonekalun k\u00e4sity\u00f6taidot luovat uniikin ilmeen, tehden jokaisesta yksil\u00f6st\u00e4 erityisen.<\/li>\n<li><b>Suositellut k\u00e4yt\u00f6t:<\/b> Olohuoneeseen tai ruokasaliin sopiva kaappi on t\u00e4ydellinen kauniiden esineiden n\u00e4ytt\u00e4miseen ja p\u00e4ivitt\u00e4isten tarvikkeiden s\u00e4ilytt\u00e4miseen. Sen monipuolisuus tekee siit\u00e4 upean lis\u00e4n koteihin, jotka arvostavat sek\u00e4 estetiikkaa ett\u00e4 k\u00e4yt\u00e4nn\u00f6llisyytt\u00e4. Aseta se mukavaan nurkkaan kauniin maton p\u00e4\u00e4lle, niin vintage-vivahteet korostuvat.<\/li>\n<li><b>Hoito &amp; Yll\u00e4pito:<\/b> S\u00e4ilyt\u00e4 kaapin kaunis ulkon\u00e4k\u00f6 v\u00e4ltt\u00e4m\u00e4ll\u00e4 hankaavia puhdistusaineita. Yksinkertainen kostea liina riitt\u00e4\u00e4 s\u00e4\u00e4nn\u00f6lliseen puhdistukseen, ja satunnainen kiillotus pit\u00e4\u00e4 sen kiilt\u00e4v\u00e4n\u00e4. Pid\u00e4 kaappi poissa suorasta auringonvalosta tai kosteista paikoista, niin k\u00e4ytt\u00f6ik\u00e4 on pidempi.<\/li>\n<\/ul>\n<ul>\n<li>V\u00e4ri: Luonnollinen<\/li>\n<li>Materiaali: Tiikkipuu<\/li>\n<li>Yleiset mitat: 65 x 30 x 75 cm (P x L x K)<\/li>\n<li>Paino: 23,4 kg<\/li>\n<li>Kest\u00e4v\u00e4<\/li>\n<li>Runsaasti s\u00e4ilytystilaa<\/li>\n<li>K\u00e4sintehty &amp; ainutlaatuinen luonnollinen syy<\/li>\n<li>Komakti koko, tilaa s\u00e4\u00e4st\u00e4v\u00e4<\/li>\n<li>2 laatikoilla<\/li>\n<li>2 hyllyill\u00e4<\/li>\n<li>Kehysmateriaali: T\u00e4ysi tiikki<\/li>\n<li>Mukana 2 lujat puukayt<\/li>\n<li>Enimm\u00e4ispaino: 7 kg per laatikko<\/li>\n<li>Vain sis\u00e4k\u00e4ytt\u00f6\u00f6n<\/li>\n<li>Toimitus-:<\/li>\n<li>1 x S\u00e4ilytyskaappi<\/li>\n<li>Kokoonpano vaaditaan: Kyll\u00e4<\/li>\n<\/ul>\n","protected":false},"excerpt":{"rendered":"<ul>\n<li>V\u00e4ri: Luonnollinen<\/li>\n<li>Materiaali: Tiikkipuu<\/li>\n<li>Yleiset mitat: 65 x 30 x 75 cm (P x L x K)<\/li>\n<li>Paino: 23,4 kg<\/li>\n<li>Kest\u00e4v\u00e4<\/li>\n<li>Runsaasti s\u00e4ilytystilaa<\/li>\n<li>K\u00e4sintehty &amp; ainutlaatuinen luonnollinen syy<\/li>\n<li>Komakti koko, tilaa s\u00e4\u00e4st\u00e4v\u00e4<\/li>\n<li>2 laatikoilla<\/li>\n<li>2 hyllyill\u00e4<\/li>\n<li>Kehysmateriaali: T\u00e4ysi tiikki<\/li>\n<li>Mukana 2 lujat puukayt<\/li>\n<li>Enimm\u00e4ispaino: 7 kg per laatikko<\/li>\n<li>Vain sis\u00e4k\u00e4ytt\u00f6\u00f6n<\/li>\n<li>Toimitus-:<\/li>\n<li>1 x S\u00e4ilytyskaappi<\/li>\n<li>Kokoonpano vaaditaan: Kyll\u00e4<\/li>\n<\/ul>\n","protected":false},"featured_media":100000197623,"comment_status":"closed","ping_status":"closed","template":"","meta":[],"product_brand":[],"product_cat":[84],"product_tag":[],"class_list":{"0":"post-197623","1":"product","2":"type-product","3":"status-publish","4":"has-post-thumbnail","6":"product_cat-huonekalut","8":"first","9":"instock","10":"taxable","11":"shipping-taxable","12":"purchasable","13":"product-type-simple"},"_links":{"self":[{"href":"https:\/\/www.otiumhome.fi\/index.php\/wp-json\/wp\/v2\/product\/197623","targetHints":{"allow":["GET"]}}],"collection":[{"href":"https:\/\/www.otiumhome.fi\/index.php\/wp-json\/wp\/v2\/product"}],"about":[{"href":"https:\/\/www.otiumhome.fi\/index.php\/wp-json\/wp\/v2\/types\/product"}],"replies":[{"embeddable":true,"href":"https:\/\/www.otiumhome.fi\/index.php\/wp-json\/wp\/v2\/comments?post=197623"}],"wp:featuredmedia":[{"embeddable":true,"href":"https:\/\/www.otiumhome.fi\/index.php\/wp-json\/"}],"wp:attachment":[{"href":"https:\/\/www.otiumhome.fi\/index.php\/wp-json\/wp\/v2\/media?parent=197623"}],"wp:term":[{"taxonomy":"product_brand","embeddable":true,"href":"https:\/\/www.otiumhome.fi\/index.php\/wp-json\/wp\/v2\/product_brand?post=197623"},{"taxonomy":"product_cat","embeddable":true,"href":"https:\/\/www.otiumhome.fi\/index.php\/wp-json\/wp\/v2\/product_cat?post=197623"},{"taxonomy":"product_tag","embeddable":true,"href":"https:\/\/www.otiumhome.fi\/index.php\/wp-json\/wp\/v2\/product_tag?post=197623"}],"curies":[{"name":"wp","href":"https:\/\/api.w.org\/{rel}","templated":true}]}}