{"id":197619,"date":"2025-12-04T04:04:03","date_gmt":"2025-12-04T04:04:03","guid":{"rendered":"https:\/\/www.otiumhome.fi\/?p=197619"},"modified":"2025-12-04T20:48:14","modified_gmt":"2025-12-04T20:48:14","slug":"sailytyspenkki-barokkityyli-mdf-valkoinen","status":"publish","type":"product","link":"https:\/\/www.otiumhome.fi\/index.php\/tuote\/sailytyspenkki-barokkityyli-mdf-valkoinen\/","title":{"rendered":"S\u00e4ilytyspenkki Barokkityyli MDF Valkoinen"},"content":{"rendered":"<p>T\u00e4m\u00e4 barokkityylinen s\u00e4ilytyspenkki sopii sek\u00e4 istumiseen ett\u00e4 varastointiin ja on varmasti katseenvangitsija kotisi sisustuksessa. Se sopii my\u00f6s k\u00e4ytett\u00e4v\u00e4ksi s\u00e4ilytysarkkuna.<\/p>\n<\/p>\n<p>S\u00e4ilytyspenkki on helposti avattavissa ja sen sis\u00e4ll\u00e4 on suuri s\u00e4ilytystila tavaroillesi. Sen piilev\u00e4 s\u00e4ilytystila tekee siit\u00e4 k\u00e4yt\u00e4nn\u00f6llisen haittaamatta sen tyylik\u00e4st\u00e4 ulkon\u00e4k\u00f6\u00e4. Korkealaatuisesta MDF:st\u00e4 tehty s\u00e4ilytyspenkki on kest\u00e4v\u00e4.<\/p>\n<ul>\n<li>V\u00e4ri: valkoinen<\/li>\n<li>Materiaali: MDF<\/li>\n<li>Koko: 96 x 32 x 51 cm (P x L x K)<\/li>\n<li>Alla on suuri s\u00e4ilytystila<\/li>\n<li>Sopii my\u00f6s k\u00e4ytett\u00e4v\u00e4ksi s\u00e4ilytysarkkuna<\/li>\n<\/ul>\n","protected":false},"excerpt":{"rendered":"<ul>\n<li>V\u00e4ri: valkoinen<\/li>\n<li>Materiaali: MDF<\/li>\n<li>Koko: 96 x 32 x 51 cm (P x L x K)<\/li>\n<li>Alla on suuri s\u00e4ilytystila<\/li>\n<li>Sopii my\u00f6s k\u00e4ytett\u00e4v\u00e4ksi s\u00e4ilytysarkkuna<\/li>\n<\/ul>\n","protected":false},"featured_media":100000197619,"comment_status":"closed","ping_status":"closed","template":"","meta":[],"product_brand":[],"product_cat":[8538,84],"product_tag":[],"class_list":{"0":"post-197619","1":"product","2":"type-product","3":"status-publish","4":"has-post-thumbnail","6":"product_cat-eteis-sailytyspenkit","7":"product_cat-huonekalut","9":"first","10":"instock","11":"taxable","12":"shipping-taxable","13":"purchasable","14":"product-type-simple"},"_links":{"self":[{"href":"https:\/\/www.otiumhome.fi\/index.php\/wp-json\/wp\/v2\/product\/197619","targetHints":{"allow":["GET"]}}],"collection":[{"href":"https:\/\/www.otiumhome.fi\/index.php\/wp-json\/wp\/v2\/product"}],"about":[{"href":"https:\/\/www.otiumhome.fi\/index.php\/wp-json\/wp\/v2\/types\/product"}],"replies":[{"embeddable":true,"href":"https:\/\/www.otiumhome.fi\/index.php\/wp-json\/wp\/v2\/comments?post=197619"}],"wp:featuredmedia":[{"embeddable":true,"href":"https:\/\/www.otiumhome.fi\/index.php\/wp-json\/"}],"wp:attachment":[{"href":"https:\/\/www.otiumhome.fi\/index.php\/wp-json\/wp\/v2\/media?parent=197619"}],"wp:term":[{"taxonomy":"product_brand","embeddable":true,"href":"https:\/\/www.otiumhome.fi\/index.php\/wp-json\/wp\/v2\/product_brand?post=197619"},{"taxonomy":"product_cat","embeddable":true,"href":"https:\/\/www.otiumhome.fi\/index.php\/wp-json\/wp\/v2\/product_cat?post=197619"},{"taxonomy":"product_tag","embeddable":true,"href":"https:\/\/www.otiumhome.fi\/index.php\/wp-json\/wp\/v2\/product_tag?post=197619"}],"curies":[{"name":"wp","href":"https:\/\/api.w.org\/{rel}","templated":true}]}}