{"id":197618,"date":"2025-12-04T03:49:55","date_gmt":"2025-12-04T03:49:55","guid":{"rendered":"https:\/\/www.otiumhome.fi\/?p=197618"},"modified":"2025-12-14T04:45:11","modified_gmt":"2025-12-14T04:45:11","slug":"sailytyspenkki-betoninharmaa-82x42x46-cm-tekninen-puu","status":"publish","type":"product","link":"https:\/\/www.otiumhome.fi\/index.php\/tuote\/sailytyspenkki-betoninharmaa-82x42x46-cm-tekninen-puu\/","title":{"rendered":"S\u00e4ilytyspenkki betoninharmaa 82x42x46 cm tekninen puu"},"content":{"rendered":"<p>T\u00e4m\u00e4 s\u00e4ilytyspenkki on suunniteltu sek\u00e4 istumiseen ett\u00e4 s\u00e4ilytykseen. Se on taattu katseiden vangitsija kotisi sisustuksessa.<\/p>\n<\/p>\n<ul>\n<li>Tukeva rakenne: Tekninen puu on poikkeuksellisen laadukasta ja sile\u00e4pintaista. Se on luja, vakaa ja kosteudelle vastustuskykyinen. Penkin puinen runko takaa my\u00f6s tukevuuden ja vakauden.<\/li>\n<li>Runsaasti s\u00e4ilytystilaa: Eteisen penkiss\u00e4 on suuri s\u00e4ilytystila vaatteiden, lelujen, tyynyjen, kirjojen tai muiden henkil\u00f6kohtaisten tavaroiden j\u00e4rjest\u00e4miseen.<\/li>\n<li>Mukava istuin: Koe \u00e4\u00e4rimm\u00e4ist\u00e4 mukavuutta istuessasi integroidulla paksusti pehmustetulla istuintyynyll\u00e4.<\/li>\n<li>Vakaat saranat: Tukisaranat ovat riitt\u00e4v\u00e4n lujat, jotta kansi voidaan j\u00e4tt\u00e4\u00e4 auki antaen sinulle vapaat k\u00e4det tavaroiden siivoamiseen.<\/li>\n<li>Monipuolinen k\u00e4ytt\u00f6: Penkki sopii t\u00e4ydellisesti eteisen kenk\u00e4penkiksi, tai olohuoneen s\u00e4ilytyspenkiksi.<\/li>\n<\/ul>\n<ul>\n<li><strong>Penkki:<\/strong><\/li>\n<li>V\u00e4ri: Betoninharmaa<\/li>\n<li>Materiaali: Tekninen puu, t\u00e4ysi eukalyptuspuu<\/li>\n<li>Kokonaismitat (tyynyn kanssa): 82 x 42 x 46 cm (P x L x K)<\/li>\n<li>Enimm\u00e4iskantavuus: 110 kg<\/li>\n<li><strong>Tyyny:<\/strong><\/li>\n<li>V\u00e4ri: tummanharmaa<\/li>\n<li>Materiaali: kangas (100 % polyesteri) <\/li>\n<li>T\u00e4ytemateriaali: vaahtomuovi<\/li>\n<li>Mitat: 80 x 40 x 5 cm (P x L x Paks.)<\/li>\n<li>Asennus vaaditaan: Kyll\u00e4<\/li>\n<\/ul>\n","protected":false},"excerpt":{"rendered":"<ul>\n<li><strong>Penkki:<\/strong><\/li>\n<li>V\u00e4ri: Betoninharmaa<\/li>\n<li>Materiaali: Tekninen puu, t\u00e4ysi eukalyptuspuu<\/li>\n<li>Kokonaismitat (tyynyn kanssa): 82 x 42 x 46 cm (P x L x K)<\/li>\n<li>Enimm\u00e4iskantavuus: 110 kg<\/li>\n<li><strong>Tyyny:<\/strong><\/li>\n<li>V\u00e4ri: tummanharmaa<\/li>\n<li>Materiaali: kangas (100 % polyesteri) <\/li>\n<li>T\u00e4ytemateriaali: vaahtomuovi<\/li>\n<li>Mitat: 80 x 40 x 5 cm (P x L x Paks.)<\/li>\n<li>Asennus vaaditaan: Kyll\u00e4<\/li>\n<\/ul>\n","protected":false},"featured_media":100000197618,"comment_status":"closed","ping_status":"closed","template":"","meta":[],"product_brand":[],"product_cat":[8538,84],"product_tag":[],"class_list":{"0":"post-197618","1":"product","2":"type-product","3":"status-publish","4":"has-post-thumbnail","6":"product_cat-eteis-sailytyspenkit","7":"product_cat-huonekalut","9":"first","10":"outofstock","11":"taxable","12":"shipping-taxable","13":"purchasable","14":"product-type-simple"},"_links":{"self":[{"href":"https:\/\/www.otiumhome.fi\/index.php\/wp-json\/wp\/v2\/product\/197618","targetHints":{"allow":["GET"]}}],"collection":[{"href":"https:\/\/www.otiumhome.fi\/index.php\/wp-json\/wp\/v2\/product"}],"about":[{"href":"https:\/\/www.otiumhome.fi\/index.php\/wp-json\/wp\/v2\/types\/product"}],"replies":[{"embeddable":true,"href":"https:\/\/www.otiumhome.fi\/index.php\/wp-json\/wp\/v2\/comments?post=197618"}],"wp:featuredmedia":[{"embeddable":true,"href":"https:\/\/www.otiumhome.fi\/index.php\/wp-json\/"}],"wp:attachment":[{"href":"https:\/\/www.otiumhome.fi\/index.php\/wp-json\/wp\/v2\/media?parent=197618"}],"wp:term":[{"taxonomy":"product_brand","embeddable":true,"href":"https:\/\/www.otiumhome.fi\/index.php\/wp-json\/wp\/v2\/product_brand?post=197618"},{"taxonomy":"product_cat","embeddable":true,"href":"https:\/\/www.otiumhome.fi\/index.php\/wp-json\/wp\/v2\/product_cat?post=197618"},{"taxonomy":"product_tag","embeddable":true,"href":"https:\/\/www.otiumhome.fi\/index.php\/wp-json\/wp\/v2\/product_tag?post=197618"}],"curies":[{"name":"wp","href":"https:\/\/api.w.org\/{rel}","templated":true}]}}