{"id":197614,"date":"2025-11-29T15:42:21","date_gmt":"2025-11-29T15:42:21","guid":{"rendered":"https:\/\/www.otiumhome.fi\/?p=197614"},"modified":"2025-11-29T18:56:48","modified_gmt":"2025-11-29T18:56:48","slug":"viinipulloteline-5-pullolle-taysi-mangopuu","status":"publish","type":"product","link":"https:\/\/www.otiumhome.fi\/index.php\/tuote\/viinipulloteline-5-pullolle-taysi-mangopuu\/","title":{"rendered":"Viinipulloteline 5 pullolle t\u00e4ysi mangopuu"},"content":{"rendered":"<p>Etsitk\u00f6 yh\u00e4 erityisen tyylik\u00e4st\u00e4 ja ep\u00e4tavanomaista tapaa s\u00e4ilytt\u00e4\u00e4 lempiviinisi? T\u00e4m\u00e4 puinen viinipulloteline on juuri oikea valinta t\u00e4h\u00e4n tarkoitukseen!<\/p>\n<\/p>\n<p>T\u00e4m\u00e4 vakaa ja kest\u00e4v\u00e4 viinipulloteline on valmistettu t\u00e4ydest\u00e4 mangopuusta, trooppisesta lehtipuusta, jolla on kyky\u00e4 kantaa painoa ja siet\u00e4\u00e4 ajan patinaa. Viinipullotelineeseen mahtuu jopa viisi pulloa viini\u00e4. Kukin hylly on ainutlaatuinen puun pintakuvion muotojen vuoksi. Teline toimii my\u00f6s sein\u00e4koristeena.<\/p>\n<ul>\n<li>Materiaali: luonnollisesti viimeistelty mangopuu<\/li>\n<li>Mitat: 18 x 15 x 70 cm (L x S x K)<\/li>\n<li>Tilaa 5 viinipullolle<\/li>\n<\/ul>\n","protected":false},"excerpt":{"rendered":"<ul>\n<li>Materiaali: luonnollisesti viimeistelty mangopuu<\/li>\n<li>Mitat: 18 x 15 x 70 cm (L x S x K)<\/li>\n<li>Tilaa 5 viinipullolle<\/li>\n<\/ul>\n","protected":false},"featured_media":100000197614,"comment_status":"closed","ping_status":"closed","template":"","meta":[],"product_brand":[],"product_cat":[84,8662],"product_tag":[],"class_list":{"0":"post-197614","1":"product","2":"type-product","3":"status-publish","4":"has-post-thumbnail","6":"product_cat-huonekalut","7":"product_cat-viinitelineet","9":"first","10":"instock","11":"taxable","12":"shipping-taxable","13":"purchasable","14":"product-type-simple"},"_links":{"self":[{"href":"https:\/\/www.otiumhome.fi\/index.php\/wp-json\/wp\/v2\/product\/197614","targetHints":{"allow":["GET"]}}],"collection":[{"href":"https:\/\/www.otiumhome.fi\/index.php\/wp-json\/wp\/v2\/product"}],"about":[{"href":"https:\/\/www.otiumhome.fi\/index.php\/wp-json\/wp\/v2\/types\/product"}],"replies":[{"embeddable":true,"href":"https:\/\/www.otiumhome.fi\/index.php\/wp-json\/wp\/v2\/comments?post=197614"}],"wp:featuredmedia":[{"embeddable":true,"href":"https:\/\/www.otiumhome.fi\/index.php\/wp-json\/"}],"wp:attachment":[{"href":"https:\/\/www.otiumhome.fi\/index.php\/wp-json\/wp\/v2\/media?parent=197614"}],"wp:term":[{"taxonomy":"product_brand","embeddable":true,"href":"https:\/\/www.otiumhome.fi\/index.php\/wp-json\/wp\/v2\/product_brand?post=197614"},{"taxonomy":"product_cat","embeddable":true,"href":"https:\/\/www.otiumhome.fi\/index.php\/wp-json\/wp\/v2\/product_cat?post=197614"},{"taxonomy":"product_tag","embeddable":true,"href":"https:\/\/www.otiumhome.fi\/index.php\/wp-json\/wp\/v2\/product_tag?post=197614"}],"curies":[{"name":"wp","href":"https:\/\/api.w.org\/{rel}","templated":true}]}}