{"id":197511,"date":"2025-11-29T15:32:52","date_gmt":"2025-11-29T15:32:52","guid":{"rendered":"https:\/\/www.otiumhome.fi\/?p=197511"},"modified":"2025-12-04T21:57:22","modified_gmt":"2025-12-04T21:57:22","slug":"tv-taso-oliivinvihrea-1005x39x605-cm-teras","status":"publish","type":"product","link":"https:\/\/www.otiumhome.fi\/index.php\/tuote\/tv-taso-oliivinvihrea-1005x39x605-cm-teras\/","title":{"rendered":"TV-taso oliivinvihre\u00e4 100,5x39x60,5 cm ter\u00e4s"},"content":{"rendered":"<p>T\u00e4m\u00e4 TV-taso, jossa on runsaasti s\u00e4ilytystilaa, on k\u00e4yt\u00e4nn\u00f6llinen katseenvangitsija olo- tai makuuhuoneessa.<\/p>\n<\/p>\n<ul>\n<li>Vankka ja vakaa materiaali: Kylm\u00e4valssattu ter\u00e4s on v\u00e4h\u00e4hiilinen ter\u00e4s, joka valmistetaan &#8221;kylm\u00e4valssaus&#8221;-prosessilla ja k\u00e4sitell\u00e4\u00e4n l\u00e4hes normaaleissa huoneenl\u00e4mp\u00f6tiloissa.<\/li>\n<li>Runsaasti s\u00e4ilytystilaa: T\u00e4m\u00e4 TV-taso tarjoaa runsaasti s\u00e4ilytystilaa lehtien, kirjojen, DVD-levyjen ja multimedialaitteiden pit\u00e4miseen hyvin j\u00e4rjestyksess\u00e4 ja k\u00e4den ulottuvilla.<\/li>\n<li>Kaksi asennusvaihtoehtoa: TV-p\u00f6yd\u00e4n sivupaneelit voidaan sijoittaa vasemmalle tai oikealle puolelle tarpeidesi mukaan.<\/li>\n<li>K\u00e4yt\u00e4nn\u00f6lliset ovet: Kaksi ovea auttaa pit\u00e4m\u00e4\u00e4n tilan puhtaana ja j\u00e4rjestyksess\u00e4, piilottamalla pienet v\u00e4ltt\u00e4m\u00e4tt\u00f6m\u00e4t tavarat ja sotkut niiden taakse.<\/li>\n<li>Metallikahvat: T\u00e4m\u00e4 mediakaappi on varustettu metallikahvoilla, jotka helpottavat p\u00e4\u00e4sy\u00e4 ja antavat sille tyylikk\u00e4\u00e4n teollisen tyylin.<\/li>\n<\/ul>\n<p>Varoitus:<\/p>\n<ul>\n<li>Kaatumisen est\u00e4miseksi t\u00e4t\u00e4 tuotetta on k\u00e4ytett\u00e4v\u00e4 mukana toimitetun sein\u00e4kiinnityslaitteen kanssa.<\/li>\n<\/ul>\n<ul>\n<li>V\u00e4ri: oliivinvihre\u00e4<\/li>\n<li>Materiaali: Kylm\u00e4valssattu ter\u00e4s<\/li>\n<li>Mitat: 100,5 x 39 x 60,5 cm (L x S x K)<\/li>\n<li>Sis\u00e4lt\u00e4\u00e4 2 lokeroa, 2 ovea ja 2 hylly\u00e4<\/li>\n<li>Maksimipainokapasiteetti (yhteens\u00e4): 80 kg<\/li>\n<li>Asennus vaaditaan: Kyll\u00e4<\/li>\n<\/ul>\n","protected":false},"excerpt":{"rendered":"<ul>\n<li>V\u00e4ri: oliivinvihre\u00e4<\/li>\n<li>Materiaali: Kylm\u00e4valssattu ter\u00e4s<\/li>\n<li>Mitat: 100,5 x 39 x 60,5 cm (L x S x K)<\/li>\n<li>Sis\u00e4lt\u00e4\u00e4 2 lokeroa, 2 ovea ja 2 hylly\u00e4<\/li>\n<li>Maksimipainokapasiteetti (yhteens\u00e4): 80 kg<\/li>\n<li>Asennus vaaditaan: Kyll\u00e4<\/li>\n<\/ul>\n","protected":false},"featured_media":100000197511,"comment_status":"closed","ping_status":"closed","template":"","meta":[],"product_brand":[],"product_cat":[84],"product_tag":[],"class_list":{"0":"post-197511","1":"product","2":"type-product","3":"status-publish","4":"has-post-thumbnail","6":"product_cat-huonekalut","8":"first","9":"outofstock","10":"taxable","11":"shipping-taxable","12":"purchasable","13":"product-type-simple"},"_links":{"self":[{"href":"https:\/\/www.otiumhome.fi\/index.php\/wp-json\/wp\/v2\/product\/197511","targetHints":{"allow":["GET"]}}],"collection":[{"href":"https:\/\/www.otiumhome.fi\/index.php\/wp-json\/wp\/v2\/product"}],"about":[{"href":"https:\/\/www.otiumhome.fi\/index.php\/wp-json\/wp\/v2\/types\/product"}],"replies":[{"embeddable":true,"href":"https:\/\/www.otiumhome.fi\/index.php\/wp-json\/wp\/v2\/comments?post=197511"}],"wp:featuredmedia":[{"embeddable":true,"href":"https:\/\/www.otiumhome.fi\/index.php\/wp-json\/"}],"wp:attachment":[{"href":"https:\/\/www.otiumhome.fi\/index.php\/wp-json\/wp\/v2\/media?parent=197511"}],"wp:term":[{"taxonomy":"product_brand","embeddable":true,"href":"https:\/\/www.otiumhome.fi\/index.php\/wp-json\/wp\/v2\/product_brand?post=197511"},{"taxonomy":"product_cat","embeddable":true,"href":"https:\/\/www.otiumhome.fi\/index.php\/wp-json\/wp\/v2\/product_cat?post=197511"},{"taxonomy":"product_tag","embeddable":true,"href":"https:\/\/www.otiumhome.fi\/index.php\/wp-json\/wp\/v2\/product_tag?post=197511"}],"curies":[{"name":"wp","href":"https:\/\/api.w.org\/{rel}","templated":true}]}}