{"id":197506,"date":"2025-11-29T15:19:42","date_gmt":"2025-11-29T15:19:42","guid":{"rendered":"https:\/\/www.otiumhome.fi\/?p=197506"},"modified":"2025-11-30T01:08:50","modified_gmt":"2025-11-30T01:08:50","slug":"tv-taso-ruskea-tammi-140x40x355-cm-tekninen-puu","status":"publish","type":"product","link":"https:\/\/www.otiumhome.fi\/index.php\/tuote\/tv-taso-ruskea-tammi-140x40x355-cm-tekninen-puu\/","title":{"rendered":"TV-taso ruskea tammi 140x40x35,5 cm tekninen puu"},"content":{"rendered":"<p>Tyylik\u00e4s ja k\u00e4yt\u00e4nn\u00f6llisesti muotoiltu TV-taso tulee varmasti olemaan huoneesi keskipiste.<\/p>\n<\/p>\n<ul>\n<li>K\u00e4yt\u00e4nn\u00f6llinen materiaali: Tekninen puu on poikkeuksellisen laadukasta ja sile\u00e4pintaista, se on my\u00f6s luja, vakaa ja kosteudelle vastustuskykyinen. Teknisest\u00e4 puusta valmistettu TV-taso on helppo puhdistaa.<\/li>\n<li>Runsaasti s\u00e4ilytystilaa: Mediakaapissa on lokeroita ja hyllyj\u00e4 ovien takana. Runsas s\u00e4ilytystila helpottaa tavaroiden j\u00e4rjest\u00e4mist\u00e4.<\/li>\n<li>Tyylik\u00e4s ulkon\u00e4k\u00f6: Puhtaat linjat ja tyylik\u00e4s muotoilu saavat t\u00e4m\u00e4n TV-yksik\u00f6n sulautumaan sisustukseesi t\u00e4ydellisesti.<\/li>\n<\/ul>\n<p>Huomioi:<\/p>\n<ul>\n<li> Jokaisen tuotteen mukana on laatikossa kokoonpano-ohje helppoa asennusta varten.<\/li>\n<\/ul>\n<ul>\n<li>V\u00e4ri: ruskea tammi<\/li>\n<li>Materiaali: tekninen puu<\/li>\n<li>Mitat: 140 x 40 x 35,5 cm (P x L x K)<\/li>\n<\/ul>\n","protected":false},"excerpt":{"rendered":"<ul>\n<li>V\u00e4ri: ruskea tammi<\/li>\n<li>Materiaali: tekninen puu<\/li>\n<li>Mitat: 140 x 40 x 35,5 cm (P x L x K)<\/li>\n<\/ul>\n","protected":false},"featured_media":100000197506,"comment_status":"closed","ping_status":"closed","template":"","meta":[],"product_brand":[],"product_cat":[84],"product_tag":[],"class_list":{"0":"post-197506","1":"product","2":"type-product","3":"status-publish","4":"has-post-thumbnail","6":"product_cat-huonekalut","8":"first","9":"outofstock","10":"taxable","11":"shipping-taxable","12":"purchasable","13":"product-type-simple"},"_links":{"self":[{"href":"https:\/\/www.otiumhome.fi\/index.php\/wp-json\/wp\/v2\/product\/197506","targetHints":{"allow":["GET"]}}],"collection":[{"href":"https:\/\/www.otiumhome.fi\/index.php\/wp-json\/wp\/v2\/product"}],"about":[{"href":"https:\/\/www.otiumhome.fi\/index.php\/wp-json\/wp\/v2\/types\/product"}],"replies":[{"embeddable":true,"href":"https:\/\/www.otiumhome.fi\/index.php\/wp-json\/wp\/v2\/comments?post=197506"}],"wp:featuredmedia":[{"embeddable":true,"href":"https:\/\/www.otiumhome.fi\/index.php\/wp-json\/"}],"wp:attachment":[{"href":"https:\/\/www.otiumhome.fi\/index.php\/wp-json\/wp\/v2\/media?parent=197506"}],"wp:term":[{"taxonomy":"product_brand","embeddable":true,"href":"https:\/\/www.otiumhome.fi\/index.php\/wp-json\/wp\/v2\/product_brand?post=197506"},{"taxonomy":"product_cat","embeddable":true,"href":"https:\/\/www.otiumhome.fi\/index.php\/wp-json\/wp\/v2\/product_cat?post=197506"},{"taxonomy":"product_tag","embeddable":true,"href":"https:\/\/www.otiumhome.fi\/index.php\/wp-json\/wp\/v2\/product_tag?post=197506"}],"curies":[{"name":"wp","href":"https:\/\/api.w.org\/{rel}","templated":true}]}}