{"id":197477,"date":"2025-11-29T14:44:51","date_gmt":"2025-11-29T14:44:51","guid":{"rendered":"https:\/\/www.otiumhome.fi\/?p=197477"},"modified":"2025-12-14T18:00:41","modified_gmt":"2025-12-14T18:00:41","slug":"tv-seinakkeet-led-nauhavalot-4-pcs-artisan-tammi-tekninen-puu","status":"publish","type":"product","link":"https:\/\/www.otiumhome.fi\/index.php\/tuote\/tv-seinakkeet-led-nauhavalot-4-pcs-artisan-tammi-tekninen-puu\/","title":{"rendered":"TV-sein\u00e4kkeet LED -nauhavalot 4 pcs Artisan tammi Tekninen puu"},"content":{"rendered":"<p>T\u00e4m\u00e4 hienostunut 4-osainen televisiosein\u00e4yksikk\u00f6 yhdist\u00e4\u00e4 eleganssin ja k\u00e4yt\u00e4nn\u00f6llisyyden, antaen sun elintilalle modernin fiiliksen. Sen linjakas, sile\u00e4 muotoilu kehyst\u00e4\u00e4 sun viihdealuetta t\u00e4ydellisesti, tarjoten sek\u00e4 tyyli\u00e4 ett\u00e4 k\u00e4yt\u00e4nn\u00f6llisyytt\u00e4. Aseta televisiosi niin, ett\u00e4 se on hyv\u00e4 katsoa, ja k\u00e4yt\u00e4 runsaasti s\u00e4ilytystilaa, jotta olohuoneen siisteys pysyy. T\u00e4m\u00e4 yksikk\u00f6 muuttaa sun tilan tyylikk\u00e4\u00e4ksi ja j\u00e4rjestykseksi, joka palvelee sek\u00e4 k\u00e4ytt\u00f6\u00e4 ett\u00e4 kauneutta.<\/p>\n<ul>\n<li><b>Tekninen puurakenne<\/b> T\u00e4m\u00e4 televisiosein\u00e4yksikk\u00f6 on tehty vankasta teknisest\u00e4 puusta, joka takaa keston ja kest\u00e4\u00e4 raskaampaa k\u00e4ytt\u00f6\u00e4. Sen sile\u00e4, hienostunut pinta t\u00e4ydent\u00e4\u00e4 minimalistista muotoilua, joten se on sek\u00e4 toimiva ett\u00e4 tyylik\u00e4s.<\/li>\n<li><b>LED-valot mukana<\/b> Varustettuna LED-nauvaloisteilla, t\u00e4m\u00e4 sein\u00e4yksikk\u00f6 luo mukautuvan mutta el\u00e4v\u00e4n tunnelman sun olohuoneeseen. LED-valot parantaa esteettist\u00e4 vetovoimaa y\u00f6ll\u00e4 ja tekee ymp\u00e4rist\u00f6st\u00e4si dynaamisen.<\/li>\n<li><b>Hyllyjen monipuolisuus<\/b> Levyhyllyt on valmistettu teknisest\u00e4 puusta ja ne tarjoavat paljon tilaa kirjoille, koriste-esineille tai muulle tavaralle. Jokainen hylly on avara ja kest\u00e4v\u00e4, jotta saat esille sun lempparijutut.<\/li>\n<li><b>Saranoidut ovikaapit<\/b> Keksityt saranoidut ovet tekev\u00e4t p\u00e4\u00e4syst\u00e4 vaivatonta ja pit\u00e4v\u00e4t tavarasi piilossa ja turvassa. N\u00e4m\u00e4 ovet, jotka on valmistettu teknisest\u00e4 puusta, lis\u00e4\u00e4v\u00e4t yksik\u00f6n modernej\u00e4 linjoja.<\/li>\n<li><b>Huolto &amp; Yll\u00e4pito<\/b> Seinayksik\u00f6n yll\u00e4pito on simppeli &#8211; pyyhi s\u00e4\u00e4nn\u00f6llisesti kostealla liinalla roskien ja p\u00f6lyn poistamiseksi. V\u00e4lt\u00e4 kovia kemikaaleja ja hankaavia aineita, niin s\u00e4ilyt\u00e4t sen kiilt\u00e4v\u00e4n pinnan pitk\u00e4\u00e4n.<\/li>\n<\/ul>\n<ul>\n<li>V\u00e4ri: Artisan tammi<\/li>\n<li>Materiaali: Tekninen puu<\/li>\n<li>2 ovien kanssa<\/li>\n<li>13 hyllyill\u00e4<\/li>\n<li>Valotyyppi: Led-valonauhat<\/li>\n<li>Kokoonpano vaaditaan: Kyll\u00e4<\/li>\n<li>Toimitus-:<\/li>\n<li>1 x sein\u00e4kaappi: 30,5 x 30 x 90 cm (P x L x K)<\/li>\n<li>1 x sein\u00e4kaappi: 40,5 x 30 x 102 cm (P x L x K)<\/li>\n<li>2 x sein\u00e4kaappi: 80 x 30 x 30 cm (P x L x K)<\/li>\n<\/ul>\n","protected":false},"excerpt":{"rendered":"<ul>\n<li>V\u00e4ri: Artisan tammi<\/li>\n<li>Materiaali: Tekninen puu<\/li>\n<li>2 ovien kanssa<\/li>\n<li>13 hyllyill\u00e4<\/li>\n<li>Valotyyppi: Led-valonauhat<\/li>\n<li>Kokoonpano vaaditaan: Kyll\u00e4<\/li>\n<li>Toimitus-:<\/li>\n<li>1 x sein\u00e4kaappi: 30,5 x 30 x 90 cm (P x L x K)<\/li>\n<li>1 x sein\u00e4kaappi: 40,5 x 30 x 102 cm (P x L x K)<\/li>\n<li>2 x sein\u00e4kaappi: 80 x 30 x 30 cm (P x L x K)<\/li>\n<\/ul>\n","protected":false},"featured_media":100000197477,"comment_status":"closed","ping_status":"closed","template":"","meta":[],"product_brand":[],"product_cat":[84],"product_tag":[],"class_list":{"0":"post-197477","1":"product","2":"type-product","3":"status-publish","4":"has-post-thumbnail","6":"product_cat-huonekalut","8":"first","9":"instock","10":"taxable","11":"shipping-taxable","12":"purchasable","13":"product-type-simple"},"_links":{"self":[{"href":"https:\/\/www.otiumhome.fi\/index.php\/wp-json\/wp\/v2\/product\/197477","targetHints":{"allow":["GET"]}}],"collection":[{"href":"https:\/\/www.otiumhome.fi\/index.php\/wp-json\/wp\/v2\/product"}],"about":[{"href":"https:\/\/www.otiumhome.fi\/index.php\/wp-json\/wp\/v2\/types\/product"}],"replies":[{"embeddable":true,"href":"https:\/\/www.otiumhome.fi\/index.php\/wp-json\/wp\/v2\/comments?post=197477"}],"wp:featuredmedia":[{"embeddable":true,"href":"https:\/\/www.otiumhome.fi\/index.php\/wp-json\/"}],"wp:attachment":[{"href":"https:\/\/www.otiumhome.fi\/index.php\/wp-json\/wp\/v2\/media?parent=197477"}],"wp:term":[{"taxonomy":"product_brand","embeddable":true,"href":"https:\/\/www.otiumhome.fi\/index.php\/wp-json\/wp\/v2\/product_brand?post=197477"},{"taxonomy":"product_cat","embeddable":true,"href":"https:\/\/www.otiumhome.fi\/index.php\/wp-json\/wp\/v2\/product_cat?post=197477"},{"taxonomy":"product_tag","embeddable":true,"href":"https:\/\/www.otiumhome.fi\/index.php\/wp-json\/wp\/v2\/product_tag?post=197477"}],"curies":[{"name":"wp","href":"https:\/\/api.w.org\/{rel}","templated":true}]}}