{"id":197473,"date":"2025-11-29T14:44:43","date_gmt":"2025-11-29T14:44:43","guid":{"rendered":"https:\/\/www.otiumhome.fi\/?p=197473"},"modified":"2025-12-14T18:00:31","modified_gmt":"2025-12-14T18:00:31","slug":"tv-seinakkeet-8-pcs-vanha-puu-tekninen-puu","status":"publish","type":"product","link":"https:\/\/www.otiumhome.fi\/index.php\/tuote\/tv-seinakkeet-8-pcs-vanha-puu-tekninen-puu\/","title":{"rendered":"TV-sein\u00e4kkeet 8 pcs Vanha puu Tekninen puu"},"content":{"rendered":"<p>T\u00e4m\u00e4 moderni TV-sein\u00e4yksikk\u00f6 LED-valoilla on t\u00e4ydellinen ratkaisu nykyaikaisiin koteihin. Kuvittele tyylin ja toiminnallisuuden yhdistelm\u00e4, joka t\u00e4ydent\u00e4\u00e4 olohuoneesi ilmett\u00e4 hienoilla muodoilla. Suorakaiteen muotoinen rakenne sulautuu vaivattomasti mink\u00e4 tahansa sisustustyylin kanssa, samalla kun se tarjoaa runsaasti s\u00e4ilytystilaa viihdetarvikkeille. Puhdas, minimalistinen muotoilu tekee t\u00e4st\u00e4 TV-yksik\u00f6st\u00e4 enemm\u00e4n kuin vain huonekalun; se on muotoseikka, joka heijastaa tyyli\u00e4 ja hienostuneisuutta. Kompakti koko tekee siit\u00e4 sopivan pieniin tiloihin, kuitenkaan tinkim\u00e4tt\u00e4 s\u00e4ilytysmahdollisuuksista tai tyylist\u00e4.<\/p>\n<ul>\n<li><b>Tekninen puurakenne<\/b> on p\u00e4\u00e4materiaali, jota k\u00e4ytet\u00e4\u00e4n t\u00e4ss\u00e4 tyylikk\u00e4\u00e4ss\u00e4 TV-sein\u00e4yksik\u00f6ss\u00e4. Tekninen puu antaa sile\u00e4n, kiillotetun pinnan ja modernin ilmeen, mik\u00e4 sopii hienosti nykyaikaiseen kotiin. Se on kest\u00e4v\u00e4, joten yksikk\u00f6 pysyy yht\u00e4 upeana koko k\u00e4ytt\u00f6i\u00e4n ajan.<\/li>\n<li><b>LED-ketjuvalot<\/b> on rakennettu yksikk\u00f6\u00f6n, tarjoten pehme\u00e4\u00e4, tunnelmallista valaistusta mediakeskuksellesi. LED-valot parantavat kaapin ulkon\u00e4k\u00f6\u00e4 ja luovat mukautuvia tunnelmia, jotka t\u00e4ydent\u00e4v\u00e4t ilta-viihdett\u00e4.<\/li>\n<li><b>Sein\u00e4lle asennettava ominaisuus:<\/b> mahdollistaa yksik\u00f6n turvallisen kiinnitt\u00e4misen olohuoneen sein\u00e4\u00e4n, varmistaen sen vakauden ja maksimoimalla lattiapinta-alan. T\u00e4m\u00e4 ominaisuus on erityisen hy\u00f6dyllinen pieniss\u00e4 huoneissa, joissa tehokas tilank\u00e4ytt\u00f6 on t\u00e4rke\u00e4\u00e4, tarjoten sek\u00e4 esteettisi\u00e4 ett\u00e4 k\u00e4yt\u00e4nn\u00f6llisi\u00e4 etuja.<\/li>\n<li><b>Turvallinen asennus:<\/b> Ohjeellinen k\u00e4sikirja auttaa kokoamisessa, joka vaatii kaksi henkil\u00f6\u00e4. Valmiina kiinnit\u00e4 korkeat huonekalut sein\u00e4\u00e4n kaatumisen est\u00e4miseksi, jotta elinymp\u00e4rist\u00f6si on turvallinen.<\/li>\n<li><b>Monipuolinen kapasiteetti:<\/b> Useat sein\u00e4lle asennettavat kaapit tarjoavat paljon s\u00e4ilytysratkaisuja, mik\u00e4 helpottaa DVD:iden, kirjojen ja koriste-esineiden j\u00e4rjest\u00e4mist\u00e4. Jokainen osasto on helposti saavutettavissa, ja se mahtuu erikokoisiin tavaroihin, jotta kaikelle olisi oma paikkansa.<\/li>\n<\/ul>\n<ul>\n<li>V\u00e4ri: Vanha puu<\/li>\n<li>Materiaali: Tekninen puu<\/li>\n<li>Yleiset mitat: 30 x 28,5 x 30 cm (P x L x K)<\/li>\n<li>2 ovien kanssa<\/li>\n<li>8 hyllyill\u00e4<\/li>\n<li>Valotyyppi: Led-valosarjat<\/li>\n<li>Kokoonpano vaaditaan: Kyll\u00e4<\/li>\n<li>Toimitus-:<\/li>\n<li>2 x Sein\u00e4kaappi: 30 x 28,5 x 30 cm (P x L x K)<\/li>\n<li>2 x Sein\u00e4kaappi: 30,5 x 30 x 60 cm (P x L x K)<\/li>\n<li>4 x Sein\u00e4kaappi: 40 x 30 x 30 cm (P x L x K)<\/li>\n<\/ul>\n","protected":false},"excerpt":{"rendered":"<ul>\n<li>V\u00e4ri: Vanha puu<\/li>\n<li>Materiaali: Tekninen puu<\/li>\n<li>Yleiset mitat: 30 x 28,5 x 30 cm (P x L x K)<\/li>\n<li>2 ovien kanssa<\/li>\n<li>8 hyllyill\u00e4<\/li>\n<li>Valotyyppi: Led-valosarjat<\/li>\n<li>Kokoonpano vaaditaan: Kyll\u00e4<\/li>\n<li>Toimitus-:<\/li>\n<li>2 x Sein\u00e4kaappi: 30 x 28,5 x 30 cm (P x L x K)<\/li>\n<li>2 x Sein\u00e4kaappi: 30,5 x 30 x 60 cm (P x L x K)<\/li>\n<li>4 x Sein\u00e4kaappi: 40 x 30 x 30 cm (P x L x K)<\/li>\n<\/ul>\n","protected":false},"featured_media":100000197473,"comment_status":"closed","ping_status":"closed","template":"","meta":[],"product_brand":[],"product_cat":[84],"product_tag":[],"class_list":{"0":"post-197473","1":"product","2":"type-product","3":"status-publish","4":"has-post-thumbnail","6":"product_cat-huonekalut","8":"first","9":"instock","10":"taxable","11":"shipping-taxable","12":"purchasable","13":"product-type-simple"},"_links":{"self":[{"href":"https:\/\/www.otiumhome.fi\/index.php\/wp-json\/wp\/v2\/product\/197473","targetHints":{"allow":["GET"]}}],"collection":[{"href":"https:\/\/www.otiumhome.fi\/index.php\/wp-json\/wp\/v2\/product"}],"about":[{"href":"https:\/\/www.otiumhome.fi\/index.php\/wp-json\/wp\/v2\/types\/product"}],"replies":[{"embeddable":true,"href":"https:\/\/www.otiumhome.fi\/index.php\/wp-json\/wp\/v2\/comments?post=197473"}],"wp:featuredmedia":[{"embeddable":true,"href":"https:\/\/www.otiumhome.fi\/index.php\/wp-json\/"}],"wp:attachment":[{"href":"https:\/\/www.otiumhome.fi\/index.php\/wp-json\/wp\/v2\/media?parent=197473"}],"wp:term":[{"taxonomy":"product_brand","embeddable":true,"href":"https:\/\/www.otiumhome.fi\/index.php\/wp-json\/wp\/v2\/product_brand?post=197473"},{"taxonomy":"product_cat","embeddable":true,"href":"https:\/\/www.otiumhome.fi\/index.php\/wp-json\/wp\/v2\/product_cat?post=197473"},{"taxonomy":"product_tag","embeddable":true,"href":"https:\/\/www.otiumhome.fi\/index.php\/wp-json\/wp\/v2\/product_tag?post=197473"}],"curies":[{"name":"wp","href":"https:\/\/api.w.org\/{rel}","templated":true}]}}