{"id":197141,"date":"2025-11-29T13:00:47","date_gmt":"2025-11-29T13:00:47","guid":{"rendered":"https:\/\/www.otiumhome.fi\/?p=197141"},"modified":"2025-12-09T11:52:38","modified_gmt":"2025-12-09T11:52:38","slug":"sangyn-runko-paatylla-sonoma-3ft-single-massiivinen-manty","status":"publish","type":"product","link":"https:\/\/www.otiumhome.fi\/index.php\/tuote\/sangyn-runko-paatylla-sonoma-3ft-single-massiivinen-manty\/","title":{"rendered":"S\u00e4ngyn runko p\u00e4\u00e4tyll\u00e4 Sonoma 3FT Single Massiivinen m\u00e4nty"},"content":{"rendered":"<p>Yksi modernin s\u00e4ngyntyylin tuomista etuista on sen tyylikkyys, joka sopii mihin tahansa makuuhuoneeseen. S\u00e4nkykehyksen yksinkertainen muotoilu yhdist\u00e4\u00e4 l\u00e4mpim\u00e4n m\u00e4ntypuun ja teknisen puun kest\u00e4vyyden, luoden monik\u00e4ytt\u00f6isen osan, joka parantaa nykyaikaista sisustusta. Sen tukevat linjat ovat todella elegantteja ja k\u00e4yt\u00e4nn\u00f6llisi\u00e4, mik\u00e4 tekee siit\u00e4 erinomaisen valinnan niille, jotka haluavat s\u00e4ilytt\u00e4\u00e4 tyylin, mutta eiv\u00e4t halua tinki\u00e4 k\u00e4yt\u00e4nn\u00f6n puolesta.<\/p>\n<ul>\n<li><b>Tekninen huippuosaaminen<\/b> T\u00e4m\u00e4 s\u00e4nkykehys on valmistettu teknisest\u00e4 puusta, ja se tarjoaa erinomaisen vakauden ja kest\u00e4vyyden, jotta se tukee erilaisia patjoja. Yhdistettyn\u00e4 ainutlaatuiseen m\u00e4ntypuiseen p\u00e4\u00e4tyyn se s\u00e4teilee klassista vieh\u00e4tyst\u00e4 ja varmistaa pitk\u00e4ik\u00e4isyyden.<\/li>\n<li><b>Monipuolinen toiminnallisuus<\/b> Vankka kiinte\u00e4 s\u00e4lepohja on luotettava ja tukee koko ajan. Se mukautuu helposti eri patjavalintoihin ilman lis\u00e4pohjia.<\/li>\n<li><b>Moderni vieh\u00e4tysvoima<\/b> Suunniteltu puhtain linjoin, t\u00e4m\u00e4 s\u00e4nkykehys yhdist\u00e4\u00e4 eleganssin ja k\u00e4yt\u00e4nn\u00f6llisyyden. Sen yksinkertainen muotoilu tuo rauhallista vieh\u00e4tyst\u00e4, joka istuu eri makuuhuoneen tyyleihin, parantaen huoneen yleist\u00e4 tunnelmaa.<\/li>\n<li><b>Tehokas suunnittelu<\/b> Toimitetaan kaikessa tarvittavassa, eli s\u00e4nkykehyksess\u00e4 ja p\u00e4\u00e4dyss\u00e4, mik\u00e4 helpottaa asennusta. Koostaminen onnistuu kahdelta ihmiselt\u00e4 ja ruuvimeisselill\u00e4, jolloin rakentaminen k\u00e4y helposti.<\/li>\n<li><b>Helppo huolto<\/b> Huolenpito ei ole vaativaa; pyyhk\u00e4ise kuivalla liinalla niin s\u00e4nky n\u00e4ytt\u00e4\u00e4 upealta. Yksinkertainen kostealla liinalla pyyhk\u00e4isy pit\u00e4\u00e4 pinnat elinvoimaisina, varmistaa pitk\u00e4ik\u00e4isyyden ja jatkuvan tyylikkyyden.<\/li>\n<\/ul>\n<ul>\n<li>V\u00e4ri: Sonoma<\/li>\n<li>Materiaali: Massiivinen m\u00e4nty<\/li>\n<li>Kehysmateriaali: Tekninen puu<\/li>\n<li>Yleiset mitat: 196 x 93 x 90 cm (P x L x K)<\/li>\n<li>Patjan koko: Lyhyt yhden hengen s\u00e4nky (90 cm x 190 cm \/ 35&#8243; x 75&#8243;)<\/li>\n<li>Enimm\u00e4ispaino: 100 kg<\/li>\n<li>Onko slated kehys: Kyll\u00e4<\/li>\n<li>Enimm\u00e4ism\u00e4\u00e4r\u00e4 ihmisi\u00e4: 1<\/li>\n<li>Kest\u00e4v\u00e4<\/li>\n<li>Helppo puhdistaa<\/li>\n<li>Kokoonpano vaaditaan: Kyll\u00e4<\/li>\n<li>Toimitus-:<\/li>\n<li>1 x s\u00e4ngynrunko<\/li>\n<li>1 x s\u00e4ngynp\u00e4\u00e4ty<\/li>\n<\/ul>\n","protected":false},"excerpt":{"rendered":"<ul>\n<li>V\u00e4ri: Sonoma<\/li>\n<li>Materiaali: Massiivinen m\u00e4nty<\/li>\n<li>Kehysmateriaali: Tekninen puu<\/li>\n<li>Yleiset mitat: 196 x 93 x 90 cm (P x L x K)<\/li>\n<li>Patjan koko: Lyhyt yhden hengen s\u00e4nky (90 cm x 190 cm \/ 35&#8243; x 75&#8243;)<\/li>\n<li>Enimm\u00e4ispaino: 100 kg<\/li>\n<li>Onko slated kehys: Kyll\u00e4<\/li>\n<li>Enimm\u00e4ism\u00e4\u00e4r\u00e4 ihmisi\u00e4: 1<\/li>\n<li>Kest\u00e4v\u00e4<\/li>\n<li>Helppo puhdistaa<\/li>\n<li>Kokoonpano vaaditaan: Kyll\u00e4<\/li>\n<li>Toimitus-:<\/li>\n<li>1 x s\u00e4ngynrunko<\/li>\n<li>1 x s\u00e4ngynp\u00e4\u00e4ty<\/li>\n<\/ul>\n","protected":false},"featured_media":100000197141,"comment_status":"closed","ping_status":"closed","template":"","meta":[],"product_brand":[],"product_cat":[84,8638],"product_tag":[],"class_list":{"0":"post-197141","1":"product","2":"type-product","3":"status-publish","4":"has-post-thumbnail","6":"product_cat-huonekalut","7":"product_cat-sangyt-sangynrungot","9":"first","10":"instock","11":"taxable","12":"shipping-taxable","13":"purchasable","14":"product-type-simple"},"_links":{"self":[{"href":"https:\/\/www.otiumhome.fi\/index.php\/wp-json\/wp\/v2\/product\/197141","targetHints":{"allow":["GET"]}}],"collection":[{"href":"https:\/\/www.otiumhome.fi\/index.php\/wp-json\/wp\/v2\/product"}],"about":[{"href":"https:\/\/www.otiumhome.fi\/index.php\/wp-json\/wp\/v2\/types\/product"}],"replies":[{"embeddable":true,"href":"https:\/\/www.otiumhome.fi\/index.php\/wp-json\/wp\/v2\/comments?post=197141"}],"wp:featuredmedia":[{"embeddable":true,"href":"https:\/\/www.otiumhome.fi\/index.php\/wp-json\/"}],"wp:attachment":[{"href":"https:\/\/www.otiumhome.fi\/index.php\/wp-json\/wp\/v2\/media?parent=197141"}],"wp:term":[{"taxonomy":"product_brand","embeddable":true,"href":"https:\/\/www.otiumhome.fi\/index.php\/wp-json\/wp\/v2\/product_brand?post=197141"},{"taxonomy":"product_cat","embeddable":true,"href":"https:\/\/www.otiumhome.fi\/index.php\/wp-json\/wp\/v2\/product_cat?post=197141"},{"taxonomy":"product_tag","embeddable":true,"href":"https:\/\/www.otiumhome.fi\/index.php\/wp-json\/wp\/v2\/product_tag?post=197141"}],"curies":[{"name":"wp","href":"https:\/\/api.w.org\/{rel}","templated":true}]}}