{"id":197121,"date":"2025-11-29T12:54:22","date_gmt":"2025-11-29T12:54:22","guid":{"rendered":"https:\/\/www.otiumhome.fi\/?p=197121"},"modified":"2025-12-09T11:30:29","modified_gmt":"2025-12-09T11:30:29","slug":"sangyn-runko-artisan-tammi-4ft-small-double-tekninen-puu","status":"publish","type":"product","link":"https:\/\/www.otiumhome.fi\/index.php\/tuote\/sangyn-runko-artisan-tammi-4ft-small-double-tekninen-puu\/","title":{"rendered":"S\u00e4ngyn runko Artisan tammi 4FT Small Double Tekninen puu"},"content":{"rendered":"<p>T\u00e4m\u00e4 moderni s\u00e4ilytyss\u00e4nky yhdist\u00e4\u00e4 yksinkertaisuuden ja k\u00e4yt\u00e4nn\u00f6llisyyden, jotka m\u00e4\u00e4ritt\u00e4\u00e4 modernin tyylin. Suunniteltu makuuhuoneille, joilla on tarve tilalle ja selke\u00e4lle tyylille, s\u00e4ngyn runko yhdist\u00e4\u00e4 muotoilun ja k\u00e4yt\u00f6n sujuvin linjoin ja hillityll\u00e4 ilmeell\u00e4. T\u00e4m\u00e4 s\u00e4nky on t\u00e4ydellinen jokaiselle, joka etsii tasapainoa tyylin ja funktion v\u00e4lill\u00e4, tarjoten sek\u00e4 visuaalista ett\u00e4 k\u00e4yt\u00e4nn\u00f6llist\u00e4 parannusta nukkumiseen. Ensimm\u00e4isell\u00e4 vilkaisulla sen puhdas ja minimalistinen muotoilu vetoaa moderniin makuun, tehden siit\u00e4 upean lis\u00e4n kaupunkikoteihin, nykyaikaisiin koteihin ja moderneihin makuuhuoneisiin.<\/p>\n<ul>\n<li><b>Tekninen puurakenne<\/b> T\u00e4m\u00e4 s\u00e4ngyn runko on valmistettu teknisest\u00e4 puusta, joka tunnetaan kest\u00e4vyydest\u00e4\u00e4n ja vakaudestaan. Sen moderni viimeistely tuo tyyli\u00e4 tilaan, samalla kun se takaa rakenteen kest\u00e4vyys jokap\u00e4iv\u00e4isess\u00e4 k\u00e4yt\u00f6ss\u00e4. Saat siis sleekin ulkon\u00e4\u00f6n, joka yhdist\u00e4\u00e4 luotettavuuden eri ymp\u00e4rist\u00f6iss\u00e4.<\/li>\n<li><b>Integroitu s\u00e4ilytystila<\/b> Suunniteltu s\u00e4ilytykselle, t\u00e4m\u00e4 s\u00e4nky sis\u00e4lt\u00e4\u00e4 laatikoita, jotka on valmistettu samasta tiiviist\u00e4 puusta. N\u00e4m\u00e4 laatikot tarjoavat runsaasti tilaa liinavaatteille, vaatteille tai muille tavaroille, mik\u00e4 v\u00e4hent\u00e4\u00e4 sekasortoa ja optimoi makuuhuoneen tilan. Meid\u00e4n perinteinen kahvasuunnittelu takaa helpon p\u00e4\u00e4syn kaikkiin s\u00e4ilytysn\u00e4kyihisi.<\/li>\n<li><b>P\u00e4\u00e4ty mukana<\/b> Valmistettu teknisest\u00e4 puusta, p\u00e4\u00e4ty lis\u00e4\u00e4 s\u00e4ngyn ulkon\u00e4k\u00f6\u00f6n viimeistellyn ilmeen. Tyyli\u00e4\u00e4n korostaen se on my\u00f6s k\u00e4yt\u00e4nn\u00f6llinen, mahdollistaen mukavan nojauksen lukiessasi tai katsoessasi TV:t\u00e4 s\u00e4ngyss\u00e4. Sen minimalistinen muoto kohentaa s\u00e4ngyn modernia ilmett\u00e4 ja parantaa makuuhuoneen tunnelmaa.<\/li>\n<li><b>Helppo hoito ja puhdistus<\/b> S\u00e4ngyn pintaa on helppo siivota kostealla liinalla, mik\u00e4 tekee hoitamisesta vaivatonta. Yksinkertaiset huolto-ohjeet pit\u00e4v\u00e4t s\u00e4ngyn rungon raikkaana ja houkuttelevana ilman suurta vaivann\u00e4k\u00f6\u00e4, joten voit nauttia tyylikkyydest\u00e4 huoletta.<\/li>\n<li><b>K\u00e4yt\u00e4nn\u00f6llinen kokoamisprosessi<\/b> Kokoaminen on vaivatonta ja vaatii vain kaksi henkil\u00f6\u00e4 ja ruuvimeisselin. Jokainen osa on suunniteltu hyvin, jotta ne k\u00e4yv\u00e4t yhteen helposti, n\u00e4in uuden s\u00e4ngyn kokoaminen on mukavaa ja sujuvaa, mik\u00e4 tukee s\u00e4ngyn toimintaa alusta alkaen.<\/li>\n<\/ul>\n<ul>\n<li>V\u00e4ri: Artisan tammi<\/li>\n<li>Materiaali: Tekninen puu<\/li>\n<li>Kehysmateriaali: Tekninen puu<\/li>\n<li>Yleiset mitat: 200 x 123 x 90 cm (P x L x K)<\/li>\n<li>Patjan koko: Lyhyt pieni kahden hengen s\u00e4nky (120 cm x 190 cm \/ 47&#8243; x 75&#8243;)<\/li>\n<li>Onko slated kehys: Kyll\u00e4<\/li>\n<li>Enimm\u00e4ism\u00e4\u00e4r\u00e4 ihmisi\u00e4: 1<\/li>\n<li>Kest\u00e4v\u00e4<\/li>\n<li>Runsaasti s\u00e4ilytystilaa<\/li>\n<li>S\u00e4ngyn korkeus: 32 cm<\/li>\n<li>Helppo puhdistaa<\/li>\n<li>Helppo kokoaminen<\/li>\n<li>P\u00e4\u00e4tykoko: 123 x 7 x 90 Dimension_Unit (L x S x K)<\/li>\n<li>Laatikolla<\/li>\n<li>Kokoonpano vaaditaan: Kyll\u00e4<\/li>\n<li>Toimitus-:<\/li>\n<li>1 x s\u00e4ngynrunko<\/li>\n<li>1 x s\u00e4ngynp\u00e4\u00e4ty<\/li>\n<\/ul>\n","protected":false},"excerpt":{"rendered":"<ul>\n<li>V\u00e4ri: Artisan tammi<\/li>\n<li>Materiaali: Tekninen puu<\/li>\n<li>Kehysmateriaali: Tekninen puu<\/li>\n<li>Yleiset mitat: 200 x 123 x 90 cm (P x L x K)<\/li>\n<li>Patjan koko: Lyhyt pieni kahden hengen s\u00e4nky (120 cm x 190 cm \/ 47&#8243; x 75&#8243;)<\/li>\n<li>Onko slated kehys: Kyll\u00e4<\/li>\n<li>Enimm\u00e4ism\u00e4\u00e4r\u00e4 ihmisi\u00e4: 1<\/li>\n<li>Kest\u00e4v\u00e4<\/li>\n<li>Runsaasti s\u00e4ilytystilaa<\/li>\n<li>S\u00e4ngyn korkeus: 32 cm<\/li>\n<li>Helppo puhdistaa<\/li>\n<li>Helppo kokoaminen<\/li>\n<li>P\u00e4\u00e4tykoko: 123 x 7 x 90 Dimension_Unit (L x S x K)<\/li>\n<li>Laatikolla<\/li>\n<li>Kokoonpano vaaditaan: Kyll\u00e4<\/li>\n<li>Toimitus-:<\/li>\n<li>1 x s\u00e4ngynrunko<\/li>\n<li>1 x s\u00e4ngynp\u00e4\u00e4ty<\/li>\n<\/ul>\n","protected":false},"featured_media":100000197121,"comment_status":"closed","ping_status":"closed","template":"","meta":[],"product_brand":[],"product_cat":[84,8638],"product_tag":[],"class_list":{"0":"post-197121","1":"product","2":"type-product","3":"status-publish","4":"has-post-thumbnail","6":"product_cat-huonekalut","7":"product_cat-sangyt-sangynrungot","9":"first","10":"instock","11":"taxable","12":"shipping-taxable","13":"purchasable","14":"product-type-simple"},"_links":{"self":[{"href":"https:\/\/www.otiumhome.fi\/index.php\/wp-json\/wp\/v2\/product\/197121","targetHints":{"allow":["GET"]}}],"collection":[{"href":"https:\/\/www.otiumhome.fi\/index.php\/wp-json\/wp\/v2\/product"}],"about":[{"href":"https:\/\/www.otiumhome.fi\/index.php\/wp-json\/wp\/v2\/types\/product"}],"replies":[{"embeddable":true,"href":"https:\/\/www.otiumhome.fi\/index.php\/wp-json\/wp\/v2\/comments?post=197121"}],"wp:featuredmedia":[{"embeddable":true,"href":"https:\/\/www.otiumhome.fi\/index.php\/wp-json\/"}],"wp:attachment":[{"href":"https:\/\/www.otiumhome.fi\/index.php\/wp-json\/wp\/v2\/media?parent=197121"}],"wp:term":[{"taxonomy":"product_brand","embeddable":true,"href":"https:\/\/www.otiumhome.fi\/index.php\/wp-json\/wp\/v2\/product_brand?post=197121"},{"taxonomy":"product_cat","embeddable":true,"href":"https:\/\/www.otiumhome.fi\/index.php\/wp-json\/wp\/v2\/product_cat?post=197121"},{"taxonomy":"product_tag","embeddable":true,"href":"https:\/\/www.otiumhome.fi\/index.php\/wp-json\/wp\/v2\/product_tag?post=197121"}],"curies":[{"name":"wp","href":"https:\/\/api.w.org\/{rel}","templated":true}]}}