{"id":197117,"date":"2025-11-29T12:53:26","date_gmt":"2025-11-29T12:53:26","guid":{"rendered":"https:\/\/www.otiumhome.fi\/?p=197117"},"modified":"2026-01-12T08:21:44","modified_gmt":"2026-01-12T08:21:44","slug":"sailytyssanky-paatylla-betoni-harmaa-200-x-200-cm-tekninen-puu","status":"publish","type":"product","link":"https:\/\/www.otiumhome.fi\/index.php\/tuote\/sailytyssanky-paatylla-betoni-harmaa-200-x-200-cm-tekninen-puu\/","title":{"rendered":"S\u00e4ilytyss\u00e4nky p\u00e4\u00e4tyll\u00e4 Betoni Harmaa 200 x 200 cm Tekninen puu"},"content":{"rendered":"<p>T\u00e4m\u00e4 tyylik\u00e4s s\u00e4ilytys s\u00e4ngynrunko on t\u00e4ydellinen valinta mihin tahansa moderniin makuuhuoneeseen. Suorakaiteen muotoinen rauhoittava v\u00e4ri sek\u00e4 teknisest\u00e4 puusta valmistettu rakenne luovat minimalistisen ilmeen, joka istuu hyvin nykyaikaiseen sisustukseen. Yksinkertaiset linjat ja toiminnalliset elementit tekev\u00e4t s\u00e4ngyst\u00e4 visuaalisen katseenvangitsijan makuuhuoneessasi. Se tarjoaa mukavan perustan patjallesi ja k\u00e4yt\u00e4nn\u00f6llisen s\u00e4ilytysratkaisun, joka auttaa sinua maksimoimaan tilan kauniisti.<\/p>\n<ul>\n<li><b>Teknisen puun rakenne<\/b> T\u00e4m\u00e4 s\u00e4nky on valmistettu laadukkaasta teknisest\u00e4 puusta, joka takaa tukevan rakenteen p\u00e4ivitt\u00e4iseen k\u00e4ytt\u00f6\u00f6n. Tekninen puu tarjoaa pitk\u00e4aikaista suorituskyky\u00e4, sill\u00e4 se pit\u00e4\u00e4 rakenteellisen eheytens\u00e4 ja tarjoaa hyv\u00e4n tuen patjallesi. Materiaalin valinta tekee my\u00f6s siivouksesta helppoa: riitt\u00e4\u00e4, ett\u00e4 pyyhit p\u00f6lyt kostealla liinalla.<\/li>\n<li><b>Perinteinen laatikkomekanismi<\/b> S\u00e4ngyss\u00e4 on k\u00e4tev\u00e4t s\u00e4ilytyslaatikot, jotka avautuvat kevyesti perinteisten kahvojen avulla. T\u00e4m\u00e4 toiminnallisuus ei vain paranna s\u00e4ngyn k\u00e4ytt\u00f6\u00e4, vaan pit\u00e4\u00e4 makuuhuoneesi j\u00e4rjestyksess\u00e4, samalla kun se tarjoaa runsaasti tilaa vuodevaatteille ja muille tarvikkeille.<\/li>\n<li><b>Tyylik\u00e4s alustas\u00e4lepohja<\/b> T\u00e4m\u00e4n s\u00e4ngyn alustas\u00e4lepohja tarjoaa tasaisen ja tukevan tuen patjalle, jolloin k\u00f6mpel\u00f6ille laatikkopohjille ei ole tarvetta. S\u00e4lepohja mahdollistaa ilman kierron patjan ymp\u00e4rill\u00e4, mik\u00e4 parantaa mukavuutta ja pident\u00e4\u00e4 patjan kestoa. Se tuo moderniin muotoiluun esteettisi\u00e4 elementtej\u00e4 samalla kun palvelee k\u00e4yt\u00e4nn\u00f6n tarpeita.<\/li>\n<li><b>Tilava makuuhuoneratkaisu<\/b> T\u00e4ydellinen makuuhuoneisiin, kuten mestari-, vieras- tai lastenhuoneisiin. S\u00e4ngyn tehokas suunnittelu maksimoi tilan, tinkim\u00e4tt\u00e4 tyylist\u00e4. Olipa kyseess\u00e4 pieni huone tai suurempi tila, sen moderni ilme sopii mihin tahansa kotiymp\u00e4rist\u00f6\u00f6n.<\/li>\n<li><b>Yksinkertainen hoito ja yll\u00e4pito<\/b> Pid\u00e4 s\u00e4nky hyv\u00e4ss\u00e4 kunnossa pyyhkim\u00e4ll\u00e4 runkoa s\u00e4\u00e4nn\u00f6llisesti kostealla liinalla. V\u00e4lt\u00e4 voimakkaita kemikaaleja, jotka voivat vahingoittaa pinnan viimeistely\u00e4. T\u00e4m\u00e4 helppo hoito takaa, ett\u00e4 s\u00e4nky pysyy vieh\u00e4tt\u00e4v\u00e4n\u00e4 ja kest\u00e4v\u00e4 keskipisteen\u00e4 huoneessasi vuosien ajan.<\/li>\n<\/ul>\n<ul>\n<li>V\u00e4ri: Betoni harmaa<\/li>\n<li>Materiaali: Tekninen puu<\/li>\n<li>Kehysmateriaali: Tekninen puu<\/li>\n<li>Yleiset mitat: 210 x 203 x 100 cm (P x L x K)<\/li>\n<li>Yhteensopiva patjakoko: Emperor (200 cm x 200 cm \/ 79&#8243; x 79&#8243;)<\/li>\n<li>Enimm\u00e4ispaino: 200 kg<\/li>\n<li>Enimm\u00e4ism\u00e4\u00e4r\u00e4 ihmisi\u00e4: 2<\/li>\n<li>Kest\u00e4v\u00e4<\/li>\n<li>Helppo puhdistaa<\/li>\n<li>Helppo kokoaminen<\/li>\n<li>Laatikkojen kehys mukana<\/li>\n<li>S\u00e4ngynp\u00e4\u00e4ty mukana<\/li>\n<li>Laatikolla<\/li>\n<li>Kokoonpano vaaditaan: Kyll\u00e4<\/li>\n<li>Toimitus-:<\/li>\n<li>1 x s\u00e4ngyn runko<\/li>\n<li>1 x s\u00e4ngyn p\u00e4\u00e4ty<\/li>\n<\/ul>\n","protected":false},"excerpt":{"rendered":"<ul>\n<li>V\u00e4ri: Betoni harmaa<\/li>\n<li>Materiaali: Tekninen puu<\/li>\n<li>Kehysmateriaali: Tekninen puu<\/li>\n<li>Yleiset mitat: 210 x 203 x 100 cm (P x L x K)<\/li>\n<li>Yhteensopiva patjakoko: Emperor (200 cm x 200 cm \/ 79&#8243; x 79&#8243;)<\/li>\n<li>Enimm\u00e4ispaino: 200 kg<\/li>\n<li>Enimm\u00e4ism\u00e4\u00e4r\u00e4 ihmisi\u00e4: 2<\/li>\n<li>Kest\u00e4v\u00e4<\/li>\n<li>Helppo puhdistaa<\/li>\n<li>Helppo kokoaminen<\/li>\n<li>Laatikkojen kehys mukana<\/li>\n<li>S\u00e4ngynp\u00e4\u00e4ty mukana<\/li>\n<li>Laatikolla<\/li>\n<li>Kokoonpano vaaditaan: Kyll\u00e4<\/li>\n<li>Toimitus-:<\/li>\n<li>1 x s\u00e4ngyn runko<\/li>\n<li>1 x s\u00e4ngyn p\u00e4\u00e4ty<\/li>\n<\/ul>\n","protected":false},"featured_media":100000197117,"comment_status":"closed","ping_status":"closed","template":"","meta":[],"product_brand":[],"product_cat":[84,8638],"product_tag":[],"class_list":{"0":"post-197117","1":"product","2":"type-product","3":"status-publish","4":"has-post-thumbnail","6":"product_cat-huonekalut","7":"product_cat-sangyt-sangynrungot","9":"first","10":"instock","11":"taxable","12":"shipping-taxable","13":"purchasable","14":"product-type-simple"},"_links":{"self":[{"href":"https:\/\/www.otiumhome.fi\/index.php\/wp-json\/wp\/v2\/product\/197117","targetHints":{"allow":["GET"]}}],"collection":[{"href":"https:\/\/www.otiumhome.fi\/index.php\/wp-json\/wp\/v2\/product"}],"about":[{"href":"https:\/\/www.otiumhome.fi\/index.php\/wp-json\/wp\/v2\/types\/product"}],"replies":[{"embeddable":true,"href":"https:\/\/www.otiumhome.fi\/index.php\/wp-json\/wp\/v2\/comments?post=197117"}],"wp:featuredmedia":[{"embeddable":true,"href":"https:\/\/www.otiumhome.fi\/index.php\/wp-json\/"}],"wp:attachment":[{"href":"https:\/\/www.otiumhome.fi\/index.php\/wp-json\/wp\/v2\/media?parent=197117"}],"wp:term":[{"taxonomy":"product_brand","embeddable":true,"href":"https:\/\/www.otiumhome.fi\/index.php\/wp-json\/wp\/v2\/product_brand?post=197117"},{"taxonomy":"product_cat","embeddable":true,"href":"https:\/\/www.otiumhome.fi\/index.php\/wp-json\/wp\/v2\/product_cat?post=197117"},{"taxonomy":"product_tag","embeddable":true,"href":"https:\/\/www.otiumhome.fi\/index.php\/wp-json\/wp\/v2\/product_tag?post=197117"}],"curies":[{"name":"wp","href":"https:\/\/api.w.org\/{rel}","templated":true}]}}