{"id":196317,"date":"2025-11-29T07:17:18","date_gmt":"2025-11-29T07:17:18","guid":{"rendered":"https:\/\/www.otiumhome.fi\/?p=196317"},"modified":"2025-12-25T18:22:16","modified_gmt":"2025-12-25T18:22:16","slug":"levykaappi-hyllylla-musta-tammi-785-x-35-x-45-cm-tekninen-puu","status":"publish","type":"product","link":"https:\/\/www.otiumhome.fi\/index.php\/tuote\/levykaappi-hyllylla-musta-tammi-785-x-35-x-45-cm-tekninen-puu\/","title":{"rendered":"Levykaappi hyllyll\u00e4 Musta tammi. 78,5 x 35 x 45 cm Tekninen puu"},"content":{"rendered":"<p>T\u00e4m\u00e4 moderni levykaappi yhdist\u00e4\u00e4 tyylin ja k\u00e4yt\u00e4nn\u00f6llisyyden, ja se on valmistettu teknisest\u00e4 puusta, joka tuo puhtaan ja minimalistisen ilmeen. Se on t\u00e4ydellinen lis\u00e4 olohuoneeseesi, ja siin\u00e4 on tilaa levyjen ja aikakauslehtien s\u00e4ilytt\u00e4miseen, joten se on loistava valinta sek\u00e4 musiikin ett\u00e4 lukemisen yst\u00e4ville.<\/p>\n<ul>\n<li><b>Teknisen puun materiaali<\/b>: Kaappi on tehty teknisest\u00e4 puusta, mik\u00e4 tekee siit\u00e4 kest\u00e4v\u00e4n ja sile\u00e4 pinta tuo tyylikkyytt\u00e4. T\u00e4m\u00e4 varmistaa, ett\u00e4 kaappi kest\u00e4\u00e4 k\u00e4yt\u00f6ss\u00e4 ja n\u00e4ytt\u00e4\u00e4 hyv\u00e4lt\u00e4 pitk\u00e4\u00e4n.<\/li>\n<li><b>Viimeistelty takakansi<\/b>: Eri\u00e4v\u00e4isesti muista kaapeista, t\u00e4m\u00e4 on viimeistelty joka puolelta, joten sen voi laittaa sein\u00e4\u00e4 vasten tai keskelle huonetta. T\u00e4m\u00e4 tekee siit\u00e4 monik\u00e4ytt\u00f6isen, ilman ett\u00e4 tyyli k\u00e4rsii.<\/li>\n<li><b>Tilava suorakulmainen muoto<\/b>: Mitat 78.5 x 35 x 45 cm, t\u00e4m\u00e4 kaappi tarjoaa runsaasti tilaa ilman liiallista tilan viemist\u00e4. Suorakulmainen muoto helpottaa levyjen ja aikakauslehtien j\u00e4rjest\u00e4mist\u00e4, pit\u00e4en olohuoneesi siistin\u00e4.<\/li>\n<li><b>Helppo asennus<\/b>: Kaappi voidaan asentaa joko vasemmalle tai oikealle, mik\u00e4 antaa joustavuutta tilan tarpeisiin. Se on helppo sovittaa mihin tahansa huoneeseen.<\/li>\n<li><b>Yksinkertaiset huolto-ohjeet<\/b>: Huolto on helppoa, riitt\u00e4\u00e4 kun pyyhk\u00e4iset kostealla liinalla. V\u00e4lt\u00e4 voimakkaita kemikaaleja, niin kaapin pinta pysyy kauniina ajan my\u00f6t\u00e4.<\/li>\n<\/ul>\n<ul>\n<li>V\u00e4ri: Musta tammi.<\/li>\n<li>Materiaali: Tekninen puu<\/li>\n<li>Yleiset mitat: 78,5 x 35 x 45 cm (P x L x K)<\/li>\n<li>Paino: 15,09 kg<\/li>\n<li>S\u00e4ilytystila<\/li>\n<li>Asennettavissa kahdella tavalla<\/li>\n<li>Helppo puhdistaa ja yll\u00e4pit\u00e4\u00e4<\/li>\n<li>Voidaan k\u00e4ytt\u00e4\u00e4 LP-kaappina tai aikakauslehtien s\u00e4ilytt\u00e4miseen<\/li>\n<li>6 hyllyill\u00e4<\/li>\n<li>Kehysmateriaali: Tekninen puu<\/li>\n<li>Enimm\u00e4ispaino: 60 kg<\/li>\n<li>Vain sis\u00e4k\u00e4ytt\u00f6\u00f6n<\/li>\n<li>Toimitus-:<\/li>\n<li>1 x Levykansio<\/li>\n<li>Kokoonpano vaaditaan: Kyll\u00e4<\/li>\n<\/ul>\n","protected":false},"excerpt":{"rendered":"<ul>\n<li>V\u00e4ri: Musta tammi.<\/li>\n<li>Materiaali: Tekninen puu<\/li>\n<li>Yleiset mitat: 78,5 x 35 x 45 cm (P x L x K)<\/li>\n<li>Paino: 15,09 kg<\/li>\n<li>S\u00e4ilytystila<\/li>\n<li>Asennettavissa kahdella tavalla<\/li>\n<li>Helppo puhdistaa ja yll\u00e4pit\u00e4\u00e4<\/li>\n<li>Voidaan k\u00e4ytt\u00e4\u00e4 LP-kaappina tai aikakauslehtien s\u00e4ilytt\u00e4miseen<\/li>\n<li>6 hyllyill\u00e4<\/li>\n<li>Kehysmateriaali: Tekninen puu<\/li>\n<li>Enimm\u00e4ispaino: 60 kg<\/li>\n<li>Vain sis\u00e4k\u00e4ytt\u00f6\u00f6n<\/li>\n<li>Toimitus-:<\/li>\n<li>1 x Levykansio<\/li>\n<li>Kokoonpano vaaditaan: Kyll\u00e4<\/li>\n<\/ul>\n","protected":false},"featured_media":100000196317,"comment_status":"closed","ping_status":"closed","template":"","meta":[],"product_brand":[],"product_cat":[84,8567],"product_tag":[],"class_list":{"0":"post-196317","1":"product","2":"type-product","3":"status-publish","4":"has-post-thumbnail","6":"product_cat-huonekalut","7":"product_cat-medialaitekaapit-telineet","9":"first","10":"instock","11":"taxable","12":"shipping-taxable","13":"purchasable","14":"product-type-simple"},"_links":{"self":[{"href":"https:\/\/www.otiumhome.fi\/index.php\/wp-json\/wp\/v2\/product\/196317","targetHints":{"allow":["GET"]}}],"collection":[{"href":"https:\/\/www.otiumhome.fi\/index.php\/wp-json\/wp\/v2\/product"}],"about":[{"href":"https:\/\/www.otiumhome.fi\/index.php\/wp-json\/wp\/v2\/types\/product"}],"replies":[{"embeddable":true,"href":"https:\/\/www.otiumhome.fi\/index.php\/wp-json\/wp\/v2\/comments?post=196317"}],"wp:featuredmedia":[{"embeddable":true,"href":"https:\/\/www.otiumhome.fi\/index.php\/wp-json\/"}],"wp:attachment":[{"href":"https:\/\/www.otiumhome.fi\/index.php\/wp-json\/wp\/v2\/media?parent=196317"}],"wp:term":[{"taxonomy":"product_brand","embeddable":true,"href":"https:\/\/www.otiumhome.fi\/index.php\/wp-json\/wp\/v2\/product_brand?post=196317"},{"taxonomy":"product_cat","embeddable":true,"href":"https:\/\/www.otiumhome.fi\/index.php\/wp-json\/wp\/v2\/product_cat?post=196317"},{"taxonomy":"product_tag","embeddable":true,"href":"https:\/\/www.otiumhome.fi\/index.php\/wp-json\/wp\/v2\/product_tag?post=196317"}],"curies":[{"name":"wp","href":"https:\/\/api.w.org\/{rel}","templated":true}]}}