{"id":196314,"date":"2025-11-29T07:16:36","date_gmt":"2025-11-29T07:16:36","guid":{"rendered":"https:\/\/www.otiumhome.fi\/?p=196314"},"modified":"2025-12-09T07:44:47","modified_gmt":"2025-12-09T07:44:47","slug":"meikkipoyta-monivarinen-100-x-50-x-75-cm-kierratetty-tayspuu","status":"publish","type":"product","link":"https:\/\/www.otiumhome.fi\/index.php\/tuote\/meikkipoyta-monivarinen-100-x-50-x-75-cm-kierratetty-tayspuu\/","title":{"rendered":"Meikkip\u00f6yt\u00e4 Moniv\u00e4rinen 100 x 50 x 75 cm Kierr\u00e4tetty T\u00e4yspuu"},"content":{"rendered":"<p>T\u00e4m\u00e4 Teollinen Meikkip\u00f6yt\u00e4 on tyylikk\u00e4\u00e4n suorakulmainen ja k\u00e4yt\u00e4nn\u00f6llinen s\u00e4ilytysratkaisu, joka sopii t\u00e4ydellisesti moderniin makuuhuoneeseen. Minimalistinen tyyli tuo mukavaa fiilist\u00e4 mihin tahansa huoneeseen ja antaa tyylikk\u00e4\u00e4n paikan kauneustuotteillesi peilin kanssa p\u00e4ivitt\u00e4isiin rituaaleihin. T\u00e4ss\u00e4 yhdistyy toiminnallisuus ja vieh\u00e4tys.<\/p>\n<ul>\n<li><b>Materiaalit:<\/b> T\u00e4m\u00e4 meikkip\u00f6yt\u00e4 on tehty huippulaatuisista materiaaleista, yhdist\u00e4en modernit tekstuurit ja luoden ulkon\u00e4\u00f6n, joka on sek\u00e4 houkutteleva ett\u00e4 kest\u00e4v\u00e4 p\u00e4ivitt\u00e4iseen k\u00e4ytt\u00f6\u00f6n. Pintamateriaali on sile\u00e4 ja p\u00f6yt\u00e4 on rakennettu kest\u00e4m\u00e4\u00e4n k\u00e4yt\u00f6ss\u00e4.<\/li>\n<li><b>Lis\u00e4osat:<\/b> Mukana on hyvin tehty tasainen peili, joka on t\u00e4ydellinen kauneudenhoitorutiineillesi. Peili istuu hienosti p\u00f6yd\u00e4ll\u00e4 ja tarjoaa kirkkaan heijastuksen, kun laitat itse\u00e4si valmiiksi.<\/li>\n<li><b>Ominaisuudet \/ Toiminta \/ Suunnittelu:<\/b> T\u00e4ss\u00e4 p\u00f6yd\u00e4ss\u00e4 on paljon s\u00e4ilytystilaa, ja siin\u00e4 on sis\u00e4\u00e4nrakennettuja laatikoita, jotka pit\u00e4v\u00e4t tavarasi j\u00e4rjestyksess\u00e4. Asettelu on suunniteltu piilottamaan sotkua, mutta silti kaikki t\u00e4rke\u00e4t asiat on helppo l\u00f6yt\u00e4\u00e4.<\/li>\n<li><b>Suositeltu k\u00e4ytt\u00f6tarkoitus:<\/b> Ihanteellinen makuuhuoneisiin, t\u00e4m\u00e4 meikkip\u00f6yt\u00e4 on t\u00e4ydellinen paikka aamun tai illan rituaaleille. Olitpa menossa t\u00f6ihin, illanviettoon tai vain nukkumaan, se pit\u00e4\u00e4 tilasi j\u00e4rjestyksess\u00e4 ja tyylikk\u00e4\u00e4n\u00e4.<\/li>\n<li><b>Hoito &amp; yll\u00e4pito:<\/b> Pid\u00e4 t\u00e4m\u00e4 kaunokainen kunnossa pyyhkim\u00e4ll\u00e4 se vain kostealla liinalla, jotta p\u00f6ly ei ker\u00e4\u00e4nny. T\u00e4m\u00e4 yksinkertainen rutiini auttaa s\u00e4ilytt\u00e4m\u00e4\u00e4n sen kiillon ja pit\u00e4\u00e4 sen kuin uutena pitk\u00e4\u00e4n.<\/li>\n<\/ul>\n<ul>\n<li>V\u00e4ri: Moniv\u00e4rinen<\/li>\n<li>Materiaali: Kierr\u00e4tetty t\u00e4yspuu<\/li>\n<li>Yleiset mitat: 100 x 50 x 75 cm (P x L x K)<\/li>\n<li>Paino: 21,05 kg<\/li>\n<li>S\u00e4ilytystila<\/li>\n<li>Peilill\u00e4<\/li>\n<li>2 hyllyill\u00e4<\/li>\n<li>Vain sis\u00e4k\u00e4ytt\u00f6\u00f6n<\/li>\n<li>Toimitus-:<\/li>\n<li>1 x meikkip\u00f6yt\u00e4<\/li>\n<li>Kokoonpano vaaditaan: Kyll\u00e4<\/li>\n<\/ul>\n","protected":false},"excerpt":{"rendered":"<ul>\n<li>V\u00e4ri: Moniv\u00e4rinen<\/li>\n<li>Materiaali: Kierr\u00e4tetty t\u00e4yspuu<\/li>\n<li>Yleiset mitat: 100 x 50 x 75 cm (P x L x K)<\/li>\n<li>Paino: 21,05 kg<\/li>\n<li>S\u00e4ilytystila<\/li>\n<li>Peilill\u00e4<\/li>\n<li>2 hyllyill\u00e4<\/li>\n<li>Vain sis\u00e4k\u00e4ytt\u00f6\u00f6n<\/li>\n<li>Toimitus-:<\/li>\n<li>1 x meikkip\u00f6yt\u00e4<\/li>\n<li>Kokoonpano vaaditaan: Kyll\u00e4<\/li>\n<\/ul>\n","protected":false},"featured_media":100000196314,"comment_status":"closed","ping_status":"closed","template":"","meta":[],"product_brand":[],"product_cat":[84,8561,8566],"product_tag":[],"class_list":{"0":"post-196314","1":"product","2":"type-product","3":"status-publish","4":"has-post-thumbnail","6":"product_cat-huonekalut","7":"product_cat-kampauspoydat","8":"product_cat-makuuhuoneen-kampauspoydat","10":"first","11":"instock","12":"taxable","13":"shipping-taxable","14":"purchasable","15":"product-type-simple"},"_links":{"self":[{"href":"https:\/\/www.otiumhome.fi\/index.php\/wp-json\/wp\/v2\/product\/196314","targetHints":{"allow":["GET"]}}],"collection":[{"href":"https:\/\/www.otiumhome.fi\/index.php\/wp-json\/wp\/v2\/product"}],"about":[{"href":"https:\/\/www.otiumhome.fi\/index.php\/wp-json\/wp\/v2\/types\/product"}],"replies":[{"embeddable":true,"href":"https:\/\/www.otiumhome.fi\/index.php\/wp-json\/wp\/v2\/comments?post=196314"}],"wp:featuredmedia":[{"embeddable":true,"href":"https:\/\/www.otiumhome.fi\/index.php\/wp-json\/"}],"wp:attachment":[{"href":"https:\/\/www.otiumhome.fi\/index.php\/wp-json\/wp\/v2\/media?parent=196314"}],"wp:term":[{"taxonomy":"product_brand","embeddable":true,"href":"https:\/\/www.otiumhome.fi\/index.php\/wp-json\/wp\/v2\/product_brand?post=196314"},{"taxonomy":"product_cat","embeddable":true,"href":"https:\/\/www.otiumhome.fi\/index.php\/wp-json\/wp\/v2\/product_cat?post=196314"},{"taxonomy":"product_tag","embeddable":true,"href":"https:\/\/www.otiumhome.fi\/index.php\/wp-json\/wp\/v2\/product_tag?post=196314"}],"curies":[{"name":"wp","href":"https:\/\/api.w.org\/{rel}","templated":true}]}}