{"id":196286,"date":"2025-11-29T05:18:49","date_gmt":"2025-11-29T05:18:49","guid":{"rendered":"https:\/\/www.otiumhome.fi\/?p=196286"},"modified":"2025-12-04T06:36:39","modified_gmt":"2025-12-04T06:36:39","slug":"kylpyhuoneen-pesuallaskaappi-62x33x58-cm-taysi-mangopuu","status":"publish","type":"product","link":"https:\/\/www.otiumhome.fi\/index.php\/tuote\/kylpyhuoneen-pesuallaskaappi-62x33x58-cm-taysi-mangopuu\/","title":{"rendered":"Kylpyhuoneen pesuallaskaappi 62x33x58 cm t\u00e4ysi mangopuu"},"content":{"rendered":"<p>T\u00e4m\u00e4 pesuallaskaappi on loistava lis\u00e4 kylpyhuoneeseesi antaen sille retrotyylisen elegantin tyylin!<\/p>\n<\/p>\n<ul>\n<li>Tukeva ja vakaa materiaali: T\u00e4ysi mangopuu on vankka trooppinen lehtipuu, joka on eritt\u00e4in suosittu huonekalujen valmistuksessa sen poikkeuksellisen kest\u00e4vyyden ja lujuuden vuoksi. Sen kauniit puunsyyt tekev\u00e4t jokaisesta tuotteesta ainutlaatuisen ja seuraavasta eroavan.<\/li>\n<li>Runsaasti s\u00e4ilytystilaa: Pesualtaan alakaappi tarjoaa runsaasti tilaa t\u00e4rkeille hygienia- ja kylpytuotteillesi, kuten saippuoille, shampoille, hammastahnalle, jne.<\/li>\n<li>K\u00e4yt\u00e4nn\u00f6llinen kaapin yl\u00e4osa: Allaskaapin yl\u00e4osassa on reik\u00e4, joten se on ihanteellinen pesualtaan sijoittamiseksi.<\/li>\n<li>Puiset jalat: Puiset jalat antavat kylpyhuoneen kaappiin luonnollisen ja miellytt\u00e4v\u00e4n ulkon\u00e4\u00f6n varmistaen samalla vakauden.<\/li>\n<\/ul>\n<p>Hyv\u00e4 tiet\u00e4\u00e4:<\/p>\n<ul>\n<li>Jokainen kappale on ainutlaatuisen eroavilla v\u00e4reill\u00e4 ja puunsyill\u00e4. Toimitus on sattumanvarainen, t\u00e4m\u00e4 takaa tuotteesi erityisyyden ja ainutlaatuisuuden.<\/li>\n<\/ul>\n<p>Varoitus:<\/p>\n<ul>\n<li>Kaatumisen est\u00e4miseksi t\u00e4t\u00e4 tuotetta on k\u00e4ytett\u00e4v\u00e4 mukana toimitetun sein\u00e4kiinnityslaitteen kanssa.<\/li>\n<\/ul>\n<ul>\n<li>Materiaali: Mango natural valkoisella maaliverkolla, tekninen puu, metalli<\/li>\n<li>Mitat: 62 x 33 x 58 cm (L x S x K)<\/li>\n<li>Jalkojen korkeus: 10 cm<\/li>\n<li>Kaksi ovea<\/li>\n<li>Asennus vaaditaan: Kyll\u00e4<\/li>\n<\/ul>\n","protected":false},"excerpt":{"rendered":"<ul>\n<li>Materiaali: Mango natural valkoisella maaliverkolla, tekninen puu, metalli<\/li>\n<li>Mitat: 62 x 33 x 58 cm (L x S x K)<\/li>\n<li>Jalkojen korkeus: 10 cm<\/li>\n<li>Kaksi ovea<\/li>\n<li>Asennus vaaditaan: Kyll\u00e4<\/li>\n<\/ul>\n","protected":false},"featured_media":100000196286,"comment_status":"closed","ping_status":"closed","template":"","meta":[],"product_brand":[],"product_cat":[84,8560],"product_tag":[],"class_list":{"0":"post-196286","1":"product","2":"type-product","3":"status-publish","4":"has-post-thumbnail","6":"product_cat-huonekalut","7":"product_cat-kylpyhuoneen-kalusteet","9":"first","10":"instock","11":"taxable","12":"shipping-taxable","13":"purchasable","14":"product-type-simple"},"_links":{"self":[{"href":"https:\/\/www.otiumhome.fi\/index.php\/wp-json\/wp\/v2\/product\/196286","targetHints":{"allow":["GET"]}}],"collection":[{"href":"https:\/\/www.otiumhome.fi\/index.php\/wp-json\/wp\/v2\/product"}],"about":[{"href":"https:\/\/www.otiumhome.fi\/index.php\/wp-json\/wp\/v2\/types\/product"}],"replies":[{"embeddable":true,"href":"https:\/\/www.otiumhome.fi\/index.php\/wp-json\/wp\/v2\/comments?post=196286"}],"wp:featuredmedia":[{"embeddable":true,"href":"https:\/\/www.otiumhome.fi\/index.php\/wp-json\/"}],"wp:attachment":[{"href":"https:\/\/www.otiumhome.fi\/index.php\/wp-json\/wp\/v2\/media?parent=196286"}],"wp:term":[{"taxonomy":"product_brand","embeddable":true,"href":"https:\/\/www.otiumhome.fi\/index.php\/wp-json\/wp\/v2\/product_brand?post=196286"},{"taxonomy":"product_cat","embeddable":true,"href":"https:\/\/www.otiumhome.fi\/index.php\/wp-json\/wp\/v2\/product_cat?post=196286"},{"taxonomy":"product_tag","embeddable":true,"href":"https:\/\/www.otiumhome.fi\/index.php\/wp-json\/wp\/v2\/product_tag?post=196286"}],"curies":[{"name":"wp","href":"https:\/\/api.w.org\/{rel}","templated":true}]}}