{"id":196267,"date":"2025-11-29T04:58:54","date_gmt":"2025-11-29T04:58:54","guid":{"rendered":"https:\/\/www.otiumhome.fi\/?p=196267"},"modified":"2025-12-04T06:03:11","modified_gmt":"2025-12-04T06:03:11","slug":"5-osainen-kylpyhuoneen-kalustesarja-taysi-akasiapuu","status":"publish","type":"product","link":"https:\/\/www.otiumhome.fi\/index.php\/tuote\/5-osainen-kylpyhuoneen-kalustesarja-taysi-akasiapuu\/","title":{"rendered":"5-osainen Kylpyhuoneen kalustesarja t\u00e4ysi akasiapuu"},"content":{"rendered":"<p>T\u00e4m\u00e4 puinen kylpyhuoneen kalustesarja on loistava lis\u00e4 kylpyhuoneeseesi, antaen sille siistin ja huomiota her\u00e4tt\u00e4v\u00e4n ulkon\u00e4\u00f6n!<\/p>\n<\/p>\n<ul>\n<li>T\u00e4ysi akasiapuu: Kaappi on valmistettu tekniseen puuhun yhdistetyst\u00e4 t\u00e4ydest\u00e4 akasiapuusta. T\u00e4ysi akasiapuu on kaunis luonnonmateriaali. Akasiapuu on tihe\u00e4syinen, tukeva ja kest\u00e4v\u00e4 trooppinen lehtipuu.<\/li>\n<li>Reilusti s\u00e4ilytystilaa: Kylpyhuoneen s\u00e4ilytyskaappi tarjoaa useita s\u00e4ilytysvaihtoehtoja tavaroidesi s\u00e4ilytt\u00e4miseen kylpyhuoneessa.<\/li>\n<li>Tukevat jalat: Kylpyhuonekaapin rautajalat takaavat tukevuuden ja vakauden.<\/li>\n<li>K\u00e4yt\u00e4nn\u00f6llinen muotoilu: T\u00e4m\u00e4n kylpyhuonekaapin yl\u00e4taso on ihanteellinen paikka pesualtaalle.<\/li>\n<li>Selke\u00e4 n\u00e4kym\u00e4: Lasipeilipinta takaa selke\u00e4n n\u00e4kym\u00e4n, joten voit nauttia luonnollisesta heijastuksesta sen edess\u00e4 seistess\u00e4si.<\/li>\n<\/ul>\n<p>Varoitus:<\/p>\n<ul>\n<li>Kaatumisen est\u00e4miseksi t\u00e4t\u00e4 tuotetta on k\u00e4ytett\u00e4v\u00e4 mukana toimitetun sein\u00e4kiinnityslaitteen kanssa.<\/li>\n<\/ul>\n<p>Hyv\u00e4 tiet\u00e4\u00e4:<\/p>\n<ul>\n<li>Ole hyv\u00e4 ja ota huomioon, ett\u00e4 pesuallas ei sis\u00e4lly toimitukseen.<\/li>\n<li>Sein\u00e4\u00e4n kiinnitett\u00e4v\u00e4t ruuvit ja tulpat eiv\u00e4t sis\u00e4lly toimitukseen. Suosittelemme etsim\u00e4\u00e4n ja k\u00e4ytt\u00e4m\u00e4\u00e4n sein\u00e4\u00e4si sopivia ruuveja ja tulppia. Jos olet ep\u00e4varma, kysy ammattilaisen neuvoa. Lue ja noudata ohjeiden jokaista vaihetta.<\/li>\n<li>Jokainen kappale on ainutlaatuisen eroavilla v\u00e4reill\u00e4 ja puunsyill\u00e4. Toimitus on sattumanvarainen, t\u00e4m\u00e4 takaa tuotteesi erityisyyden ja ainutlaatuisuuden.<\/li>\n<\/ul>\n<ul>\n<li><strong>Y\u00f6p\u00f6yt\u00e4:<\/strong><\/li>\n<li>Materiaali: T\u00e4ysi akaasiapuu kierr\u00e4tetty viimeistely, tekninen puu<\/li>\n<li>Jalkojen materiaali: rauta<\/li>\n<li>Pesuallaskaapin mitat: 62 x 34 x 58 cm (P x L x K)<\/li>\n<li>Kylpyhuoneen kaapin mitat (korkea): 38 x 34 x 160 cm (P x L x K)<\/li>\n<li>Kylpyhuoneen kaapin mitat (matala): 38 x 34 x 58 cm (P x L x K)<\/li>\n<li>Sein\u00e4kaapin mitat: 38 x 34 x 48 cm (P x L x K)<\/li>\n<li>Jalkojen korkeus: 10 cm<\/li>\n<li><strong>Peili:<\/strong><\/li>\n<li>Materiaali: T\u00e4ysi akaasiapuu kierr\u00e4tetty viimeistely, tekninen puu, lasi<\/li>\n<li>Mitat: 50 x 70 x 2,5 cm (P x L x Paks.)<\/li>\n<li>Asennus vaaditaan: Kyll\u00e4<\/li>\n<li><strong>Toimitus sis\u00e4lt\u00e4\u00e4:<\/strong><\/li>\n<li>1 x allaskaappi<\/li>\n<li>1 x Kylpyhuoneen kaappi (korkea)<\/li>\n<li>1 x Kylpyhuoneen kaappi (matala)<\/li>\n<li>1 x sein\u00e4kaappi<\/li>\n<li>1 x peili<\/li>\n<li>Legal Documents:\n<p><span>Lis\u00e4tietoja huonekalujesi kaatumisen est\u00e4misest\u00e4 voit l\u00f6yt\u00e4\u00e4 <span style=\"text-decoration: underline\"><strong><a title=\"https:\/\/bit.ly\/3bVwkQp\" href=\"https:\/\/bit.ly\/3bVwkQp\" target=\"_blank\">t\u00e4\u00e4lt\u00e4<\/a><\/strong><\/span><\/span><\/p>\n<\/li>\n<\/ul>\n","protected":false},"excerpt":{"rendered":"<ul>\n<li><strong>Y\u00f6p\u00f6yt\u00e4:<\/strong><\/li>\n<li>Materiaali: T\u00e4ysi akaasiapuu kierr\u00e4tetty viimeistely, tekninen puu<\/li>\n<li>Jalkojen materiaali: rauta<\/li>\n<li>Pesuallaskaapin mitat: 62 x 34 x 58 cm (P x L x K)<\/li>\n<li>Kylpyhuoneen kaapin mitat (korkea): 38 x 34 x 160 cm (P x L x K)<\/li>\n<li>Kylpyhuoneen kaapin mitat (matala): 38 x 34 x 58 cm (P x L x K)<\/li>\n<li>Sein\u00e4kaapin mitat: 38 x 34 x 48 cm (P x L x K)<\/li>\n<li>Jalkojen korkeus: 10 cm<\/li>\n<li><strong>Peili:<\/strong><\/li>\n<li>Materiaali: T\u00e4ysi akaasiapuu kierr\u00e4tetty viimeistely, tekninen puu, lasi<\/li>\n<li>Mitat: 50 x 70 x 2,5 cm (P x L x Paks.)<\/li>\n<li>Asennus vaaditaan: Kyll\u00e4<\/li>\n<li><strong>Toimitus sis\u00e4lt\u00e4\u00e4:<\/strong><\/li>\n<li>1 x allaskaappi<\/li>\n<li>1 x Kylpyhuoneen kaappi (korkea)<\/li>\n<li>1 x Kylpyhuoneen kaappi (matala)<\/li>\n<li>1 x sein\u00e4kaappi<\/li>\n<li>1 x peili<\/li>\n<li>Legal Documents:\n<p><span>Lis\u00e4tietoja huonekalujesi kaatumisen est\u00e4misest\u00e4 voit l\u00f6yt\u00e4\u00e4 <span style=\"text-decoration: underline\"><strong><a title=\"https:\/\/bit.ly\/3bVwkQp\" href=\"https:\/\/bit.ly\/3bVwkQp\" target=\"_blank\">t\u00e4\u00e4lt\u00e4<\/a><\/strong><\/span><\/span><\/p>\n<\/li>\n<\/ul>\n","protected":false},"featured_media":100000196267,"comment_status":"closed","ping_status":"closed","template":"","meta":[],"product_brand":[],"product_cat":[84,8560],"product_tag":[],"class_list":{"0":"post-196267","1":"product","2":"type-product","3":"status-publish","4":"has-post-thumbnail","6":"product_cat-huonekalut","7":"product_cat-kylpyhuoneen-kalusteet","9":"first","10":"outofstock","11":"taxable","12":"shipping-taxable","13":"purchasable","14":"product-type-simple"},"_links":{"self":[{"href":"https:\/\/www.otiumhome.fi\/index.php\/wp-json\/wp\/v2\/product\/196267","targetHints":{"allow":["GET"]}}],"collection":[{"href":"https:\/\/www.otiumhome.fi\/index.php\/wp-json\/wp\/v2\/product"}],"about":[{"href":"https:\/\/www.otiumhome.fi\/index.php\/wp-json\/wp\/v2\/types\/product"}],"replies":[{"embeddable":true,"href":"https:\/\/www.otiumhome.fi\/index.php\/wp-json\/wp\/v2\/comments?post=196267"}],"wp:featuredmedia":[{"embeddable":true,"href":"https:\/\/www.otiumhome.fi\/index.php\/wp-json\/"}],"wp:attachment":[{"href":"https:\/\/www.otiumhome.fi\/index.php\/wp-json\/wp\/v2\/media?parent=196267"}],"wp:term":[{"taxonomy":"product_brand","embeddable":true,"href":"https:\/\/www.otiumhome.fi\/index.php\/wp-json\/wp\/v2\/product_brand?post=196267"},{"taxonomy":"product_cat","embeddable":true,"href":"https:\/\/www.otiumhome.fi\/index.php\/wp-json\/wp\/v2\/product_cat?post=196267"},{"taxonomy":"product_tag","embeddable":true,"href":"https:\/\/www.otiumhome.fi\/index.php\/wp-json\/wp\/v2\/product_tag?post=196267"}],"curies":[{"name":"wp","href":"https:\/\/api.w.org\/{rel}","templated":true}]}}