{"id":196256,"date":"2025-11-29T04:46:32","date_gmt":"2025-11-29T04:46:32","guid":{"rendered":"https:\/\/www.otiumhome.fi\/?p=196256"},"modified":"2025-11-30T07:28:56","modified_gmt":"2025-11-30T07:28:56","slug":"4-osainen-kylpyhuoneen-kalustesarja-taysi-mangopuu","status":"publish","type":"product","link":"https:\/\/www.otiumhome.fi\/index.php\/tuote\/4-osainen-kylpyhuoneen-kalustesarja-taysi-mangopuu\/","title":{"rendered":"4-osainen Kylpyhuoneen kalustesarja t\u00e4ysi mangopuu"},"content":{"rendered":"<p>T\u00e4m\u00e4 puinen kylpyhuoneen kalustesarja on loistava lis\u00e4 kylpyhuoneeseesi, antaen sille siistin ja huomiota her\u00e4tt\u00e4v\u00e4n ulkon\u00e4\u00f6n!<\/p>\n<\/p>\n<ul>\n<li>Tukeva ja vakaa materiaali: T\u00e4ysi mangopuu on vankka trooppinen lehtipuu, joka on eritt\u00e4in suosittu huonekalujen valmistuksessa sen poikkeuksellisen kest\u00e4vyyden ja lujuuden vuoksi. Sen kauniit puunsyyt tekev\u00e4t jokaisesta tuotteesta ainutlaatuisen ja seuraavasta eroavan.<\/li>\n<li>Runsaasti s\u00e4ilytystilaa: T\u00e4m\u00e4 kylpyhuonekaluste tarjoaa runsaasti s\u00e4ilytystilaa t\u00e4rkeiden tavaroiden s\u00e4ilytt\u00e4miseen ja k\u00e4ttesi ulottuvilla pit\u00e4miseen.<\/li>\n<li>Selke\u00e4 n\u00e4kym\u00e4: Kauneudenhoitopeilin pinta takaa selke\u00e4n n\u00e4kym\u00e4n, joten voit nauttia luonnollisesta heijastuksesta sen edess\u00e4 seistess\u00e4si.<\/li>\n<li>Sein\u00e4lle asennettava malli: Kosmetiikkapeili voidaan asentaa sein\u00e4lle, mik\u00e4 tekee siit\u00e4 erityisen sopivan huoneisiin, joissa on rajoitetusti tilaa.<\/li>\n<li>Tukevat jalat: Kylpyhuonekaapin rautajalat takaavat tukevuuden ja vakauden.<\/li>\n<\/ul>\n<p>Varoitus:<\/p>\n<ul>\n<li>Kaatumisen est\u00e4miseksi t\u00e4t\u00e4 tuotetta on k\u00e4ytett\u00e4v\u00e4 mukana toimitetun sein\u00e4kiinnityslaitteen kanssa.<\/li>\n<\/ul>\n<p>Hyv\u00e4 tiet\u00e4\u00e4:<\/p>\n<ul>\n<li>Sein\u00e4\u00e4n kiinnitett\u00e4v\u00e4t ruuvit ja tulpat eiv\u00e4t sis\u00e4lly toimitukseen. Suosittelemme etsim\u00e4\u00e4n ja k\u00e4ytt\u00e4m\u00e4\u00e4n sein\u00e4\u00e4si sopivia ruuveja ja tulppia. Jos olet ep\u00e4varma, kysy ammattilaisen neuvoa. Lue ja noudata ohjeiden jokaista vaihetta.<\/li>\n<li>Jokainen kappale on ainutlaatuisen eroavilla v\u00e4reill\u00e4 ja puunsyill\u00e4. Toimitus on sattumanvarainen, t\u00e4m\u00e4 takaa tuotteesi erityisyyden ja ainutlaatuisuuden.<\/li>\n<\/ul>\n<ul>\n<li>Materiaali: T\u00e4ysi mangopuu, lasi<\/li>\n<li>Allaskaapin mitat: 62 x 33 x 58 cm (P x L x K)<\/li>\n<li>Kylpyhuonekaapin mitat (L): 38 x 33 x 160 cm (P x L x K)<\/li>\n<li>Kylpyhuonekaapin mitat (S): 38 x 33 x 58 cm (P x L x K)<\/li>\n<li>Peilin mitat: 50 x 70 x 2,5 cm (L x S x S)<\/li>\n<li>Asennus vaaditaan: Kyll\u00e4<\/li>\n<li><strong>Toimitus sis\u00e4lt\u00e4\u00e4:<\/strong><\/li>\n<li>1 x allaskaappi<\/li>\n<li>1 x kylpyhuonekaapin mitat (L)<\/li>\n<li>1 x kylpyhuonekaapin mitat (S)<\/li>\n<li>1 x peili<\/li>\n<\/ul>\n","protected":false},"excerpt":{"rendered":"<ul>\n<li>Materiaali: T\u00e4ysi mangopuu, lasi<\/li>\n<li>Allaskaapin mitat: 62 x 33 x 58 cm (P x L x K)<\/li>\n<li>Kylpyhuonekaapin mitat (L): 38 x 33 x 160 cm (P x L x K)<\/li>\n<li>Kylpyhuonekaapin mitat (S): 38 x 33 x 58 cm (P x L x K)<\/li>\n<li>Peilin mitat: 50 x 70 x 2,5 cm (L x S x S)<\/li>\n<li>Asennus vaaditaan: Kyll\u00e4<\/li>\n<li><strong>Toimitus sis\u00e4lt\u00e4\u00e4:<\/strong><\/li>\n<li>1 x allaskaappi<\/li>\n<li>1 x kylpyhuonekaapin mitat (L)<\/li>\n<li>1 x kylpyhuonekaapin mitat (S)<\/li>\n<li>1 x peili<\/li>\n<\/ul>\n","protected":false},"featured_media":100000196256,"comment_status":"closed","ping_status":"closed","template":"","meta":[],"product_brand":[],"product_cat":[84,8560],"product_tag":[],"class_list":{"0":"post-196256","1":"product","2":"type-product","3":"status-publish","4":"has-post-thumbnail","6":"product_cat-huonekalut","7":"product_cat-kylpyhuoneen-kalusteet","9":"first","10":"instock","11":"taxable","12":"shipping-taxable","13":"purchasable","14":"product-type-simple"},"_links":{"self":[{"href":"https:\/\/www.otiumhome.fi\/index.php\/wp-json\/wp\/v2\/product\/196256","targetHints":{"allow":["GET"]}}],"collection":[{"href":"https:\/\/www.otiumhome.fi\/index.php\/wp-json\/wp\/v2\/product"}],"about":[{"href":"https:\/\/www.otiumhome.fi\/index.php\/wp-json\/wp\/v2\/types\/product"}],"replies":[{"embeddable":true,"href":"https:\/\/www.otiumhome.fi\/index.php\/wp-json\/wp\/v2\/comments?post=196256"}],"wp:featuredmedia":[{"embeddable":true,"href":"https:\/\/www.otiumhome.fi\/index.php\/wp-json\/"}],"wp:attachment":[{"href":"https:\/\/www.otiumhome.fi\/index.php\/wp-json\/wp\/v2\/media?parent=196256"}],"wp:term":[{"taxonomy":"product_brand","embeddable":true,"href":"https:\/\/www.otiumhome.fi\/index.php\/wp-json\/wp\/v2\/product_brand?post=196256"},{"taxonomy":"product_cat","embeddable":true,"href":"https:\/\/www.otiumhome.fi\/index.php\/wp-json\/wp\/v2\/product_cat?post=196256"},{"taxonomy":"product_tag","embeddable":true,"href":"https:\/\/www.otiumhome.fi\/index.php\/wp-json\/wp\/v2\/product_tag?post=196256"}],"curies":[{"name":"wp","href":"https:\/\/api.w.org\/{rel}","templated":true}]}}