{"id":196229,"date":"2025-11-29T04:05:33","date_gmt":"2025-11-29T04:05:33","guid":{"rendered":"https:\/\/www.otiumhome.fi\/?p=196229"},"modified":"2025-12-09T05:12:57","modified_gmt":"2025-12-09T05:12:57","slug":"kirjahylly-hyllylla-savupahkina-80-x-30-x-198-cm-tekninen-puu","status":"publish","type":"product","link":"https:\/\/www.otiumhome.fi\/index.php\/tuote\/kirjahylly-hyllylla-savupahkina-80-x-30-x-198-cm-tekninen-puu\/","title":{"rendered":"Kirjahylly hyllyll\u00e4 Savup\u00e4hkin\u00e4 80 x 30 x 198 cm Tekninen puu"},"content":{"rendered":"<p>T\u00e4m\u00e4 moderni kirjahylly tuo tyyli\u00e4 ja toimivuutta olohuoneeseesi. Sen suoraviivainen muoto ja nykyaikainen ilme sulautuvat helposti moderneihin sisustuksiin. Se on t\u00e4ydellinen ratkaisu, johon mahtuu paljon kirjoja, koristeita ja muita t\u00e4rkeit\u00e4 tavaroita. Kest\u00e4v\u00e4 tekninen puu takaa vakauden, ja avoin muotoilu mahdollistaa helpon p\u00e4\u00e4syn ja kauniin esittelyn.<\/p>\n<ul>\n<li><b>Kest\u00e4v\u00e4 tekninen puu:<\/b> T\u00e4m\u00e4 kirjahylly on valmistettu laadukkaasta teknisest\u00e4 puusta, joka kest\u00e4\u00e4 k\u00e4ytt\u00f6\u00e4 ja n\u00e4ytt\u00e4\u00e4 hyv\u00e4lt\u00e4. Olipa se kirjahyllyn\u00e4 tai koristeiden esillepanijana, sen vahva rakenne takaa moitteettoman sisustuksen.<\/li>\n<li><b>Avoin hyllymuotoilu:<\/b> Avoimet hyllyt antavat mahdollisuuden luovuuteen ja tekev\u00e4t olohuoneesta siistin ja esteettisesti miellytt\u00e4v\u00e4n. Laita kirjoja tai kauniita esineit\u00e4 esille, ja pid\u00e4 tila j\u00e4rjestyksess\u00e4.<\/li>\n<li><b>Moderni tyyli:<\/b> Minimalistinen muotoilu tuo esiin selkeit\u00e4 linjoja ja on t\u00e4ydellinen nykyaikaiseen sisustukseen. Se parantaa huoneen tunnelmaa ja n\u00e4ytt\u00e4\u00e4 hyv\u00e4lt\u00e4 muiden sisustuselementtien kanssa.<\/li>\n<li><b>K\u00e4yt\u00e4nn\u00f6llinen k\u00e4ytt\u00f6:<\/b> T\u00e4m\u00e4 kaappi ei ole vain kirjojen s\u00e4ilytyst\u00e4 varten, vaan se toimii my\u00f6s jakajana. Sen ohuet linjat ja tilavuus tekev\u00e4t siit\u00e4 loistavan keskipisteen olohuoneeseesi.<\/li>\n<li><b>Yksinkertainen yll\u00e4pito:<\/b> Pid\u00e4 t\u00e4m\u00e4 kaappi hyv\u00e4ss\u00e4 kunnossa pyyhkim\u00e4ll\u00e4 se s\u00e4\u00e4nn\u00f6llisesti ja puhdistamalla kostealla liinalla. V\u00e4lt\u00e4 voimakkaita kemikaaleja, jotta se kest\u00e4isi pitk\u00e4\u00e4n.<\/li>\n<\/ul>\n<ul>\n<li>V\u00e4ri: Savup\u00e4hkin\u00e4<\/li>\n<li>Materiaali: Tekninen puu<\/li>\n<li>Yleiset mitat: 80 x 30 x 198 cm (P x L x K)<\/li>\n<li>Kest\u00e4v\u00e4<\/li>\n<li>6 hyllyill\u00e4<\/li>\n<li>Kehysmateriaali: Tekninen puu<\/li>\n<li>Vain sis\u00e4k\u00e4ytt\u00f6\u00f6n<\/li>\n<li>Toimitus-:<\/li>\n<li>1 x Kirjahylly<\/li>\n<li>Kokoonpano vaaditaan: Kyll\u00e4<\/li>\n<\/ul>\n","protected":false},"excerpt":{"rendered":"<ul>\n<li>V\u00e4ri: Savup\u00e4hkin\u00e4<\/li>\n<li>Materiaali: Tekninen puu<\/li>\n<li>Yleiset mitat: 80 x 30 x 198 cm (P x L x K)<\/li>\n<li>Kest\u00e4v\u00e4<\/li>\n<li>6 hyllyill\u00e4<\/li>\n<li>Kehysmateriaali: Tekninen puu<\/li>\n<li>Vain sis\u00e4k\u00e4ytt\u00f6\u00f6n<\/li>\n<li>Toimitus-:<\/li>\n<li>1 x Kirjahylly<\/li>\n<li>Kokoonpano vaaditaan: Kyll\u00e4<\/li>\n<\/ul>\n","protected":false},"featured_media":100000196229,"comment_status":"closed","ping_status":"closed","template":"","meta":[],"product_brand":[],"product_cat":[84,8547],"product_tag":[],"class_list":{"0":"post-196229","1":"product","2":"type-product","3":"status-publish","4":"has-post-thumbnail","6":"product_cat-huonekalut","7":"product_cat-kirjahyllyt","9":"first","10":"instock","11":"taxable","12":"shipping-taxable","13":"purchasable","14":"product-type-simple"},"_links":{"self":[{"href":"https:\/\/www.otiumhome.fi\/index.php\/wp-json\/wp\/v2\/product\/196229","targetHints":{"allow":["GET"]}}],"collection":[{"href":"https:\/\/www.otiumhome.fi\/index.php\/wp-json\/wp\/v2\/product"}],"about":[{"href":"https:\/\/www.otiumhome.fi\/index.php\/wp-json\/wp\/v2\/types\/product"}],"replies":[{"embeddable":true,"href":"https:\/\/www.otiumhome.fi\/index.php\/wp-json\/wp\/v2\/comments?post=196229"}],"wp:featuredmedia":[{"embeddable":true,"href":"https:\/\/www.otiumhome.fi\/index.php\/wp-json\/"}],"wp:attachment":[{"href":"https:\/\/www.otiumhome.fi\/index.php\/wp-json\/wp\/v2\/media?parent=196229"}],"wp:term":[{"taxonomy":"product_brand","embeddable":true,"href":"https:\/\/www.otiumhome.fi\/index.php\/wp-json\/wp\/v2\/product_brand?post=196229"},{"taxonomy":"product_cat","embeddable":true,"href":"https:\/\/www.otiumhome.fi\/index.php\/wp-json\/wp\/v2\/product_cat?post=196229"},{"taxonomy":"product_tag","embeddable":true,"href":"https:\/\/www.otiumhome.fi\/index.php\/wp-json\/wp\/v2\/product_tag?post=196229"}],"curies":[{"name":"wp","href":"https:\/\/api.w.org\/{rel}","templated":true}]}}