{"id":196223,"date":"2025-11-29T04:02:44","date_gmt":"2025-11-29T04:02:44","guid":{"rendered":"https:\/\/www.otiumhome.fi\/?p=196223"},"modified":"2025-11-29T22:28:40","modified_gmt":"2025-11-29T22:28:40","slug":"7-osainen-ruokailuryhma-musta-ja-valkoinen","status":"publish","type":"product","link":"https:\/\/www.otiumhome.fi\/index.php\/tuote\/7-osainen-ruokailuryhma-musta-ja-valkoinen\/","title":{"rendered":"7-osainen Ruokailuryhm\u00e4 musta ja valkoinen"},"content":{"rendered":"<p>Ruokailuryhm\u00e4 koostuu seitsem\u00e4st\u00e4 osasta ja sen tyylik\u00e4s ja moderni muotoilu sopii erinomaisesti niille, jotka haluavat lis\u00e4t\u00e4 ripauksen nykyaikaista tyyli\u00e4 sisustukseensa.<\/p>\n<\/p>\n<p>P\u00f6yt\u00e4levy on tehty lujasta karkaistusta lasista, joka on helppo puhdistaa. Kukin tuoli on verhoiltu laadukkaalla keinonahkalla. Pehmustettu istuin on eritt\u00e4in mukava.<\/p>\n<\/p>\n<p>Toimitus sis\u00e4lt\u00e4\u00e4 1 p\u00f6yd\u00e4n ja 6 tuolia.<\/p>\n<ul>\n<li>V\u00e4ri: mustavalkoinen<\/li>\n<li>P\u00f6yd\u00e4n materiaali: karkaistu lasi, rautarunko<\/li>\n<li>Tuolin materiaali: keinonahka, puurunko, rautajalat<\/li>\n<li>P\u00f6yd\u00e4n koko: 120 x 60 x 74 cm (P x L x K)<\/li>\n<li>Tuolin koko: 43 x 50 x 96 cm (L x S x K)<\/li>\n<li>Istuimen koko: 43 x 39 cm (L x S)<\/li>\n<li>Istuimen korkeus maasta: 46 cm<\/li>\n<li>Toimitus sis\u00e4lt\u00e4\u00e4 1 p\u00f6yd\u00e4n ja 6 tuolia<\/li>\n<\/ul>\n","protected":false},"excerpt":{"rendered":"<ul>\n<li>V\u00e4ri: mustavalkoinen<\/li>\n<li>P\u00f6yd\u00e4n materiaali: karkaistu lasi, rautarunko<\/li>\n<li>Tuolin materiaali: keinonahka, puurunko, rautajalat<\/li>\n<li>P\u00f6yd\u00e4n koko: 120 x 60 x 74 cm (P x L x K)<\/li>\n<li>Tuolin koko: 43 x 50 x 96 cm (L x S x K)<\/li>\n<li>Istuimen koko: 43 x 39 cm (L x S)<\/li>\n<li>Istuimen korkeus maasta: 46 cm<\/li>\n<li>Toimitus sis\u00e4lt\u00e4\u00e4 1 p\u00f6yd\u00e4n ja 6 tuolia<\/li>\n<\/ul>\n","protected":false},"featured_media":100000196223,"comment_status":"closed","ping_status":"closed","template":"","meta":[],"product_brand":[],"product_cat":[84,8545],"product_tag":[],"class_list":{"0":"post-196223","1":"product","2":"type-product","3":"status-publish","4":"has-post-thumbnail","6":"product_cat-huonekalut","7":"product_cat-keittion-ruokasalin-kalusteet","9":"first","10":"instock","11":"taxable","12":"shipping-taxable","13":"purchasable","14":"product-type-simple"},"_links":{"self":[{"href":"https:\/\/www.otiumhome.fi\/index.php\/wp-json\/wp\/v2\/product\/196223","targetHints":{"allow":["GET"]}}],"collection":[{"href":"https:\/\/www.otiumhome.fi\/index.php\/wp-json\/wp\/v2\/product"}],"about":[{"href":"https:\/\/www.otiumhome.fi\/index.php\/wp-json\/wp\/v2\/types\/product"}],"replies":[{"embeddable":true,"href":"https:\/\/www.otiumhome.fi\/index.php\/wp-json\/wp\/v2\/comments?post=196223"}],"wp:featuredmedia":[{"embeddable":true,"href":"https:\/\/www.otiumhome.fi\/index.php\/wp-json\/"}],"wp:attachment":[{"href":"https:\/\/www.otiumhome.fi\/index.php\/wp-json\/wp\/v2\/media?parent=196223"}],"wp:term":[{"taxonomy":"product_brand","embeddable":true,"href":"https:\/\/www.otiumhome.fi\/index.php\/wp-json\/wp\/v2\/product_brand?post=196223"},{"taxonomy":"product_cat","embeddable":true,"href":"https:\/\/www.otiumhome.fi\/index.php\/wp-json\/wp\/v2\/product_cat?post=196223"},{"taxonomy":"product_tag","embeddable":true,"href":"https:\/\/www.otiumhome.fi\/index.php\/wp-json\/wp\/v2\/product_tag?post=196223"}],"curies":[{"name":"wp","href":"https:\/\/api.w.org\/{rel}","templated":true}]}}