{"id":196216,"date":"2025-11-29T03:57:23","date_gmt":"2025-11-29T03:57:23","guid":{"rendered":"https:\/\/www.otiumhome.fi\/?p=196216"},"modified":"2025-12-09T04:49:42","modified_gmt":"2025-12-09T04:49:42","slug":"ruokailupoyta-luonnollinen-100-x-55-x-75-cm-kiintea-mango-puu","status":"publish","type":"product","link":"https:\/\/www.otiumhome.fi\/index.php\/tuote\/ruokailupoyta-luonnollinen-100-x-55-x-75-cm-kiintea-mango-puu\/","title":{"rendered":"Ruokailup\u00f6yt\u00e4 Luonnollinen 100 x 55 x 75 cm Kiinte\u00e4 mango puu"},"content":{"rendered":"<p>T\u00e4m\u00e4 ruokap\u00f6yt\u00e4 tuo rustiikkista vieh\u00e4tyst\u00e4 ja toimii loistavana keskipisteen\u00e4 miss\u00e4 tahansa ruokasalissa. Massiivimangopuun luonnollinen l\u00e4mp\u00f6 ja ruskea v\u00e4ri luovat t\u00e4ydelliset puitteet ikimuistoisille aterioille ja kokoontumisille. Olitpa j\u00e4rjest\u00e4m\u00e4ss\u00e4 perheillallisia tai yst\u00e4vien kanssa, t\u00e4m\u00e4n p\u00f6yd\u00e4n tyylitietoisuus varmistaa paikkaa t\u00e4lle tapahtumalle.<\/p>\n<ul>\n<li><b>Rikas mangopuu:<\/b> T\u00e4m\u00e4 p\u00f6yt\u00e4 on tehty massiivimangopuun, joka on kest\u00e4v\u00e4 ja luotettava. Puun syiden kaunis malli ja v\u00e4rit tuovat l\u00e4mp\u00f6\u00e4, tehden siit\u00e4 kutsuvan lis\u00e4yksen ruokasaliisi. T\u00e4m\u00e4 puu on tunnettua vankkuudestaan ja kauniista ulkon\u00e4\u00f6st\u00e4\u00e4n.<\/li>\n<li><b>Rustiikkinen eleganssi:<\/b> Rustiikkinen muotoilu vangitsee luonnollista kauneutta ja tyyli\u00e4. Ruskea viimeistely sopii erilaisiin sisustustyyleihin ja luo kodikasta tunnelmaa hienostuneisuudesta tinkim\u00e4tt\u00e4. Rustiikkinen vieh\u00e4tys luo l\u00e4mp\u00f6\u00e4 perhesiteille ja vieraiden viihtymiselle.<\/li>\n<li><b>K\u00e4yt\u00e4nn\u00f6llinen keskipiste:<\/b> Iso pinta tarjoaa runsaasti tilaa ruokailuun ja koristeille. Erinomainen jokap\u00e4iv\u00e4iseen el\u00e4m\u00e4\u00e4n ja juhliin. Yksinkertainen, mutta n\u00e4ytt\u00e4v\u00e4 muotoilu tekee siit\u00e4 ruokasalin syd\u00e4men.<\/li>\n<li><b>Tukeva rakenne:<\/b> Massiivimangopuun jalat tuovat vakautta ja tukea. Hyvin rakennetut jalat sulautuvat hienosti p\u00f6yd\u00e4n ilmeeseen ja tarjoavat tarpeellista voimaa erilaisiin tilanteisiin. T\u00e4m\u00e4 on kest\u00e4v\u00e4 ja luotettava rakenne.<\/li>\n<li><b>Sis\u00e4tilojen tunnelma:<\/b> Suunniteltu sis\u00e4tiloihin, t\u00e4m\u00e4 p\u00f6yt\u00e4 luo kutsuvan ruokailutilan. Maanl\u00e4heiset v\u00e4rit ja massiivinen materiaali lis\u00e4\u00e4v\u00e4t kodin l\u00e4mp\u00f6\u00e4, tehden siit\u00e4 loistavan paikkaan hyville aterioille ja keskusteluille.<\/li>\n<\/ul>\n<ul>\n<li>V\u00e4ri: Luonnollinen<\/li>\n<li>Materiaali: Kiinte\u00e4 mango puu<\/li>\n<li>Yleiset mitat: 100 x 55 x 75 cm (P x L x K)<\/li>\n<li>Paino: 14,6 kg<\/li>\n<li>Kehysmateriaali: T\u00e4ysi mangopuu<\/li>\n<li>Vain sis\u00e4k\u00e4ytt\u00f6\u00f6n<\/li>\n<li>Toimitus-:<\/li>\n<li>1 x Ruokailup\u00f6yt\u00e4<\/li>\n<li>Kokoonpano vaaditaan: Kyll\u00e4<\/li>\n<\/ul>\n","protected":false},"excerpt":{"rendered":"<ul>\n<li>V\u00e4ri: Luonnollinen<\/li>\n<li>Materiaali: Kiinte\u00e4 mango puu<\/li>\n<li>Yleiset mitat: 100 x 55 x 75 cm (P x L x K)<\/li>\n<li>Paino: 14,6 kg<\/li>\n<li>Kehysmateriaali: T\u00e4ysi mangopuu<\/li>\n<li>Vain sis\u00e4k\u00e4ytt\u00f6\u00f6n<\/li>\n<li>Toimitus-:<\/li>\n<li>1 x Ruokailup\u00f6yt\u00e4<\/li>\n<li>Kokoonpano vaaditaan: Kyll\u00e4<\/li>\n<\/ul>\n","protected":false},"featured_media":100000196216,"comment_status":"closed","ping_status":"closed","template":"","meta":[],"product_brand":[],"product_cat":[84,8543],"product_tag":[],"class_list":{"0":"post-196216","1":"product","2":"type-product","3":"status-publish","4":"has-post-thumbnail","6":"product_cat-huonekalut","7":"product_cat-keittion-ruokapoydat","9":"first","10":"instock","11":"taxable","12":"shipping-taxable","13":"purchasable","14":"product-type-simple"},"_links":{"self":[{"href":"https:\/\/www.otiumhome.fi\/index.php\/wp-json\/wp\/v2\/product\/196216","targetHints":{"allow":["GET"]}}],"collection":[{"href":"https:\/\/www.otiumhome.fi\/index.php\/wp-json\/wp\/v2\/product"}],"about":[{"href":"https:\/\/www.otiumhome.fi\/index.php\/wp-json\/wp\/v2\/types\/product"}],"replies":[{"embeddable":true,"href":"https:\/\/www.otiumhome.fi\/index.php\/wp-json\/wp\/v2\/comments?post=196216"}],"wp:featuredmedia":[{"embeddable":true,"href":"https:\/\/www.otiumhome.fi\/index.php\/wp-json\/"}],"wp:attachment":[{"href":"https:\/\/www.otiumhome.fi\/index.php\/wp-json\/wp\/v2\/media?parent=196216"}],"wp:term":[{"taxonomy":"product_brand","embeddable":true,"href":"https:\/\/www.otiumhome.fi\/index.php\/wp-json\/wp\/v2\/product_brand?post=196216"},{"taxonomy":"product_cat","embeddable":true,"href":"https:\/\/www.otiumhome.fi\/index.php\/wp-json\/wp\/v2\/product_cat?post=196216"},{"taxonomy":"product_tag","embeddable":true,"href":"https:\/\/www.otiumhome.fi\/index.php\/wp-json\/wp\/v2\/product_tag?post=196216"}],"curies":[{"name":"wp","href":"https:\/\/api.w.org\/{rel}","templated":true}]}}