{"id":196215,"date":"2025-11-29T03:57:22","date_gmt":"2025-11-29T03:57:22","guid":{"rendered":"https:\/\/www.otiumhome.fi\/?p=196215"},"modified":"2025-11-29T22:19:15","modified_gmt":"2025-11-29T22:19:15","slug":"bistropoyta-nelio-60x60x75-cm-taysi-akaasiapuu","status":"publish","type":"product","link":"https:\/\/www.otiumhome.fi\/index.php\/tuote\/bistropoyta-nelio-60x60x75-cm-taysi-akaasiapuu\/","title":{"rendered":"Bistrop\u00f6yt\u00e4 neli\u00f6 60x60x75 cm t\u00e4ysi akaasiapuu"},"content":{"rendered":"<p>T\u00e4m\u00e4 puinen bistrop\u00f6yt\u00e4 on upea lis\u00e4 sisustukseesi tai puutarhaasi.<\/p>\n<\/p>\n<p>P\u00f6yt\u00e4levy on valmistettu t\u00e4ydest\u00e4 luonnollisesti viimeistellyst\u00e4 akaasiapuusta, joka tekee siit\u00e4 tukevan ja vakaan. Mustaksi jauhemaalattu valurautainen jalusta tarjoaa lis\u00e4\u00e4 vakautta ja tukevuutta p\u00f6yd\u00e4lle. Ruokap\u00f6yd\u00e4lle voidaan asettaa juomia ja muita esineit\u00e4, jotka haluat pit\u00e4\u00e4 k\u00e4tesi ulottuvilla.<\/p>\n<\/p>\n<p>T\u00e4rke\u00e4 huomio: V\u00e4rit vaihtelevat kappaleittain, tehden jokaisesta kappaleesta ainutlaatuisen. Toimitus on sattumanvarainen.<\/p>\n<ul>\n<li>Materiaali: t\u00e4ysi akaasiapuu luonnollisella viimeistelyll\u00e4, rauta mustalla jauhemaalilla<\/li>\n<li>Kokonaismitat: 60 x 60 x 75 cm (P x L x K)<\/li>\n<li>Alustan koko: 60 x 60 cm (P x L)<\/li>\n<li>Asennus vaaditaan: kyll\u00e4<\/li>\n<\/ul>\n","protected":false},"excerpt":{"rendered":"<ul>\n<li>Materiaali: t\u00e4ysi akaasiapuu luonnollisella viimeistelyll\u00e4, rauta mustalla jauhemaalilla<\/li>\n<li>Kokonaismitat: 60 x 60 x 75 cm (P x L x K)<\/li>\n<li>Alustan koko: 60 x 60 cm (P x L)<\/li>\n<li>Asennus vaaditaan: kyll\u00e4<\/li>\n<\/ul>\n","protected":false},"featured_media":100000196215,"comment_status":"closed","ping_status":"closed","template":"","meta":[],"product_brand":[],"product_cat":[84,8543],"product_tag":[],"class_list":{"0":"post-196215","1":"product","2":"type-product","3":"status-publish","4":"has-post-thumbnail","6":"product_cat-huonekalut","7":"product_cat-keittion-ruokapoydat","9":"first","10":"instock","11":"taxable","12":"shipping-taxable","13":"purchasable","14":"product-type-simple"},"_links":{"self":[{"href":"https:\/\/www.otiumhome.fi\/index.php\/wp-json\/wp\/v2\/product\/196215","targetHints":{"allow":["GET"]}}],"collection":[{"href":"https:\/\/www.otiumhome.fi\/index.php\/wp-json\/wp\/v2\/product"}],"about":[{"href":"https:\/\/www.otiumhome.fi\/index.php\/wp-json\/wp\/v2\/types\/product"}],"replies":[{"embeddable":true,"href":"https:\/\/www.otiumhome.fi\/index.php\/wp-json\/wp\/v2\/comments?post=196215"}],"wp:featuredmedia":[{"embeddable":true,"href":"https:\/\/www.otiumhome.fi\/index.php\/wp-json\/"}],"wp:attachment":[{"href":"https:\/\/www.otiumhome.fi\/index.php\/wp-json\/wp\/v2\/media?parent=196215"}],"wp:term":[{"taxonomy":"product_brand","embeddable":true,"href":"https:\/\/www.otiumhome.fi\/index.php\/wp-json\/wp\/v2\/product_brand?post=196215"},{"taxonomy":"product_cat","embeddable":true,"href":"https:\/\/www.otiumhome.fi\/index.php\/wp-json\/wp\/v2\/product_cat?post=196215"},{"taxonomy":"product_tag","embeddable":true,"href":"https:\/\/www.otiumhome.fi\/index.php\/wp-json\/wp\/v2\/product_tag?post=196215"}],"curies":[{"name":"wp","href":"https:\/\/api.w.org\/{rel}","templated":true}]}}