{"id":196214,"date":"2025-11-29T03:55:41","date_gmt":"2025-11-29T03:55:41","guid":{"rendered":"https:\/\/www.otiumhome.fi\/?p=196214"},"modified":"2025-12-04T04:52:23","modified_gmt":"2025-12-04T04:52:23","slug":"ruokapoyta-200x100x75-cm-taysi-mangopuu","status":"publish","type":"product","link":"https:\/\/www.otiumhome.fi\/index.php\/tuote\/ruokapoyta-200x100x75-cm-taysi-mangopuu\/","title":{"rendered":"Ruokap\u00f6yt\u00e4 200x100x75 cm t\u00e4ysi mangopuu"},"content":{"rendered":"<p>Tuo minimalistista tyyli\u00e4 ja eleganttia vieh\u00e4tysvoimaa keitti\u00f6\u00f6si ja ruokailuhuoneeseesi t\u00e4ll\u00e4 klassisella puisella ruokap\u00f6yd\u00e4ll\u00e4!<\/p>\n<\/p>\n<ul>\n<li>T\u00e4ysi mangopuu: T\u00e4ysi mangopuu on luja trooppinen lehtipuu, josta valmistetaan tukevia kalusteita. Kauniit puunsyyt tekev\u00e4t jokaisesta kalusteesta hieman erilaisen kuin seuraavasta. T\u00e4ydest\u00e4 mangopuusta valmistettu ruokap\u00f6yt\u00e4 on kest\u00e4v\u00e4 ja vakaa.<\/li>\n<li>Tukeva p\u00f6yt\u00e4levy: Tukeva p\u00f6yt\u00e4levy sopii erinomaisesti v\u00e4lipalojen, juomien, maljakoiden, hedelm\u00e4korien ja muiden koriste-esineiden sijoittamiseen.<\/li>\n<li>Helppo puhdistaa: T\u00e4m\u00e4 keitti\u00f6n p\u00f6yt\u00e4 on helppo puhdistaa kostealla liinalla.<\/li>\n<\/ul>\n<ul>\n<li>Materiaali: luonnollisesti viimeistelty mangopuu<\/li>\n<li>Mitat: 200 x 100 x 75 cm (P x L x K)<\/li>\n<li>Asennus vaaditaan: Kyll\u00e4<\/li>\n<\/ul>\n","protected":false},"excerpt":{"rendered":"<ul>\n<li>Materiaali: luonnollisesti viimeistelty mangopuu<\/li>\n<li>Mitat: 200 x 100 x 75 cm (P x L x K)<\/li>\n<li>Asennus vaaditaan: Kyll\u00e4<\/li>\n<\/ul>\n","protected":false},"featured_media":100000196214,"comment_status":"closed","ping_status":"closed","template":"","meta":[],"product_brand":[],"product_cat":[84,8543],"product_tag":[],"class_list":{"0":"post-196214","1":"product","2":"type-product","3":"status-publish","4":"has-post-thumbnail","6":"product_cat-huonekalut","7":"product_cat-keittion-ruokapoydat","9":"first","10":"instock","11":"taxable","12":"shipping-taxable","13":"purchasable","14":"product-type-simple"},"_links":{"self":[{"href":"https:\/\/www.otiumhome.fi\/index.php\/wp-json\/wp\/v2\/product\/196214","targetHints":{"allow":["GET"]}}],"collection":[{"href":"https:\/\/www.otiumhome.fi\/index.php\/wp-json\/wp\/v2\/product"}],"about":[{"href":"https:\/\/www.otiumhome.fi\/index.php\/wp-json\/wp\/v2\/types\/product"}],"replies":[{"embeddable":true,"href":"https:\/\/www.otiumhome.fi\/index.php\/wp-json\/wp\/v2\/comments?post=196214"}],"wp:featuredmedia":[{"embeddable":true,"href":"https:\/\/www.otiumhome.fi\/index.php\/wp-json\/"}],"wp:attachment":[{"href":"https:\/\/www.otiumhome.fi\/index.php\/wp-json\/wp\/v2\/media?parent=196214"}],"wp:term":[{"taxonomy":"product_brand","embeddable":true,"href":"https:\/\/www.otiumhome.fi\/index.php\/wp-json\/wp\/v2\/product_brand?post=196214"},{"taxonomy":"product_cat","embeddable":true,"href":"https:\/\/www.otiumhome.fi\/index.php\/wp-json\/wp\/v2\/product_cat?post=196214"},{"taxonomy":"product_tag","embeddable":true,"href":"https:\/\/www.otiumhome.fi\/index.php\/wp-json\/wp\/v2\/product_tag?post=196214"}],"curies":[{"name":"wp","href":"https:\/\/api.w.org\/{rel}","templated":true}]}}