{"id":196201,"date":"2025-11-29T03:49:57","date_gmt":"2025-11-29T03:49:57","guid":{"rendered":"https:\/\/www.otiumhome.fi\/?p=196201"},"modified":"2025-12-24T07:30:50","modified_gmt":"2025-12-24T07:30:50","slug":"ruokatuoli-2-pcs-valkoinen-ja-luonnollinen-43-x-445-x-77-cm","status":"publish","type":"product","link":"https:\/\/www.otiumhome.fi\/index.php\/tuote\/ruokatuoli-2-pcs-valkoinen-ja-luonnollinen-43-x-445-x-77-cm\/","title":{"rendered":"Ruokatuoli 2 pcs Valkoinen ja Luonnollinen 43 x 44,5 x 77 cm"},"content":{"rendered":"<p>T\u00e4m\u00e4 vintage ruokatuoli on ajaton lis\u00e4 mihin tahansa tilaasi. Suorakaiteen muotonsa ja vintage-vivahteensa ansiosta siit\u00e4 tulee sek\u00e4 k\u00e4yt\u00e4nn\u00f6llinen istuin ett\u00e4 tyylik\u00e4s sisustuselementti. Se on suunniteltu erityisesti niille, jotka arvostavat hyv\u00e4\u00e4 rakennetta ja esteettisi\u00e4 yksityiskohtia. T\u00e4m\u00e4 tuoli tuo ymp\u00e4r\u00f6iv\u00e4\u00e4n tilaan kutsuvan tunnelman ja ehk\u00e4isee keskusteluja sen ymp\u00e4rill\u00e4. Sen vankka muotoilu yhdist\u00e4\u00e4 toimivuuden ja tyylin, mik\u00e4 tekee siit\u00e4 loistavan lis\u00e4n erilaisiin sisustusteemoihin.<\/p>\n<ul>\n<li><b>Kest\u00e4v\u00e4 massiivinen kumipuu:<\/b> T\u00e4m\u00e4 tuoli on rakennettu laadukkaasta kumipuusta, joka takaa kest\u00e4vyyden. Materiaali kest\u00e4\u00e4 p\u00e4ivitt\u00e4ist\u00e4 k\u00e4ytt\u00f6\u00e4, joten tuoli on mukava ja kest\u00e4v\u00e4 vuosiksi. Sen luonnollinen puukuvio tuo l\u00e4mp\u00f6\u00e4 mihin tahansa tilaan.<\/li>\n<li><b>Lakattu pinta:<\/b> Lakattu pinta on hoidettu huolella, mik\u00e4 suojaa tuolia naarmuilta ja kulumiselta. T\u00e4m\u00e4 suoja ei vain paranna tuolin ulkon\u00e4k\u00f6\u00e4, vaan my\u00f6s helpottaa puhdistusta, joten se pysyy kauniina pidemp\u00e4\u00e4n.<\/li>\n<li><b>Vintage vieh\u00e4tys:<\/b> T\u00e4m\u00e4 tuoli yhdist\u00e4\u00e4 nostalgisen tyylin moderniin k\u00e4ytt\u00f6\u00f6n ja tuo erottuvaa charmia. Se sopii eri sisustustyyleihin, olipa ne perinteisi\u00e4 tai nykyaikaisia.<\/li>\n<li><b>Monik\u00e4ytt\u00f6isyys:<\/b> Tuoli ei rajoitu vain ruokasaliin, vaan sopii my\u00f6s keitti\u00f6ihin, kotitoimistoihin tai jopa opiskeluhuoneisiin. Sen muunneltavuus tekee siit\u00e4 loistavan valinnan moniin eri tilanteisiin.<\/li>\n<li><b>Huollon ja yll\u00e4pidon ohjeet:<\/b> Pid\u00e4 tuoli siistin\u00e4 pyyhkim\u00e4ll\u00e4 se kostealla liinalla tarpeen mukaan. V\u00e4lt\u00e4 kovia kemikaaleja, jotka voivat himment\u00e4\u00e4 lakattua pintaa. S\u00e4\u00e4nn\u00f6llinen hoito takaa tuolin k\u00e4yt\u00f6n kest\u00e4vyyden ja kauneuden.<\/li>\n<\/ul>\n<ul>\n<li>V\u00e4ri: Valkoinen ja luonnollinen<\/li>\n<li>Materiaali: Kest\u00e4v\u00e4 kumipuinen<\/li>\n<li>Kehysmateriaali: T\u00e4ysi kumipuu<\/li>\n<li>Jalat materiaali: T\u00e4ysi kumipuu<\/li>\n<li>Yleiset mitat: 43 x 44,5 x 77 cm (P x L x K)<\/li>\n<li>Istuimen leveys: 41 cm<\/li>\n<li>Istuimen syvyys: 40,5 cm<\/li>\n<li>Istuimen korkeus maasta: 46,5 cm<\/li>\n<li>Takaosan korkeus: 33 cm<\/li>\n<li>Enimm\u00e4ispaino: 160 kg<\/li>\n<li>Kest\u00e4v\u00e4<\/li>\n<li>Lehtipuu<\/li>\n<li>Puunsyyt<\/li>\n<li>Kest\u00e4v\u00e4 t\u00e4yskumipuu<\/li>\n<li>Vakaa ja tukeva rakenne<\/li>\n<li>Laajat k\u00e4ytt\u00f6tarkoitukset<\/li>\n<li>Helppo pit\u00e4\u00e4 puhtaana<\/li>\n<li>Kokoonpano vaaditaan: Kyll\u00e4<\/li>\n<li>Toimitus-:<\/li>\n<li>2 x Ruokatuoli<\/li>\n<\/ul>\n","protected":false},"excerpt":{"rendered":"<ul>\n<li>V\u00e4ri: Valkoinen ja luonnollinen<\/li>\n<li>Materiaali: Kest\u00e4v\u00e4 kumipuinen<\/li>\n<li>Kehysmateriaali: T\u00e4ysi kumipuu<\/li>\n<li>Jalat materiaali: T\u00e4ysi kumipuu<\/li>\n<li>Yleiset mitat: 43 x 44,5 x 77 cm (P x L x K)<\/li>\n<li>Istuimen leveys: 41 cm<\/li>\n<li>Istuimen syvyys: 40,5 cm<\/li>\n<li>Istuimen korkeus maasta: 46,5 cm<\/li>\n<li>Takaosan korkeus: 33 cm<\/li>\n<li>Enimm\u00e4ispaino: 160 kg<\/li>\n<li>Kest\u00e4v\u00e4<\/li>\n<li>Lehtipuu<\/li>\n<li>Puunsyyt<\/li>\n<li>Kest\u00e4v\u00e4 t\u00e4yskumipuu<\/li>\n<li>Vakaa ja tukeva rakenne<\/li>\n<li>Laajat k\u00e4ytt\u00f6tarkoitukset<\/li>\n<li>Helppo pit\u00e4\u00e4 puhtaana<\/li>\n<li>Kokoonpano vaaditaan: Kyll\u00e4<\/li>\n<li>Toimitus-:<\/li>\n<li>2 x Ruokatuoli<\/li>\n<\/ul>\n","protected":false},"featured_media":100000196201,"comment_status":"closed","ping_status":"closed","template":"","meta":[],"product_brand":[],"product_cat":[84,8542],"product_tag":[],"class_list":{"0":"post-196201","1":"product","2":"type-product","3":"status-publish","4":"has-post-thumbnail","6":"product_cat-huonekalut","7":"product_cat-keittion-ruokapoydan-tuolit","9":"first","10":"instock","11":"taxable","12":"shipping-taxable","13":"purchasable","14":"product-type-simple"},"_links":{"self":[{"href":"https:\/\/www.otiumhome.fi\/index.php\/wp-json\/wp\/v2\/product\/196201","targetHints":{"allow":["GET"]}}],"collection":[{"href":"https:\/\/www.otiumhome.fi\/index.php\/wp-json\/wp\/v2\/product"}],"about":[{"href":"https:\/\/www.otiumhome.fi\/index.php\/wp-json\/wp\/v2\/types\/product"}],"replies":[{"embeddable":true,"href":"https:\/\/www.otiumhome.fi\/index.php\/wp-json\/wp\/v2\/comments?post=196201"}],"wp:featuredmedia":[{"embeddable":true,"href":"https:\/\/www.otiumhome.fi\/index.php\/wp-json\/"}],"wp:attachment":[{"href":"https:\/\/www.otiumhome.fi\/index.php\/wp-json\/wp\/v2\/media?parent=196201"}],"wp:term":[{"taxonomy":"product_brand","embeddable":true,"href":"https:\/\/www.otiumhome.fi\/index.php\/wp-json\/wp\/v2\/product_brand?post=196201"},{"taxonomy":"product_cat","embeddable":true,"href":"https:\/\/www.otiumhome.fi\/index.php\/wp-json\/wp\/v2\/product_cat?post=196201"},{"taxonomy":"product_tag","embeddable":true,"href":"https:\/\/www.otiumhome.fi\/index.php\/wp-json\/wp\/v2\/product_tag?post=196201"}],"curies":[{"name":"wp","href":"https:\/\/api.w.org\/{rel}","templated":true}]}}