{"id":196180,"date":"2025-11-29T03:25:35","date_gmt":"2025-11-29T03:25:35","guid":{"rendered":"https:\/\/www.otiumhome.fi\/?p=196180"},"modified":"2025-12-09T04:10:44","modified_gmt":"2025-12-09T04:10:44","slug":"henkarikaappi-artisan-tammi-60-x-20-x-40-cm-tekninen-puu","status":"publish","type":"product","link":"https:\/\/www.otiumhome.fi\/index.php\/tuote\/henkarikaappi-artisan-tammi-60-x-20-x-40-cm-tekninen-puu\/","title":{"rendered":"Henkarikaappi Artisan tammi 60 x 20 x 40 cm Tekninen puu"},"content":{"rendered":"<p>T\u00e4m\u00e4 moderni sein\u00e4kaappi on tyylik\u00e4s tapa optimoida s\u00e4ilytystilaa kotona. Sen sulava suorakaiteen muotoinen muotoilu ja moderni tyyli tekev\u00e4t siit\u00e4 t\u00e4ydellisen lis\u00e4yksen kylpyhuoneeseen, keitti\u00f6\u00f6n tai k\u00e4yt\u00e4v\u00e4\u00e4n. Valmistettu teknisest\u00e4 puusta, se yhdist\u00e4\u00e4 kauniisti kest\u00e4vyyden ja tyylikkyyden eri tiloissa. Sen n\u00e4ytt\u00e4v\u00e4 olemus parantaa huonetta samalla, kun se tarjoaa runsaasti s\u00e4ilytystilaa arjen tarvikkeille, mik\u00e4 auttaa pit\u00e4m\u00e4\u00e4n ymp\u00e4rist\u00f6n siistin\u00e4 ja j\u00e4rjestyksess\u00e4.<\/p>\n<ul>\n<li><b>Teknisen puun materiaali:<\/b> T\u00e4ss\u00e4 kaapissa on k\u00e4ytetty huipputason teknist\u00e4 puuta, joka takaa kest\u00e4vyyden ja vastustaa p\u00e4ivitt\u00e4ist\u00e4 kulutusta. Sen sile\u00e4t pinnat on suunniteltu helppoa hoitoa varten, varmistaen, ett\u00e4 tila on aina tyylik\u00e4s ilman jatkuvia korjaust\u00f6it\u00e4.<\/li>\n<li><b>Sein\u00e4kiinnitetyt hyllyt:<\/b> \u00c4lykk\u00e4\u00e4sti suunniteltu sein\u00e4kiinnitteinen hyllyj\u00e4rjestelm\u00e4 tarjoaa tilaa s\u00e4\u00e4st\u00e4v\u00e4n ratkaisun, joka saattaa maksimoida lattiapinta-alaa ja tekee tavaroista helposti saavutettavia. Vahva sein\u00e4kiinnitys takaa kaapin vakauden, jopa painavia esineit\u00e4 k\u00e4sitelt\u00e4ess\u00e4.<\/li>\n<li><b>Sulava moderni muotoilu:<\/b> Minimalistiset linjat ja hienostunut ilme tekev\u00e4t t\u00e4st\u00e4 kaapista erinomaisen moderniin ymp\u00e4rist\u00f6\u00f6n. Se tarjoaa ratkaisuja k\u00e4yt\u00e4nn\u00f6lliseen s\u00e4ilytykseen ilman turhaa monimutkaisuutta, mik\u00e4 tekee siit\u00e4 mukautuvan monenlaisiin kodin sisustuksiin.<\/li>\n<li><b>Monipuoliset s\u00e4ilytyspaikat:<\/b> Kaappi on t\u00e4ydellinen mihin tahansa huoneeseen, kuten keitti\u00f6\u00f6n, kylpyhuoneeseen ja k\u00e4yt\u00e4viin. Sen tilaratkaisut sopivat erinomaisesti hygieniatavaroiden, keitti\u00f6tarvikkeiden tai muiden kotitaloustavaroiden s\u00e4ilytt\u00e4miseen ja lis\u00e4\u00e4v\u00e4t arvoa eri asuintiloissa.<\/li>\n<li><b>Hoito &amp; yll\u00e4pito:<\/b> Pid\u00e4 kaappi moitteettomana pyyhkim\u00e4ll\u00e4 pinnat heti kostealla liinalla. V\u00e4lt\u00e4 kemikaaleja, jotka voivat vahingoittaa pintaa, ja muista, etteiv\u00e4t voimakkaat harjat ole hyv\u00e4ksi; n\u00e4in s\u00e4ilyy kaapin kesto ja kaunis ulkon\u00e4k\u00f6.<\/li>\n<\/ul>\n<ul>\n<li>V\u00e4ri: Artisan tammi<\/li>\n<li>Materiaali: Tekninen puu<\/li>\n<li>Yleiset mitat: 60 x 20 x 40 cm (P x L x K)<\/li>\n<li>Paino: 7,9 kg<\/li>\n<li>Kest\u00e4v\u00e4<\/li>\n<li>Runsaasti s\u00e4ilytystilaa<\/li>\n<li>Helppo puhdistaa<\/li>\n<li>Kest\u00e4v\u00e4 rakenne.<\/li>\n<li>Monipuolinen k\u00e4ytt\u00f6<\/li>\n<li>5 hyllyill\u00e4<\/li>\n<li>Kehysmateriaali: Tekninen puu<\/li>\n<li>Sis\u00e4- &amp; ulkotila: Vain sis\u00e4k\u00e4ytt\u00f6\u00f6n<\/li>\n<li>Toimitus-:<\/li>\n<li>1 x Roikkuva kaappi<\/li>\n<li>Kokoonpano vaaditaan: Kyll\u00e4<\/li>\n<li>Kiinnitys sis\u00e4lsi: Katto- \/ sein\u00e4kiinnitystarvikkeet &#8211; esim m\u00e4\u00e4r\u00e4tyt ruuvit tai sein\u00e4tulpat &#8211; eiv\u00e4t mukana<\/li>\n<\/ul>\n","protected":false},"excerpt":{"rendered":"<ul>\n<li>V\u00e4ri: Artisan tammi<\/li>\n<li>Materiaali: Tekninen puu<\/li>\n<li>Yleiset mitat: 60 x 20 x 40 cm (P x L x K)<\/li>\n<li>Paino: 7,9 kg<\/li>\n<li>Kest\u00e4v\u00e4<\/li>\n<li>Runsaasti s\u00e4ilytystilaa<\/li>\n<li>Helppo puhdistaa<\/li>\n<li>Kest\u00e4v\u00e4 rakenne.<\/li>\n<li>Monipuolinen k\u00e4ytt\u00f6<\/li>\n<li>5 hyllyill\u00e4<\/li>\n<li>Kehysmateriaali: Tekninen puu<\/li>\n<li>Sis\u00e4- &amp; ulkotila: Vain sis\u00e4k\u00e4ytt\u00f6\u00f6n<\/li>\n<li>Toimitus-:<\/li>\n<li>1 x Roikkuva kaappi<\/li>\n<li>Kokoonpano vaaditaan: Kyll\u00e4<\/li>\n<li>Kiinnitys sis\u00e4lsi: Katto- \/ sein\u00e4kiinnitystarvikkeet &#8211; esim m\u00e4\u00e4r\u00e4tyt ruuvit tai sein\u00e4tulpat &#8211; eiv\u00e4t mukana<\/li>\n<\/ul>\n","protected":false},"featured_media":100000196180,"comment_status":"closed","ping_status":"closed","template":"","meta":[],"product_brand":[],"product_cat":[84],"product_tag":[],"class_list":{"0":"post-196180","1":"product","2":"type-product","3":"status-publish","4":"has-post-thumbnail","6":"product_cat-huonekalut","8":"first","9":"instock","10":"taxable","11":"shipping-taxable","12":"purchasable","13":"product-type-simple"},"_links":{"self":[{"href":"https:\/\/www.otiumhome.fi\/index.php\/wp-json\/wp\/v2\/product\/196180","targetHints":{"allow":["GET"]}}],"collection":[{"href":"https:\/\/www.otiumhome.fi\/index.php\/wp-json\/wp\/v2\/product"}],"about":[{"href":"https:\/\/www.otiumhome.fi\/index.php\/wp-json\/wp\/v2\/types\/product"}],"replies":[{"embeddable":true,"href":"https:\/\/www.otiumhome.fi\/index.php\/wp-json\/wp\/v2\/comments?post=196180"}],"wp:featuredmedia":[{"embeddable":true,"href":"https:\/\/www.otiumhome.fi\/index.php\/wp-json\/"}],"wp:attachment":[{"href":"https:\/\/www.otiumhome.fi\/index.php\/wp-json\/wp\/v2\/media?parent=196180"}],"wp:term":[{"taxonomy":"product_brand","embeddable":true,"href":"https:\/\/www.otiumhome.fi\/index.php\/wp-json\/wp\/v2\/product_brand?post=196180"},{"taxonomy":"product_cat","embeddable":true,"href":"https:\/\/www.otiumhome.fi\/index.php\/wp-json\/wp\/v2\/product_cat?post=196180"},{"taxonomy":"product_tag","embeddable":true,"href":"https:\/\/www.otiumhome.fi\/index.php\/wp-json\/wp\/v2\/product_tag?post=196180"}],"curies":[{"name":"wp","href":"https:\/\/api.w.org\/{rel}","templated":true}]}}