{"id":195829,"date":"2025-11-24T18:33:40","date_gmt":"2025-11-24T18:33:40","guid":{"rendered":"https:\/\/www.otiumhome.fi\/?p=195829"},"modified":"2025-11-29T14:42:34","modified_gmt":"2025-11-29T14:42:34","slug":"10-osainen-tv-kaappisarja-sonoma-tammi-tekninen-puu","status":"publish","type":"product","link":"https:\/\/www.otiumhome.fi\/index.php\/tuote\/10-osainen-tv-kaappisarja-sonoma-tammi-tekninen-puu\/","title":{"rendered":"10-osainen TV-kaappisarja Sonoma-tammi tekninen puu"},"content":{"rendered":"<p>T\u00e4st\u00e4 tukevasta ja trendikk\u00e4\u00e4st\u00e4 mutta k\u00e4yt\u00e4nn\u00f6llisest\u00e4 TV-kaappisarjasta tulee huoneesi keskipiste.<\/p>\n<\/p>\n<p>T\u00e4m\u00e4 tyylik\u00e4s TV-taso voidaan kiinnitt\u00e4\u00e4 sein\u00e4\u00e4n ja se on ajaton lis\u00e4 kotiisi. Siin\u00e4 on suuret lokerot, mik\u00e4 tekee siit\u00e4 ihanteellisen paikan kaikkien kirjojen, aikakauslehtien, DVD-levyjen tai muiden esineiden s\u00e4ilytt\u00e4miseen. T\u00e4m\u00e4 stereokaappi on helppo hoitaa ja puhdistaa kostealla liinalla.<\/p>\n<ul>\n<li>V\u00e4ri: Sonoma-tammi<\/li>\n<li>Materiaali: tekninen puu<\/li>\n<li>Mitat (L): 60 x 30 x 30 cm (L x S x K)<\/li>\n<li>Mitat (S): 30,5 x 30 x 30 cm (L x S x K)<\/li>\n<li>Asennus vaaditaan: kyll\u00e4<\/li>\n<li><strong>Toimitus sis\u00e4lt\u00e4\u00e4:<\/strong><\/li>\n<li>6 x TV-kaappi (L)<\/li>\n<li>4 x TV-kaappi (S)<\/li>\n<\/ul>\n","protected":false},"excerpt":{"rendered":"<ul>\n<li>V\u00e4ri: Sonoma-tammi<\/li>\n<li>Materiaali: tekninen puu<\/li>\n<li>Mitat (L): 60 x 30 x 30 cm (L x S x K)<\/li>\n<li>Mitat (S): 30,5 x 30 x 30 cm (L x S x K)<\/li>\n<li>Asennus vaaditaan: kyll\u00e4<\/li>\n<li><strong>Toimitus sis\u00e4lt\u00e4\u00e4:<\/strong><\/li>\n<li>6 x TV-kaappi (L)<\/li>\n<li>4 x TV-kaappi (S)<\/li>\n<\/ul>\n","protected":false},"featured_media":100000195829,"comment_status":"closed","ping_status":"closed","template":"","meta":[],"product_brand":[],"product_cat":[84],"product_tag":[],"class_list":{"0":"post-195829","1":"product","2":"type-product","3":"status-publish","4":"has-post-thumbnail","6":"product_cat-huonekalut","8":"first","9":"outofstock","10":"taxable","11":"shipping-taxable","12":"purchasable","13":"product-type-simple"},"_links":{"self":[{"href":"https:\/\/www.otiumhome.fi\/index.php\/wp-json\/wp\/v2\/product\/195829","targetHints":{"allow":["GET"]}}],"collection":[{"href":"https:\/\/www.otiumhome.fi\/index.php\/wp-json\/wp\/v2\/product"}],"about":[{"href":"https:\/\/www.otiumhome.fi\/index.php\/wp-json\/wp\/v2\/types\/product"}],"replies":[{"embeddable":true,"href":"https:\/\/www.otiumhome.fi\/index.php\/wp-json\/wp\/v2\/comments?post=195829"}],"wp:featuredmedia":[{"embeddable":true,"href":"https:\/\/www.otiumhome.fi\/index.php\/wp-json\/"}],"wp:attachment":[{"href":"https:\/\/www.otiumhome.fi\/index.php\/wp-json\/wp\/v2\/media?parent=195829"}],"wp:term":[{"taxonomy":"product_brand","embeddable":true,"href":"https:\/\/www.otiumhome.fi\/index.php\/wp-json\/wp\/v2\/product_brand?post=195829"},{"taxonomy":"product_cat","embeddable":true,"href":"https:\/\/www.otiumhome.fi\/index.php\/wp-json\/wp\/v2\/product_cat?post=195829"},{"taxonomy":"product_tag","embeddable":true,"href":"https:\/\/www.otiumhome.fi\/index.php\/wp-json\/wp\/v2\/product_tag?post=195829"}],"curies":[{"name":"wp","href":"https:\/\/api.w.org\/{rel}","templated":true}]}}