{"id":195509,"date":"2025-11-24T14:24:34","date_gmt":"2025-11-24T14:24:34","guid":{"rendered":"https:\/\/www.otiumhome.fi\/?p=195509"},"modified":"2025-12-22T13:45:17","modified_gmt":"2025-12-22T13:45:17","slug":"sangyn-runko-paatylla-vanha-puu-200-x-200-cm-massiivinen-manty","status":"publish","type":"product","link":"https:\/\/www.otiumhome.fi\/index.php\/tuote\/sangyn-runko-paatylla-vanha-puu-200-x-200-cm-massiivinen-manty\/","title":{"rendered":"S\u00e4ngyn runko p\u00e4\u00e4tyll\u00e4 Vanha puu 200 x 200 cm Massiivinen m\u00e4nty"},"content":{"rendered":"<p>T\u00e4m\u00e4 moderni s\u00e4ngynrunko on t\u00e4ydellinen valinta, jos arvostat sek\u00e4 tyyli\u00e4 ett\u00e4 k\u00e4yt\u00e4nn\u00f6llisyytt\u00e4. Siin\u00e4 on puhtaat linjat ja v\u00e4h\u00e4isi\u00e4 yksityiskohtia, lis\u00e4\u00e4 hienostuneisuutta mihin tahansa makuuhuoneeseen. Runko istuu hienosti nykyaikaisiin sisustuksiin ja se tuo ilmavuutta tiloihin, jotka kaipaavat yksinkertaisuutta. Olipa sitten neutraaleja v\u00e4rej\u00e4 tai kirkkaita s\u00e4vyj\u00e4, t\u00e4m\u00e4 runko lis\u00e4\u00e4 tunnelmaa ja edustaa hienostunutta eleganssia. Se sopii niin loft-asuntoon kuin perinteiseen kotiin, ja voit yhdist\u00e4\u00e4 sen omaan tyyliisi ja mukavuuteen.<\/p>\n<ul>\n<li><b>Materiaalit:<\/b> T\u00e4m\u00e4 s\u00e4ngynrunko on tehty teknisest\u00e4 puusta ja t\u00e4ysm\u00e4ntyisest\u00e4 puusta, mik\u00e4 tekee siit\u00e4 kest\u00e4v\u00e4n ja kauniin. N\u00e4iden materiaalien yhdistelm\u00e4 takaa pitk\u00e4n k\u00e4ytt\u00f6i\u00e4n ja tuo l\u00e4mp\u00f6\u00e4 makuuhuoneeseen.<\/li>\n<li><b>Lis\u00e4varusteet:<\/b> Pakkauksessa on s\u00e4ngynrunko ja vankka p\u00e4\u00e4ty t\u00e4ysm\u00e4ntyisest\u00e4 puusta. Yhdess\u00e4 ne luovat tukevan rakenteen, joka mahdollistaa rauhalliset unet.<\/li>\n<li><b>Ominaisuudet \/ Toiminto \/ Suunnittelu:<\/b> Moderni muotoilu keskittyy yksinkertaisuuteen ja k\u00e4yt\u00e4nn\u00f6llisyyteen. T\u00e4m\u00e4 s\u00e4nky tuo tyylik\u00e4st\u00e4 l\u00e4sn\u00e4oloa makuuhuoneeseen, tarjoten samalla tukea ja mukavuutta.<\/li>\n<li><b>Suositellut k\u00e4ytt\u00f6tarkoitukset:<\/b> T\u00e4m\u00e4 s\u00e4nky sopii erinomaisesti master-makuuhuoneisiin, vierashuoneisiin tai studio-asuntoihin, tuoden mukavuutta ja tyyli\u00e4.<\/li>\n<li><b>Huolto &amp; Yll\u00e4pito:<\/b> Pid\u00e4 s\u00e4ngynrunko moitteettomana pyyhkim\u00e4ll\u00e4 se kostealla liinalla. Helppo huolto takaa, ett\u00e4 runko pysyy kauniina ja toimivana pitk\u00e4\u00e4n.<\/li>\n<\/ul>\n<ul>\n<li>V\u00e4ri: Vanha puu<\/li>\n<li>Materiaali: Massiivinen m\u00e4nty<\/li>\n<li>Kehysmateriaali: Tekninen puu<\/li>\n<li>Yleiset mitat: 206 x 203 x 90 cm (P x L x K)<\/li>\n<li>Patjan koko: Emperor (200 cm x 200 cm \/ 79&#8243; x 79&#8243;)<\/li>\n<li>Enimm\u00e4ispaino: 200 kg<\/li>\n<li>Onko slated kehys: Kyll\u00e4<\/li>\n<li>Enimm\u00e4ism\u00e4\u00e4r\u00e4 ihmisi\u00e4: 2<\/li>\n<li>Kest\u00e4v\u00e4<\/li>\n<li>Helppo puhdistaa<\/li>\n<li>Kokoonpano vaaditaan: Kyll\u00e4<\/li>\n<li>Toimitus-:<\/li>\n<li>1 x s\u00e4ngynrunko<\/li>\n<li>1 x s\u00e4ngynp\u00e4\u00e4ty<\/li>\n<\/ul>\n","protected":false},"excerpt":{"rendered":"<ul>\n<li>V\u00e4ri: Vanha puu<\/li>\n<li>Materiaali: Massiivinen m\u00e4nty<\/li>\n<li>Kehysmateriaali: Tekninen puu<\/li>\n<li>Yleiset mitat: 206 x 203 x 90 cm (P x L x K)<\/li>\n<li>Patjan koko: Emperor (200 cm x 200 cm \/ 79&#8243; x 79&#8243;)<\/li>\n<li>Enimm\u00e4ispaino: 200 kg<\/li>\n<li>Onko slated kehys: Kyll\u00e4<\/li>\n<li>Enimm\u00e4ism\u00e4\u00e4r\u00e4 ihmisi\u00e4: 2<\/li>\n<li>Kest\u00e4v\u00e4<\/li>\n<li>Helppo puhdistaa<\/li>\n<li>Kokoonpano vaaditaan: Kyll\u00e4<\/li>\n<li>Toimitus-:<\/li>\n<li>1 x s\u00e4ngynrunko<\/li>\n<li>1 x s\u00e4ngynp\u00e4\u00e4ty<\/li>\n<\/ul>\n","protected":false},"featured_media":100000195509,"comment_status":"closed","ping_status":"closed","template":"","meta":[],"product_brand":[],"product_cat":[84,8638],"product_tag":[],"class_list":{"0":"post-195509","1":"product","2":"type-product","3":"status-publish","4":"has-post-thumbnail","6":"product_cat-huonekalut","7":"product_cat-sangyt-sangynrungot","9":"first","10":"instock","11":"taxable","12":"shipping-taxable","13":"purchasable","14":"product-type-simple"},"_links":{"self":[{"href":"https:\/\/www.otiumhome.fi\/index.php\/wp-json\/wp\/v2\/product\/195509","targetHints":{"allow":["GET"]}}],"collection":[{"href":"https:\/\/www.otiumhome.fi\/index.php\/wp-json\/wp\/v2\/product"}],"about":[{"href":"https:\/\/www.otiumhome.fi\/index.php\/wp-json\/wp\/v2\/types\/product"}],"replies":[{"embeddable":true,"href":"https:\/\/www.otiumhome.fi\/index.php\/wp-json\/wp\/v2\/comments?post=195509"}],"wp:featuredmedia":[{"embeddable":true,"href":"https:\/\/www.otiumhome.fi\/index.php\/wp-json\/"}],"wp:attachment":[{"href":"https:\/\/www.otiumhome.fi\/index.php\/wp-json\/wp\/v2\/media?parent=195509"}],"wp:term":[{"taxonomy":"product_brand","embeddable":true,"href":"https:\/\/www.otiumhome.fi\/index.php\/wp-json\/wp\/v2\/product_brand?post=195509"},{"taxonomy":"product_cat","embeddable":true,"href":"https:\/\/www.otiumhome.fi\/index.php\/wp-json\/wp\/v2\/product_cat?post=195509"},{"taxonomy":"product_tag","embeddable":true,"href":"https:\/\/www.otiumhome.fi\/index.php\/wp-json\/wp\/v2\/product_tag?post=195509"}],"curies":[{"name":"wp","href":"https:\/\/api.w.org\/{rel}","templated":true}]}}