{"id":195239,"date":"2025-11-24T14:11:43","date_gmt":"2025-11-24T14:11:43","guid":{"rendered":"https:\/\/www.otiumhome.fi\/?p=195239"},"modified":"2026-01-12T22:37:45","modified_gmt":"2026-01-12T22:37:45","slug":"sangyn-runko-paatylla-betoni-harmaa-140-x-200-cm-tekninen-puu","status":"publish","type":"product","link":"https:\/\/www.otiumhome.fi\/index.php\/tuote\/sangyn-runko-paatylla-betoni-harmaa-140-x-200-cm-tekninen-puu\/","title":{"rendered":"S\u00e4ngyn runko p\u00e4\u00e4tyll\u00e4 Betoni Harmaa 140 x 200 cm Tekninen puu"},"content":{"rendered":"<p>T\u00e4m\u00e4 Modern Storage -s\u00e4ngyn runko yhdist\u00e4\u00e4 toimivuuden ja tyylin mihin tahansa makuuhuoneeseen. Hoikka ja tyylik\u00e4s, se sopii nykyaikaiseen sisustukseen ja tarjoaa runsaasti s\u00e4ilytystilaa. Sen yksinkertaiset linjat ja v\u00e4h\u00e4iset yksityiskohdat luovat modernia tyyli\u00e4, joka toimii sek\u00e4 aikuisille ett\u00e4 teini-ik\u00e4isille, jotka etsiv\u00e4t k\u00e4yt\u00e4nn\u00f6llisyytt\u00e4 ja tyyli\u00e4. Helppo muotoilu t\u00e4ydent\u00e4\u00e4 kaikenlaisia sisustustyylej\u00e4, minimalistisista eklektisiin. T\u00e4m\u00e4 s\u00e4nky ei vain ole mukava nukkumiseen, vaan se maksimoi my\u00f6s tilan hy\u00f6dynt\u00e4m\u00e4ll\u00e4 sen sis\u00e4\u00e4nrakennettuja s\u00e4ilytyslaatikoita, mik\u00e4 tekee siit\u00e4 loistavan valinnan pienille asunnoille.<\/p>\n<ul>\n<li><b>Tekninen puukonstruktiota<\/b> S\u00e4ngyn runko on tehty teknisest\u00e4 puusta, joka tarjoaa vakautta ja kest\u00e4vyytt\u00e4. Materiaalin valinta parantaa s\u00e4ngyn nykyaikaista ulkon\u00e4k\u00f6\u00e4. Se luo yhdistelm\u00e4n yksinkertaisuutta ja voimaa, muodostaen elegantin mutta k\u00e4yt\u00e4nn\u00f6llisen huonekalun kotiisi.<\/li>\n<li><b>Integroidut s\u00e4ilytyslaatikoita<\/b> Suunniteltu makuuhuoneen tilan optimointiin, s\u00e4ngyss\u00e4 on tilavat ja helposti saavutettavat laatikot. N\u00e4m\u00e4 k\u00e4yt\u00e4nn\u00f6lliset laatikot kahvoilla tekev\u00e4t makuuhuoneesi tarpeiden j\u00e4rjest\u00e4misest\u00e4 helppoa, v\u00e4hent\u00e4en sotkua ja yll\u00e4pit\u00e4en siisti\u00e4 tunnelmaa. Kaikenlaiset liinavaatteet tai henkil\u00f6kohtaiset tavarasi mahtuvat vaivatta niihin, joten tilasi on toimivampi.<\/li>\n<li><b>Moderni, hoikka p\u00e4\u00e4ty<\/b> P\u00e4\u00e4ty on valmistettu teknisest\u00e4 puusta, joka tuo modernia vieh\u00e4tyst\u00e4 ja tarjoaa tukea rentoutumiseen tai lukemiseen. Yksinkertainen muotoilu sopii t\u00e4ydellisesti muuhun moderniin sisustukseen ja lis\u00e4\u00e4 s\u00e4ngyn rungon kokonaisilmett\u00e4 ilman, ett\u00e4 se vie liikaa tilaa.<\/li>\n<li><b>Helppo kokoaminen ja huolto<\/b> Kokoaminen vaatii vain perusv\u00e4lineit\u00e4, ja ohjeet on suunniteltu kahdelle ihmiselle. T\u00e4m\u00e4 takaa sujuvan asennuksen ilman vaivann\u00e4k\u00f6\u00e4. Huolto on yht\u00e4 helppoa, koska ajoittainen pyyhkiminen kostealla liinalla pit\u00e4\u00e4 s\u00e4ngyn n\u00e4tilt\u00e4 my\u00f6s ajan my\u00f6t\u00e4.<\/li>\n<li><b>Monipuolinen soveltuvuus<\/b> Suunniteltu sis\u00e4k\u00e4ytt\u00f6\u00f6n, t\u00e4m\u00e4 s\u00e4ngyn runko sopii erilaisiin makuuhuoneen tyyleihin ja kokoihin. Sen neutraali muotoilu sulautuu helposti mihin tahansa sisustukseen, joten se pysyy katseenvangitsijana, olipa se yksitt\u00e4inen kappale tai osa laajempaa kalustekokonaisuutta.<\/li>\n<\/ul>\n<ul>\n<li>V\u00e4ri: Betoni harmaa<\/li>\n<li>Materiaali: Tekninen puu<\/li>\n<li>Kehysmateriaali: Tekninen puu<\/li>\n<li>Yleiset mitat: 206 x 143 x 100 cm (P x L x K)<\/li>\n<li>Patjan koko: Kahden hengen s\u00e4nky (140 cm x 200 cm \/ 55&#8243; x 79&#8243;)<\/li>\n<li>Kest\u00e4v\u00e4<\/li>\n<li>Runsaasti s\u00e4ilytystilaa<\/li>\n<li>S\u00e4ngyn korkeus: 32 cm<\/li>\n<li>Helppo puhdistaa<\/li>\n<li>Helppo kokoaminen<\/li>\n<li>Laatikkojen kehys mukana<\/li>\n<li>S\u00e4ngynp\u00e4\u00e4ty mukana<\/li>\n<li>Laatikolla<\/li>\n<li>Kokoonpano vaaditaan: Kyll\u00e4<\/li>\n<li>Toimitus-:<\/li>\n<li>1 x s\u00e4ngynrunko<\/li>\n<li>1 x s\u00e4ngynp\u00e4\u00e4ty<\/li>\n<\/ul>\n","protected":false},"excerpt":{"rendered":"<ul>\n<li>V\u00e4ri: Betoni harmaa<\/li>\n<li>Materiaali: Tekninen puu<\/li>\n<li>Kehysmateriaali: Tekninen puu<\/li>\n<li>Yleiset mitat: 206 x 143 x 100 cm (P x L x K)<\/li>\n<li>Patjan koko: Kahden hengen s\u00e4nky (140 cm x 200 cm \/ 55&#8243; x 79&#8243;)<\/li>\n<li>Kest\u00e4v\u00e4<\/li>\n<li>Runsaasti s\u00e4ilytystilaa<\/li>\n<li>S\u00e4ngyn korkeus: 32 cm<\/li>\n<li>Helppo puhdistaa<\/li>\n<li>Helppo kokoaminen<\/li>\n<li>Laatikkojen kehys mukana<\/li>\n<li>S\u00e4ngynp\u00e4\u00e4ty mukana<\/li>\n<li>Laatikolla<\/li>\n<li>Kokoonpano vaaditaan: Kyll\u00e4<\/li>\n<li>Toimitus-:<\/li>\n<li>1 x s\u00e4ngynrunko<\/li>\n<li>1 x s\u00e4ngynp\u00e4\u00e4ty<\/li>\n<\/ul>\n","protected":false},"featured_media":100000195239,"comment_status":"closed","ping_status":"closed","template":"","meta":[],"product_brand":[],"product_cat":[84,8638],"product_tag":[],"class_list":{"0":"post-195239","1":"product","2":"type-product","3":"status-publish","4":"has-post-thumbnail","6":"product_cat-huonekalut","7":"product_cat-sangyt-sangynrungot","9":"first","10":"instock","11":"taxable","12":"shipping-taxable","13":"purchasable","14":"product-type-simple"},"_links":{"self":[{"href":"https:\/\/www.otiumhome.fi\/index.php\/wp-json\/wp\/v2\/product\/195239","targetHints":{"allow":["GET"]}}],"collection":[{"href":"https:\/\/www.otiumhome.fi\/index.php\/wp-json\/wp\/v2\/product"}],"about":[{"href":"https:\/\/www.otiumhome.fi\/index.php\/wp-json\/wp\/v2\/types\/product"}],"replies":[{"embeddable":true,"href":"https:\/\/www.otiumhome.fi\/index.php\/wp-json\/wp\/v2\/comments?post=195239"}],"wp:featuredmedia":[{"embeddable":true,"href":"https:\/\/www.otiumhome.fi\/index.php\/wp-json\/"}],"wp:attachment":[{"href":"https:\/\/www.otiumhome.fi\/index.php\/wp-json\/wp\/v2\/media?parent=195239"}],"wp:term":[{"taxonomy":"product_brand","embeddable":true,"href":"https:\/\/www.otiumhome.fi\/index.php\/wp-json\/wp\/v2\/product_brand?post=195239"},{"taxonomy":"product_cat","embeddable":true,"href":"https:\/\/www.otiumhome.fi\/index.php\/wp-json\/wp\/v2\/product_cat?post=195239"},{"taxonomy":"product_tag","embeddable":true,"href":"https:\/\/www.otiumhome.fi\/index.php\/wp-json\/wp\/v2\/product_tag?post=195239"}],"curies":[{"name":"wp","href":"https:\/\/api.w.org\/{rel}","templated":true}]}}