{"id":195141,"date":"2025-11-24T14:07:19","date_gmt":"2025-11-24T14:07:19","guid":{"rendered":"https:\/\/www.otiumhome.fi\/?p=195141"},"modified":"2026-01-12T22:31:36","modified_gmt":"2026-01-12T22:31:36","slug":"sailytyssanky-paatylla-harmaa-sonoma-70-x-190-cm-tekninen-puu","status":"publish","type":"product","link":"https:\/\/www.otiumhome.fi\/index.php\/tuote\/sailytyssanky-paatylla-harmaa-sonoma-70-x-190-cm-tekninen-puu\/","title":{"rendered":"S\u00e4ilytyss\u00e4nky p\u00e4\u00e4tyll\u00e4 Harmaa Sonoma 70 x 190 cm Tekninen puu"},"content":{"rendered":"<p>T\u00e4m\u00e4 moderni s\u00e4nky on t\u00e4ydellinen valinta, jos haluat yhdist\u00e4\u00e4 tyylin ja k\u00e4yt\u00e4nn\u00f6llisyyden makuuhuoneessasi. Sen tyylik\u00e4s, suorakaiteen muotoinen rakenne maksimoi tilan alla, tarjoten runsaasti s\u00e4ilytystilaa, joka pit\u00e4\u00e4 makuuhuoneesi siistin\u00e4. Minimalistinen ja toiminnallinen muotoilu tuo esiin puhtaat linjat, jotka ovat modernille tyylille tyypillisi\u00e4, joten se on loistava valinta kaikille, jotka arvostavat yksinkertaisuutta ja tyylitajua. T\u00e4m\u00e4 s\u00e4nky sopii erityisesti kaupunkiel\u00e4m\u00e4\u00e4n, toimiessaan mukavana lev\u00e4hdyspaikkana ja k\u00e4yt\u00e4nn\u00f6llisen\u00e4 s\u00e4ilytysratkaisuna, ottaen huomioon makuuhuoneesi vaihtelevat tarpeet.<\/p>\n<ul>\n<li><b>Materiaalit:<\/b> Laadukkaasta teknisest\u00e4 puusta valmistettu s\u00e4ngyn runko tarjoaa kest\u00e4v\u00e4n ja vankan rakenteen, joka takaa pitk\u00e4n k\u00e4ytt\u00f6i\u00e4n. T\u00e4m\u00e4 materiaali tunnetaan erinomaisista tukikyvyist\u00e4\u00e4n, tarjoten hyv\u00e4n perustan rauhalliseen uneen. Ekologisuus on my\u00f6s etu, joka houkuttelee ymp\u00e4rist\u00f6tietoisia kuluttajia.<\/li>\n<li><b>Viritetyt komponentit:<\/b> S\u00e4ngyn alle sijoitettavat laatikot tekev\u00e4t makuuhuoneen j\u00e4rjest\u00e4misest\u00e4 helppoa ja k\u00e4tev\u00e4\u00e4. Perinteiset laatikot sis\u00e4lt\u00e4v\u00e4t k\u00e4yt\u00e4nn\u00f6lliset kahvat ja liukuvat sujuvasti kiskoilla, joten ne tarjoavat runsaasti tilaa petivaatteille, vaatteille ja kausituotteille.<\/li>\n<li><b>Ominaisuudet \/ Toiminta \/ Suunnittelu:<\/b> S\u00e4ngyn innovatiivinen muotoilu yhdist\u00e4\u00e4 muodon ja toiminnan. Sen yksinkertaiset linjat ja helppo kokoaminen mahdollistavat sen, ett\u00e4 viet\u00e4t v\u00e4hemm\u00e4n aikaa kokoamisessa ja enemm\u00e4n aikaa sen k\u00e4yt\u00f6ss\u00e4. Se edist\u00e4\u00e4 siisti\u00e4 el\u00e4m\u00e4ntapaa, v\u00e4hent\u00e4en h\u00e4iri\u00f6it\u00e4 ja muuttaen makuuhuoneestasi rauhoittavan tilan.<\/li>\n<li><b>Suositeltavat k\u00e4ytt\u00f6tarkoitukset:<\/b> T\u00e4m\u00e4 s\u00e4nky on t\u00e4ydellinen valinta makuuhuoneisiin, jotka etsiv\u00e4t tasapainoa s\u00e4ilytyksen ja nukkumatilan v\u00e4lill\u00e4. Sopii erityisesti tiiviisiin asuintiloihin tai vierashuoneisiin, sek\u00e4 pariskunnille, jotka haluavat laatuja tilank\u00e4yt\u00f6n tehokkuutta. Se muuttaa makuuhuoneesi rauhalliseksi ja k\u00e4yt\u00e4nn\u00f6lliseksi alueeksi.<\/li>\n<li><b>Hoito &amp; Yll\u00e4pito:<\/b> T\u00e4m\u00e4 s\u00e4nky on helppo pit\u00e4\u00e4 puhtaana; pyyhi se vain kostealla liinalla p\u00f6lyn tai roiskeiden poistamiseksi. Se on kest\u00e4v\u00e4 ja varmistaa, ett\u00e4 makuuhuoneesi varusteet pysyv\u00e4t tyylikk\u00e4in\u00e4 ja raikkaina.<\/li>\n<\/ul>\n<ul>\n<li>V\u00e4ri: Harmaa sonoma<\/li>\n<li>Materiaali: Tekninen puu<\/li>\n<li>Kehysmateriaali: Tekninen puu<\/li>\n<li>Yleiset mitat: 196 x 78 x 90 cm (P x L x K)<\/li>\n<li>Patjan koko: Kapea yhden hengen s\u00e4nky (70 cm x 190 cm \/ 35&#8243; x 75&#8243;)<\/li>\n<li>Enimm\u00e4ispaino: 100 kg<\/li>\n<li>Enimm\u00e4ism\u00e4\u00e4r\u00e4 ihmisi\u00e4: 1<\/li>\n<li>Kest\u00e4v\u00e4<\/li>\n<li>Helppo puhdistaa<\/li>\n<li>Helppo kokoaminen<\/li>\n<li>Laatikkojen kehys mukana<\/li>\n<li>S\u00e4ngynp\u00e4\u00e4ty mukana<\/li>\n<li>Laatikolla<\/li>\n<li>Kokoonpano vaaditaan: Kyll\u00e4<\/li>\n<li>Toimitus-:<\/li>\n<li>1 x s\u00e4ngynrunko<\/li>\n<li>1 x s\u00e4ngynp\u00e4\u00e4ty<\/li>\n<\/ul>\n","protected":false},"excerpt":{"rendered":"<ul>\n<li>V\u00e4ri: Harmaa sonoma<\/li>\n<li>Materiaali: Tekninen puu<\/li>\n<li>Kehysmateriaali: Tekninen puu<\/li>\n<li>Yleiset mitat: 196 x 78 x 90 cm (P x L x K)<\/li>\n<li>Patjan koko: Kapea yhden hengen s\u00e4nky (70 cm x 190 cm \/ 35&#8243; x 75&#8243;)<\/li>\n<li>Enimm\u00e4ispaino: 100 kg<\/li>\n<li>Enimm\u00e4ism\u00e4\u00e4r\u00e4 ihmisi\u00e4: 1<\/li>\n<li>Kest\u00e4v\u00e4<\/li>\n<li>Helppo puhdistaa<\/li>\n<li>Helppo kokoaminen<\/li>\n<li>Laatikkojen kehys mukana<\/li>\n<li>S\u00e4ngynp\u00e4\u00e4ty mukana<\/li>\n<li>Laatikolla<\/li>\n<li>Kokoonpano vaaditaan: Kyll\u00e4<\/li>\n<li>Toimitus-:<\/li>\n<li>1 x s\u00e4ngynrunko<\/li>\n<li>1 x s\u00e4ngynp\u00e4\u00e4ty<\/li>\n<\/ul>\n","protected":false},"featured_media":100000195141,"comment_status":"closed","ping_status":"closed","template":"","meta":[],"product_brand":[],"product_cat":[84,8638],"product_tag":[],"class_list":{"0":"post-195141","1":"product","2":"type-product","3":"status-publish","4":"has-post-thumbnail","6":"product_cat-huonekalut","7":"product_cat-sangyt-sangynrungot","9":"first","10":"instock","11":"taxable","12":"shipping-taxable","13":"purchasable","14":"product-type-simple"},"_links":{"self":[{"href":"https:\/\/www.otiumhome.fi\/index.php\/wp-json\/wp\/v2\/product\/195141","targetHints":{"allow":["GET"]}}],"collection":[{"href":"https:\/\/www.otiumhome.fi\/index.php\/wp-json\/wp\/v2\/product"}],"about":[{"href":"https:\/\/www.otiumhome.fi\/index.php\/wp-json\/wp\/v2\/types\/product"}],"replies":[{"embeddable":true,"href":"https:\/\/www.otiumhome.fi\/index.php\/wp-json\/wp\/v2\/comments?post=195141"}],"wp:featuredmedia":[{"embeddable":true,"href":"https:\/\/www.otiumhome.fi\/index.php\/wp-json\/"}],"wp:attachment":[{"href":"https:\/\/www.otiumhome.fi\/index.php\/wp-json\/wp\/v2\/media?parent=195141"}],"wp:term":[{"taxonomy":"product_brand","embeddable":true,"href":"https:\/\/www.otiumhome.fi\/index.php\/wp-json\/wp\/v2\/product_brand?post=195141"},{"taxonomy":"product_cat","embeddable":true,"href":"https:\/\/www.otiumhome.fi\/index.php\/wp-json\/wp\/v2\/product_cat?post=195141"},{"taxonomy":"product_tag","embeddable":true,"href":"https:\/\/www.otiumhome.fi\/index.php\/wp-json\/wp\/v2\/product_tag?post=195141"}],"curies":[{"name":"wp","href":"https:\/\/api.w.org\/{rel}","templated":true}]}}