{"id":195079,"date":"2025-11-24T13:59:53","date_gmt":"2025-11-24T13:59:53","guid":{"rendered":"https:\/\/www.otiumhome.fi\/?p=195079"},"modified":"2026-01-12T21:23:23","modified_gmt":"2026-01-12T21:23:23","slug":"sailytyssanky-paatylla-sonoman-tammi-140-x-200-cm-tekninen-puu","status":"publish","type":"product","link":"https:\/\/www.otiumhome.fi\/index.php\/tuote\/sailytyssanky-paatylla-sonoman-tammi-140-x-200-cm-tekninen-puu\/","title":{"rendered":"S\u00e4ilytyss\u00e4nky p\u00e4\u00e4tyll\u00e4 Sonoman tammi 140 x 200 cm Tekninen puu"},"content":{"rendered":"<p>T\u00e4m\u00e4 moderni varastopeti yhdist\u00e4\u00e4 toiminnallisuuden ja tyylin t\u00e4ydellisesti. Suunniteltu parantamaan tilank\u00e4ytt\u00f6\u00e4, sen tyylik\u00e4s suorakulmainen muoto vieh\u00e4tt\u00e4\u00e4 niit\u00e4, jotka tykk\u00e4\u00e4v\u00e4t puhtaan yksinkertaisuudesta. Tekninen puu tuo luonnollista kauneutta ja sis\u00e4\u00e4nrakennetut s\u00e4ilytysmahdollisuudet pit\u00e4v\u00e4t tilan siistin\u00e4. T\u00e4m\u00e4 ei ole vain s\u00e4nky, vaan my\u00f6s t\u00e4rke\u00e4 sisustuselementti, joka puhuttelee nykyaikaista tyyli\u00e4 ja on t\u00e4ydellinen kauneuden ja k\u00e4yt\u00e4nn\u00f6llisyyden yst\u00e4ville.<\/p>\n<ul>\n<li><b>Tekninen puumateriaali<\/b> S\u00e4ngyn runko, p\u00e4\u00e4ty ja laatikot on tehty laadukkaasta teknisest\u00e4 puusta. T\u00e4m\u00e4 materiaali on kest\u00e4v\u00e4 ja tarjoaa sile\u00e4n pinnan, joka ei v\u00e4\u00e4nny, luoden tukevan perustan pitk\u00e4aikaiseen k\u00e4ytt\u00f6\u00f6n. Hienostunut pinta tuo modernia ilmett\u00e4, joka sopii mihin tahansa makuuhuoneeseen.<\/li>\n<li><b>Toiminnalliset s\u00e4ilytyslaatikot<\/b> Perinteisill\u00e4 vetokahvoilla varustetut s\u00e4ilytysalustat tarjoavat reilusti tilaa s\u00e4nkyvaatteille, vaatteille tai muille v\u00e4lineille, pit\u00e4en kaiken j\u00e4rjestettyn\u00e4 ja k\u00e4den ulottuvilla. K\u00e4tev\u00e4t vetokahvat tekev\u00e4t k\u00e4yt\u00f6st\u00e4 sujuvaa ja helppoa.<\/li>\n<li><b>Nykyaikainen muotoilu ja monik\u00e4ytt\u00f6isyys<\/b> Suorakulmaisen muotoilunsa ansiosta t\u00e4m\u00e4 s\u00e4nky sopii erilaisiin sisustustyyleihin. Sen modernit, puhtaat linjat viestiv\u00e4t eleganssia ja k\u00e4yt\u00e4nn\u00f6llisyytt\u00e4, tehden siit\u00e4 erinomaisen valinnan kaupunkiin, moderneihin koteihin tai minimalistisiin ymp\u00e4rist\u00f6ihin.<\/li>\n<li><b>Helppo ja nopea kokoaminen<\/b> T\u00e4m\u00e4 s\u00e4nky on suunniteltu siten, ett\u00e4 se on helppo koota ruuvimeisselill\u00e4 kahden henkil\u00f6n avulla. T\u00e4m\u00e4 k\u00e4yt\u00e4nn\u00f6llinen suunnittelu lyhent\u00e4\u00e4 asennusaikaa, joten voit nauttia uudesta s\u00e4ngyst\u00e4si nopeasti.<\/li>\n<li><b>Helppo puhdistaa<\/b> S\u00e4ngyn pit\u00e4minen hyv\u00e4ss\u00e4 kunnossa on helppoa sen pyyhitt\u00e4v\u00e4ll\u00e4 pinnalla. Kostea liina riitt\u00e4\u00e4 p\u00f6lyn poistamiseen, jotta s\u00e4nky pysyy siistin\u00e4 ja kauniina vuodesta toiseen.<\/li>\n<\/ul>\n<ul>\n<li>V\u00e4ri: Sonoman tammi<\/li>\n<li>Materiaali: Tekninen puu<\/li>\n<li>Kehysmateriaali: Tekninen puu<\/li>\n<li>Yleiset mitat: 206 x 143 x 100 cm (P x L x K)<\/li>\n<li>Patjan koko: Kahden hengen s\u00e4nky (140 cm x 200 cm \/ 55&#8243; x 79&#8243;)<\/li>\n<li>Enimm\u00e4ispaino: 200 kg<\/li>\n<li>Enimm\u00e4ism\u00e4\u00e4r\u00e4 ihmisi\u00e4: 2<\/li>\n<li>Kest\u00e4v\u00e4<\/li>\n<li>Helppo puhdistaa<\/li>\n<li>Helppo kokoaminen<\/li>\n<li>Laatikkojen kehys mukana<\/li>\n<li>S\u00e4ngynp\u00e4\u00e4ty mukana<\/li>\n<li>Laatikolla<\/li>\n<li>Kokoonpano vaaditaan: Kyll\u00e4<\/li>\n<li>Toimitus-:<\/li>\n<li>1 x s\u00e4ngynrunko<\/li>\n<li>1 x s\u00e4ngynp\u00e4\u00e4ty<\/li>\n<\/ul>\n","protected":false},"excerpt":{"rendered":"<ul>\n<li>V\u00e4ri: Sonoman tammi<\/li>\n<li>Materiaali: Tekninen puu<\/li>\n<li>Kehysmateriaali: Tekninen puu<\/li>\n<li>Yleiset mitat: 206 x 143 x 100 cm (P x L x K)<\/li>\n<li>Patjan koko: Kahden hengen s\u00e4nky (140 cm x 200 cm \/ 55&#8243; x 79&#8243;)<\/li>\n<li>Enimm\u00e4ispaino: 200 kg<\/li>\n<li>Enimm\u00e4ism\u00e4\u00e4r\u00e4 ihmisi\u00e4: 2<\/li>\n<li>Kest\u00e4v\u00e4<\/li>\n<li>Helppo puhdistaa<\/li>\n<li>Helppo kokoaminen<\/li>\n<li>Laatikkojen kehys mukana<\/li>\n<li>S\u00e4ngynp\u00e4\u00e4ty mukana<\/li>\n<li>Laatikolla<\/li>\n<li>Kokoonpano vaaditaan: Kyll\u00e4<\/li>\n<li>Toimitus-:<\/li>\n<li>1 x s\u00e4ngynrunko<\/li>\n<li>1 x s\u00e4ngynp\u00e4\u00e4ty<\/li>\n<\/ul>\n","protected":false},"featured_media":100000195079,"comment_status":"closed","ping_status":"closed","template":"","meta":[],"product_brand":[],"product_cat":[84,8638],"product_tag":[],"class_list":{"0":"post-195079","1":"product","2":"type-product","3":"status-publish","4":"has-post-thumbnail","6":"product_cat-huonekalut","7":"product_cat-sangyt-sangynrungot","9":"first","10":"instock","11":"taxable","12":"shipping-taxable","13":"purchasable","14":"product-type-simple"},"_links":{"self":[{"href":"https:\/\/www.otiumhome.fi\/index.php\/wp-json\/wp\/v2\/product\/195079","targetHints":{"allow":["GET"]}}],"collection":[{"href":"https:\/\/www.otiumhome.fi\/index.php\/wp-json\/wp\/v2\/product"}],"about":[{"href":"https:\/\/www.otiumhome.fi\/index.php\/wp-json\/wp\/v2\/types\/product"}],"replies":[{"embeddable":true,"href":"https:\/\/www.otiumhome.fi\/index.php\/wp-json\/wp\/v2\/comments?post=195079"}],"wp:featuredmedia":[{"embeddable":true,"href":"https:\/\/www.otiumhome.fi\/index.php\/wp-json\/"}],"wp:attachment":[{"href":"https:\/\/www.otiumhome.fi\/index.php\/wp-json\/wp\/v2\/media?parent=195079"}],"wp:term":[{"taxonomy":"product_brand","embeddable":true,"href":"https:\/\/www.otiumhome.fi\/index.php\/wp-json\/wp\/v2\/product_brand?post=195079"},{"taxonomy":"product_cat","embeddable":true,"href":"https:\/\/www.otiumhome.fi\/index.php\/wp-json\/wp\/v2\/product_cat?post=195079"},{"taxonomy":"product_tag","embeddable":true,"href":"https:\/\/www.otiumhome.fi\/index.php\/wp-json\/wp\/v2\/product_tag?post=195079"}],"curies":[{"name":"wp","href":"https:\/\/api.w.org\/{rel}","templated":true}]}}