{"id":194631,"date":"2025-11-24T12:53:58","date_gmt":"2025-11-24T12:53:58","guid":{"rendered":"https:\/\/www.otiumhome.fi\/?p=194631"},"modified":"2026-01-12T12:34:48","modified_gmt":"2026-01-12T12:34:48","slug":"sailytyssanky-paatylla-harmaa-sonoma-5ft-king-size-tekninen-puu","status":"publish","type":"product","link":"https:\/\/www.otiumhome.fi\/index.php\/tuote\/sailytyssanky-paatylla-harmaa-sonoma-5ft-king-size-tekninen-puu\/","title":{"rendered":"S\u00e4ilytyss\u00e4nky p\u00e4\u00e4tyll\u00e4 Harmaa Sonoma 5FT King Size Tekninen puu"},"content":{"rendered":"<p>Hienostunut s\u00e4ngynrunko yhdist\u00e4\u00e4 monimutkaisen muotoilun ja k\u00e4yt\u00e4nn\u00f6llisyyden. Moderni tyyli tuo mukanaan yksinkertaisuutta ja toimivuutta, mik\u00e4 on t\u00e4ydellinen valinta kaupunkiasujille, jotka haluavat kauniin ja k\u00e4yt\u00e4nn\u00f6llisen vaihtoehdon makuuhuoneeseensa. Suorakulmainen muoto ja kest\u00e4v\u00e4 rakenne ovat tukevia, ja tyylik\u00e4s p\u00e4\u00e4ty lis\u00e4\u00e4 ripauksen eleganssia.<\/p>\n<ul>\n<li><b>Tekninen puus\u00e4nky<\/b> laadukkaasta materiaalista, joka kest\u00e4\u00e4 p\u00e4ivitt\u00e4ist\u00e4 k\u00e4ytt\u00f6\u00e4. Sen kest\u00e4vyys tekee siit\u00e4 loistavan valinnan nykyaikaiseen kotiin.<\/li>\n<li><b>Sis\u00e4\u00e4nrakennetut s\u00e4ilytyslaatikkot<\/b> hy\u00f6dynt\u00e4v\u00e4t tilan s\u00e4ngyn alla, mik\u00e4 tekee se k\u00e4tev\u00e4ksi ylim\u00e4\u00e4r\u00e4isten liinavaatteiden tai tavaroiden s\u00e4ilytt\u00e4miseen.<\/li>\n<li><b>Helppo kokoaminen<\/b> suunniteltu niin, ett\u00e4 kaksi ihmist\u00e4 voi koota sen ilman ongelmia. Selke\u00e4t ohjeet tekev\u00e4t kokoamisesta nopeaa ja vaivatonta.<\/li>\n<li><b>Moderni minimalistinen muotoilu<\/b> t\u00e4ydent\u00e4\u00e4 henkil\u00f6kohtaisia sisustuksia kauniilla linjoilla, luoden rauhallisen ja kutsuvan ymp\u00e4rist\u00f6n.<\/li>\n<li><b>Helppo yll\u00e4pito<\/b> pyyhkim\u00e4ll\u00e4 kostealla liinalla s\u00e4nky pysyy siistin\u00e4, joten se sopii kiireisille el\u00e4m\u00e4ntavoille.<\/li>\n<\/ul>\n<ul>\n<li>V\u00e4ri: Harmaa sonoma<\/li>\n<li>Materiaali: Tekninen puu<\/li>\n<li>Kehysmateriaali: Tekninen puu<\/li>\n<li>Yleiset mitat: 203 x 153 x 100 cm (P x L x K)<\/li>\n<li>Yhteensopiva patjakoko: Brittil\u00e4inen king (150 cm x 200 cm \/ 60&#8243; x 78&#8243;)<\/li>\n<li>Enimm\u00e4ispaino: 200 kg<\/li>\n<li>Enimm\u00e4ism\u00e4\u00e4r\u00e4 ihmisi\u00e4: 2<\/li>\n<li>Kest\u00e4v\u00e4<\/li>\n<li>Helppo puhdistaa<\/li>\n<li>Helppo kokoaminen<\/li>\n<li>Laatikkojen kehys mukana<\/li>\n<li>S\u00e4ngynp\u00e4\u00e4ty mukana<\/li>\n<li>Laatikolla<\/li>\n<li>Kokoonpano vaaditaan: Kyll\u00e4<\/li>\n<li>Toimitus-:<\/li>\n<li>1 x s\u00e4ngyn runko<\/li>\n<li>1 x s\u00e4ngyn p\u00e4\u00e4ty<\/li>\n<\/ul>\n","protected":false},"excerpt":{"rendered":"<ul>\n<li>V\u00e4ri: Harmaa sonoma<\/li>\n<li>Materiaali: Tekninen puu<\/li>\n<li>Kehysmateriaali: Tekninen puu<\/li>\n<li>Yleiset mitat: 203 x 153 x 100 cm (P x L x K)<\/li>\n<li>Yhteensopiva patjakoko: Brittil\u00e4inen king (150 cm x 200 cm \/ 60&#8243; x 78&#8243;)<\/li>\n<li>Enimm\u00e4ispaino: 200 kg<\/li>\n<li>Enimm\u00e4ism\u00e4\u00e4r\u00e4 ihmisi\u00e4: 2<\/li>\n<li>Kest\u00e4v\u00e4<\/li>\n<li>Helppo puhdistaa<\/li>\n<li>Helppo kokoaminen<\/li>\n<li>Laatikkojen kehys mukana<\/li>\n<li>S\u00e4ngynp\u00e4\u00e4ty mukana<\/li>\n<li>Laatikolla<\/li>\n<li>Kokoonpano vaaditaan: Kyll\u00e4<\/li>\n<li>Toimitus-:<\/li>\n<li>1 x s\u00e4ngyn runko<\/li>\n<li>1 x s\u00e4ngyn p\u00e4\u00e4ty<\/li>\n<\/ul>\n","protected":false},"featured_media":100000194631,"comment_status":"closed","ping_status":"closed","template":"","meta":[],"product_brand":[],"product_cat":[84,8638],"product_tag":[],"class_list":{"0":"post-194631","1":"product","2":"type-product","3":"status-publish","4":"has-post-thumbnail","6":"product_cat-huonekalut","7":"product_cat-sangyt-sangynrungot","9":"first","10":"instock","11":"taxable","12":"shipping-taxable","13":"purchasable","14":"product-type-simple"},"_links":{"self":[{"href":"https:\/\/www.otiumhome.fi\/index.php\/wp-json\/wp\/v2\/product\/194631","targetHints":{"allow":["GET"]}}],"collection":[{"href":"https:\/\/www.otiumhome.fi\/index.php\/wp-json\/wp\/v2\/product"}],"about":[{"href":"https:\/\/www.otiumhome.fi\/index.php\/wp-json\/wp\/v2\/types\/product"}],"replies":[{"embeddable":true,"href":"https:\/\/www.otiumhome.fi\/index.php\/wp-json\/wp\/v2\/comments?post=194631"}],"wp:featuredmedia":[{"embeddable":true,"href":"https:\/\/www.otiumhome.fi\/index.php\/wp-json\/"}],"wp:attachment":[{"href":"https:\/\/www.otiumhome.fi\/index.php\/wp-json\/wp\/v2\/media?parent=194631"}],"wp:term":[{"taxonomy":"product_brand","embeddable":true,"href":"https:\/\/www.otiumhome.fi\/index.php\/wp-json\/wp\/v2\/product_brand?post=194631"},{"taxonomy":"product_cat","embeddable":true,"href":"https:\/\/www.otiumhome.fi\/index.php\/wp-json\/wp\/v2\/product_cat?post=194631"},{"taxonomy":"product_tag","embeddable":true,"href":"https:\/\/www.otiumhome.fi\/index.php\/wp-json\/wp\/v2\/product_tag?post=194631"}],"curies":[{"name":"wp","href":"https:\/\/api.w.org\/{rel}","templated":true}]}}