{"id":194101,"date":"2025-11-24T11:54:44","date_gmt":"2025-11-24T11:54:44","guid":{"rendered":"https:\/\/www.otiumhome.fi\/?p=194101"},"modified":"2026-01-12T10:40:37","modified_gmt":"2026-01-12T10:40:37","slug":"sangyn-runko-paatylla-musta-tammi-4ft6-double-tekninen-puu","status":"publish","type":"product","link":"https:\/\/www.otiumhome.fi\/index.php\/tuote\/sangyn-runko-paatylla-musta-tammi-4ft6-double-tekninen-puu\/","title":{"rendered":"S\u00e4ngyn runko p\u00e4\u00e4tyll\u00e4 Musta tammi. 4FT6 Double Tekninen puu"},"content":{"rendered":"<p>T\u00e4m\u00e4 moderni s\u00e4ilytyss\u00e4nky on tyylikk\u00e4\u00e4n muotoilun ja minimalististen linjojen mestariteos, t\u00e4ydellinen kaikille makuuhuoneille. T\u00e4m\u00e4 s\u00e4nky yhdist\u00e4\u00e4 toiminnallisuuden ja tyylin, ja se on just oikea valinta kaupungin el\u00e4m\u00e4n kiireeseen, jossa tilank\u00e4yt\u00f6ll\u00e4 on iso merkitys. Korkealaatuisesta teknisest\u00e4 puusta valmistettu s\u00e4nky toimii mukavana nukkumapaikkana ja tarjoaa samalla loistavan ratkaisun s\u00e4ilytystarpeisiin. Suunnittelu on ihanteellinen yksil\u00f6ille tai perheille, jotka arvostavat tilavia ja siistej\u00e4 sisustoja, ja se tarjoaa elegantin keskipisteen huoneeseen.<\/p>\n<ul>\n<li><b>Teknisen puun kehys<\/b> Kest\u00e4v\u00e4st\u00e4 teknisest\u00e4 puusta tehty runko varmistaa vahvuuden ja vakauden, joten se kest\u00e4\u00e4 k\u00e4yt\u00f6ss\u00e4 vuosia. Materiaali on valittu erityisesti sen v\u00e4\u00e4ntym\u00e4tt\u00f6myyden vuoksi, mik\u00e4 tekee siit\u00e4 pitk\u00e4ik\u00e4isen s\u00e4nkyrakenteen. Sen sile\u00e4 pinta tuo hienostunutta ilmett\u00e4 jokaiseen makuuhuoneeseen.<\/li>\n<li><b>Toiminnallinen s\u00e4lepohja<\/b> Kiinte\u00e4 s\u00e4lepohja tarjoaa tukevan alustan patjalle. Muotoilu varmistaa, ett\u00e4 patja saa riitt\u00e4v\u00e4sti tuuletusta, pit\u00e4en sen raikkaana pidemp\u00e4\u00e4n. T\u00e4m\u00e4 rakenne tuo my\u00f6s lis\u00e4\u00e4 vahvuutta, joten voit nukkua rauhallisesti.<\/li>\n<li><b>K\u00e4tev\u00e4t s\u00e4ilytyslaatikot<\/b> Varustettu vy\u00f6t\u00e4r\u00f6ll\u00e4 avattavilla laatikoilla, s\u00e4ngyn runko tarjoaa runsaasti s\u00e4ilytystilaa lakanoille, vaatteille tai muille makuuhuoneen tavaroille. Laatikot liikkuvat sujuvasti, joten p\u00e4\u00e4sy on helppoa ja tehokasta, pit\u00e4en sinulle tavarat aina k\u00e4sill\u00e4.<\/li>\n<li><b>Nykytyyliset metallikahvat<\/b> Kumpikin laatikko on varustettu tyylikk\u00e4ill\u00e4 tankokahvoilla, jotka on tehty kest\u00e4v\u00e4st\u00e4 metallista, mik\u00e4 takaa helpon k\u00e4yt\u00f6n. N\u00e4m\u00e4 kahvat tuovat modernia estetiikkaa, lis\u00e4\u00e4en s\u00e4ngyn rungon toimivuutta ja tyyli\u00e4.<\/li>\n<li><b>Yksinkertaiset huolto-ohjeet<\/b> Rungon hoitaminen on helppoa; pyyhi vain kostealla liinalla puhtaaksi. T\u00e4m\u00e4 tekee huoltamisesta vaivatonta, jotta s\u00e4nky s\u00e4ilytt\u00e4\u00e4 uuden ilmeen ja parantaa makuuhuoneen tyyli\u00e4.<\/li>\n<\/ul>\n<ul>\n<li>V\u00e4ri: Musta tammi.<\/li>\n<li>Materiaali: Tekninen puu<\/li>\n<li>Kehysmateriaali: Tekninen puu<\/li>\n<li>Yleiset mitat: 200 x 138 x 100 cm (P x L x K)<\/li>\n<li>Patjan koko: Brittil\u00e4inen kahden hengen s\u00e4nky (135 cm x 190 cm \/ 54&#8243; x 75&#8243;)<\/li>\n<li>Enimm\u00e4ism\u00e4\u00e4r\u00e4 ihmisi\u00e4: 2<\/li>\n<li>Runsaasti s\u00e4ilytystilaa<\/li>\n<li>Kest\u00e4v\u00e4<\/li>\n<li>Laatikkojen kehys mukana<\/li>\n<li>S\u00e4ngynp\u00e4\u00e4ty mukana<\/li>\n<li>Laatikolla<\/li>\n<li>Kokoonpano vaaditaan: Kyll\u00e4<\/li>\n<li>Toimitus-:<\/li>\n<li>1 x s\u00e4ngynrunko<\/li>\n<li>1 x s\u00e4ngynp\u00e4\u00e4ty<\/li>\n<\/ul>\n","protected":false},"excerpt":{"rendered":"<ul>\n<li>V\u00e4ri: Musta tammi.<\/li>\n<li>Materiaali: Tekninen puu<\/li>\n<li>Kehysmateriaali: Tekninen puu<\/li>\n<li>Yleiset mitat: 200 x 138 x 100 cm (P x L x K)<\/li>\n<li>Patjan koko: Brittil\u00e4inen kahden hengen s\u00e4nky (135 cm x 190 cm \/ 54&#8243; x 75&#8243;)<\/li>\n<li>Enimm\u00e4ism\u00e4\u00e4r\u00e4 ihmisi\u00e4: 2<\/li>\n<li>Runsaasti s\u00e4ilytystilaa<\/li>\n<li>Kest\u00e4v\u00e4<\/li>\n<li>Laatikkojen kehys mukana<\/li>\n<li>S\u00e4ngynp\u00e4\u00e4ty mukana<\/li>\n<li>Laatikolla<\/li>\n<li>Kokoonpano vaaditaan: Kyll\u00e4<\/li>\n<li>Toimitus-:<\/li>\n<li>1 x s\u00e4ngynrunko<\/li>\n<li>1 x s\u00e4ngynp\u00e4\u00e4ty<\/li>\n<\/ul>\n","protected":false},"featured_media":100000194101,"comment_status":"closed","ping_status":"closed","template":"","meta":[],"product_brand":[],"product_cat":[84,8638],"product_tag":[],"class_list":{"0":"post-194101","1":"product","2":"type-product","3":"status-publish","4":"has-post-thumbnail","6":"product_cat-huonekalut","7":"product_cat-sangyt-sangynrungot","9":"first","10":"instock","11":"taxable","12":"shipping-taxable","13":"purchasable","14":"product-type-simple"},"_links":{"self":[{"href":"https:\/\/www.otiumhome.fi\/index.php\/wp-json\/wp\/v2\/product\/194101","targetHints":{"allow":["GET"]}}],"collection":[{"href":"https:\/\/www.otiumhome.fi\/index.php\/wp-json\/wp\/v2\/product"}],"about":[{"href":"https:\/\/www.otiumhome.fi\/index.php\/wp-json\/wp\/v2\/types\/product"}],"replies":[{"embeddable":true,"href":"https:\/\/www.otiumhome.fi\/index.php\/wp-json\/wp\/v2\/comments?post=194101"}],"wp:featuredmedia":[{"embeddable":true,"href":"https:\/\/www.otiumhome.fi\/index.php\/wp-json\/"}],"wp:attachment":[{"href":"https:\/\/www.otiumhome.fi\/index.php\/wp-json\/wp\/v2\/media?parent=194101"}],"wp:term":[{"taxonomy":"product_brand","embeddable":true,"href":"https:\/\/www.otiumhome.fi\/index.php\/wp-json\/wp\/v2\/product_brand?post=194101"},{"taxonomy":"product_cat","embeddable":true,"href":"https:\/\/www.otiumhome.fi\/index.php\/wp-json\/wp\/v2\/product_cat?post=194101"},{"taxonomy":"product_tag","embeddable":true,"href":"https:\/\/www.otiumhome.fi\/index.php\/wp-json\/wp\/v2\/product_tag?post=194101"}],"curies":[{"name":"wp","href":"https:\/\/api.w.org\/{rel}","templated":true}]}}