{"id":193181,"date":"2025-11-24T06:22:50","date_gmt":"2025-11-24T06:22:50","guid":{"rendered":"https:\/\/www.otiumhome.fi\/?p=193181"},"modified":"2025-11-25T04:42:43","modified_gmt":"2025-11-25T04:42:43","slug":"sailytyskaappi-musta-40x45x1035-cm-tekopuu","status":"publish","type":"product","link":"https:\/\/www.otiumhome.fi\/index.php\/tuote\/sailytyskaappi-musta-40x45x1035-cm-tekopuu\/","title":{"rendered":"S\u00e4ilytyskaappi musta 40x45x103,5 cm tekopuu"},"content":{"rendered":"<p>T\u00e4m\u00e4n s\u00e4ilytyskaapin avulla voit vaivattomasti tehostaa organisaatiotasi ja pit\u00e4\u00e4 ymp\u00e4rist\u00f6si siistin\u00e4!<\/p>\n<\/p>\n<ul>\n<li>Vakaa ja kest\u00e4v\u00e4 materiaali: Puu on kest\u00e4v\u00e4 ja vakaa materiaali, jonka sile\u00e4 pinta kest\u00e4\u00e4 kosteutta, v\u00e4\u00e4ntymist\u00e4 ja halkeilua, joten se on luotettava valinta monenlaisiin projekteihin.<\/li>\n<li>Monipuolinen s\u00e4ilytysratkaisu: T\u00e4m\u00e4 senkki parantaa organisointia tarjoamalla k\u00e4yt\u00e4nn\u00f6llist\u00e4 s\u00e4ilytystilaa toimistotarvikkeille, tiedostoille tai henkil\u00f6kohtaisille tavaroille, ja se sopii hyvin k\u00e4ytett\u00e4v\u00e4ksi vastaanottotiskin kanssa sek\u00e4 muissa tiloissa.<\/li>\n<li>Kompakti ja tehokas: Ty\u00f6p\u00f6yt\u00e4kaapin huolellisesti suunnitellut mitat varmistavat, ett\u00e4 se k\u00e4ytt\u00e4\u00e4 tilan tehokkaasti ja tarjoaa k\u00e4yt\u00e4nn\u00f6llisen s\u00e4ilytysratkaisun viem\u00e4tt\u00e4 tarpeetonta tilaa.<\/li>\n<li>Helppo koota: Toimistokalusteiden mukana toimitetaan selke\u00e4t ja helposti seurattavat ohjeet nopeaa ja vaivatonta kokoamista varten, jolloin voit integroida ne saumattomasti vastaanottotiskiin tai k\u00e4ytt\u00e4\u00e4 niit\u00e4 heti muissa tiloissa.<\/li>\n<\/ul>\n<p>Varoitus:<\/p>\n<ul>\n<li>Jotta kaatuminen ei tapahdu T\u00e4t\u00e4 tuotetta on k\u00e4ytett\u00e4v\u00e4 mukana toimitetun sein\u00e4kiinnityslaitteen kanssa.<\/li>\n<\/ul>\n<p>Hyv\u00e4 tiet\u00e4\u00e4:<\/p>\n<ul>\n<li>Sein\u00e4n sis\u00e4puolelle tarkoitetut ruuvit ja tulpat eiv\u00e4t sis\u00e4lly toimitukseen. Etsi ja k\u00e4yt\u00e4 seiniin sopivia ruuveja ja tulppia. Jos olet ep\u00e4varma, kysy ammattilaisen neuvoa. Lue ja noudata ohjeita huolellisesti.<\/li>\n<\/ul>\n<ul>\n<li>V\u00e4ri: Musta<\/li>\n<li>Materiaali: Puu<\/li>\n<li>Kokonaismitat: 40 x 45 x 103,5 cm (P x L x K)<\/li>\n<li>Suurin painokapasiteetti (kokonaispaino): 60 kg<\/li>\n<li>Suurin painokapasiteetti (hylly): 20 kg<\/li>\n<li>1 hylly oven takana<\/li>\n<li>Kokoaminen vaaditaan: Kyll\u00e4<\/li>\n<\/ul>\n","protected":false},"excerpt":{"rendered":"<ul>\n<li>V\u00e4ri: Musta<\/li>\n<li>Materiaali: Puu<\/li>\n<li>Kokonaismitat: 40 x 45 x 103,5 cm (P x L x K)<\/li>\n<li>Suurin painokapasiteetti (kokonaispaino): 60 kg<\/li>\n<li>Suurin painokapasiteetti (hylly): 20 kg<\/li>\n<li>1 hylly oven takana<\/li>\n<li>Kokoaminen vaaditaan: Kyll\u00e4<\/li>\n<\/ul>\n","protected":false},"featured_media":100000193181,"comment_status":"closed","ping_status":"closed","template":"","meta":[],"product_brand":[],"product_cat":[84,8635],"product_tag":[],"class_list":{"0":"post-193181","1":"product","2":"type-product","3":"status-publish","4":"has-post-thumbnail","6":"product_cat-huonekalut","7":"product_cat-sailytys-lukkokaapit","9":"first","10":"outofstock","11":"taxable","12":"shipping-taxable","13":"purchasable","14":"product-type-simple"},"_links":{"self":[{"href":"https:\/\/www.otiumhome.fi\/index.php\/wp-json\/wp\/v2\/product\/193181","targetHints":{"allow":["GET"]}}],"collection":[{"href":"https:\/\/www.otiumhome.fi\/index.php\/wp-json\/wp\/v2\/product"}],"about":[{"href":"https:\/\/www.otiumhome.fi\/index.php\/wp-json\/wp\/v2\/types\/product"}],"replies":[{"embeddable":true,"href":"https:\/\/www.otiumhome.fi\/index.php\/wp-json\/wp\/v2\/comments?post=193181"}],"wp:featuredmedia":[{"embeddable":true,"href":"https:\/\/www.otiumhome.fi\/index.php\/wp-json\/"}],"wp:attachment":[{"href":"https:\/\/www.otiumhome.fi\/index.php\/wp-json\/wp\/v2\/media?parent=193181"}],"wp:term":[{"taxonomy":"product_brand","embeddable":true,"href":"https:\/\/www.otiumhome.fi\/index.php\/wp-json\/wp\/v2\/product_brand?post=193181"},{"taxonomy":"product_cat","embeddable":true,"href":"https:\/\/www.otiumhome.fi\/index.php\/wp-json\/wp\/v2\/product_cat?post=193181"},{"taxonomy":"product_tag","embeddable":true,"href":"https:\/\/www.otiumhome.fi\/index.php\/wp-json\/wp\/v2\/product_tag?post=193181"}],"curies":[{"name":"wp","href":"https:\/\/api.w.org\/{rel}","templated":true}]}}