{"id":193048,"date":"2025-11-24T04:09:32","date_gmt":"2025-11-24T04:09:32","guid":{"rendered":"https:\/\/www.otiumhome.fi\/?p=193048"},"modified":"2025-12-09T06:57:40","modified_gmt":"2025-12-09T06:57:40","slug":"kylpyhuonekalustesetti-ovella-5-pcs-artisan-tammi-tekninen-puu","status":"publish","type":"product","link":"https:\/\/www.otiumhome.fi\/index.php\/tuote\/kylpyhuonekalustesetti-ovella-5-pcs-artisan-tammi-tekninen-puu\/","title":{"rendered":"Kylpyhuonekalustesetti ovella 5 pcs Artisan tammi Tekninen puu"},"content":{"rendered":"<p>T\u00e4m\u00e4 5-osainen kylpyhuonekaappisarja yhdist\u00e4\u00e4 k\u00e4yt\u00e4nn\u00f6llisyyden ja tyylin moderniin kylpyhuoneeseen. Se on suunniteltu tuomaan j\u00e4rjestyst\u00e4 ja yksinkertaisuutta sis\u00e4tiloihin. Sarja muuttaa mink\u00e4 tahansa kylpyhuoneen mukavaksi ja esteettiseksi paikaksi, jossa yhdistyv\u00e4t toimivuus ja kauniit muodot. Kaikki osat on valmistettu teknisest\u00e4 puusta, joten ne pysyv\u00e4t pitk\u00e4\u00e4n ja k\u00e4yv\u00e4t hyvin erilaisiin asetuksiin.<\/p>\n<ul>\n<li><b>Materiaalit:<\/b> Teknisest\u00e4 puusta, t\u00e4m\u00e4 kylpyhuonesarja on tukevan ja tyylikk\u00e4\u00e4n n\u00e4k\u00f6inen. Materiaali on hieno ja sile\u00e4, lis\u00e4\u00e4m\u00e4ll\u00e4 kosmetiikkaa kylpyhuoneen sisustukseen. Tekniset puuosat ovat kest\u00e4vi\u00e4 ja helppoja hoitaa, joten ne pysyv\u00e4t kauniina pitk\u00e4\u00e4n.<\/li>\n<li><b>Sis\u00e4ltyv\u00e4t komponentit:<\/b> Setti sis\u00e4lt\u00e4\u00e4 64,5 x 33,5 x 59 cm kokoisen pesukaapin, 64 x 20 x 66,5 cm peilikaapin, kaksi erilaista kylpyhuonekaappia sek\u00e4 sein\u00e4kaapin, joka on 32 x 33,5 x 188,5 cm korkea. Jokainen osa tekee s\u00e4ilytt\u00e4misest\u00e4 helppoa ja mukautuu erilaisiin tarpeisiin.<\/li>\n<li><b>Ominaisuudet \/ Toiminta \/ Muotoilu:<\/b> Sarjan suunnittelu keskittyy siihen, ett\u00e4 s\u00e4ilytystilaa riitt\u00e4\u00e4. Kaapeissa on runsaasti laatikoita ja hyllyj\u00e4, ja lis\u00e4kaapit auttavat l\u00f6yt\u00e4m\u00e4\u00e4n paikan kylpyhuoneeseen. Sen muotoilu sopii yksinkertaiseen ja moderniin tyyliin.<\/li>\n<li><b>Suositeltavat k\u00e4ytt\u00f6tarkoitukset:<\/b> T\u00e4ydellinen kylpyhuonesarjana, joka auttaa j\u00e4rjest\u00e4m\u00e4\u00e4n niin pyyhkeet, hygieniatuotteet kuin kosmetiikkatuotteet. T\u00e4m\u00e4 sarja sopii kotiin, jossa  arvostetaan sek\u00e4 k\u00e4yt\u00e4nn\u00f6llisyytt\u00e4 ett\u00e4 tyyli\u00e4, pit\u00e4en ymp\u00e4rist\u00f6n siistin\u00e4 ja j\u00e4rjestyksess\u00e4.<\/li>\n<li><b>Hoito &amp; Yll\u00e4pito:<\/b> Pid\u00e4 setti kunnossa pyyhkim\u00e4ll\u00e4 pinnat kuivalla liinalla. T\u00e4m\u00e4 helppo puhdistus suojaa puuta ja pit\u00e4\u00e4 sen hyv\u00e4n\u00e4, joten voit nauttia kauniista ilmeest\u00e4 pitk\u00e4\u00e4n.<\/li>\n<\/ul>\n<ul>\n<li>V\u00e4ri: Artisan tammi<\/li>\n<li>Materiaali: Tekninen puu<\/li>\n<li>Yleiset mitat: 64,5 x 33,5 x 59 cm (P x L x K)<\/li>\n<li>Paino: 77,03 kg<\/li>\n<li>S\u00e4ilytystila<\/li>\n<li>Laatikolla<\/li>\n<li>Peilill\u00e4<\/li>\n<li>2 hyllyill\u00e4<\/li>\n<li>Kehysmateriaali: Tekninen puu<\/li>\n<li>6 ovien kanssa<\/li>\n<li>Sis\u00e4- &amp; ulkotila: Vain sis\u00e4k\u00e4ytt\u00f6\u00f6n<\/li>\n<li>Toimitus-:<\/li>\n<li>1 x Allaskaappi: 64,5 x 33,5 x 59 cm (P x L x K)<\/li>\n<li>1 x Peili kaappi: 64 x 20 x 66,5 cm (P x L x K)<\/li>\n<li>1 x Kylpyhuonekaappi: 32 x 30 x 67 cm (P x L x K)<\/li>\n<li>1 x Kylpyhuonekaappi: 32 x 33,5 x 90 cm (P x L x K)<\/li>\n<li>1 x Sein\u00e4kappi: 32 x 33,5 x 188,5 (P x L x K)<\/li>\n<li>Kokoonpano vaaditaan: Kyll\u00e4<\/li>\n<\/ul>\n","protected":false},"excerpt":{"rendered":"<ul>\n<li>V\u00e4ri: Artisan tammi<\/li>\n<li>Materiaali: Tekninen puu<\/li>\n<li>Yleiset mitat: 64,5 x 33,5 x 59 cm (P x L x K)<\/li>\n<li>Paino: 77,03 kg<\/li>\n<li>S\u00e4ilytystila<\/li>\n<li>Laatikolla<\/li>\n<li>Peilill\u00e4<\/li>\n<li>2 hyllyill\u00e4<\/li>\n<li>Kehysmateriaali: Tekninen puu<\/li>\n<li>6 ovien kanssa<\/li>\n<li>Sis\u00e4- &amp; ulkotila: Vain sis\u00e4k\u00e4ytt\u00f6\u00f6n<\/li>\n<li>Toimitus-:<\/li>\n<li>1 x Allaskaappi: 64,5 x 33,5 x 59 cm (P x L x K)<\/li>\n<li>1 x Peili kaappi: 64 x 20 x 66,5 cm (P x L x K)<\/li>\n<li>1 x Kylpyhuonekaappi: 32 x 30 x 67 cm (P x L x K)<\/li>\n<li>1 x Kylpyhuonekaappi: 32 x 33,5 x 90 cm (P x L x K)<\/li>\n<li>1 x Sein\u00e4kappi: 32 x 33,5 x 188,5 (P x L x K)<\/li>\n<li>Kokoonpano vaaditaan: Kyll\u00e4<\/li>\n<\/ul>\n","protected":false},"featured_media":100000193048,"comment_status":"closed","ping_status":"closed","template":"","meta":[],"product_brand":[],"product_cat":[84,8560],"product_tag":[],"class_list":{"0":"post-193048","1":"product","2":"type-product","3":"status-publish","4":"has-post-thumbnail","6":"product_cat-huonekalut","7":"product_cat-kylpyhuoneen-kalusteet","9":"first","10":"instock","11":"taxable","12":"shipping-taxable","13":"purchasable","14":"product-type-simple"},"_links":{"self":[{"href":"https:\/\/www.otiumhome.fi\/index.php\/wp-json\/wp\/v2\/product\/193048","targetHints":{"allow":["GET"]}}],"collection":[{"href":"https:\/\/www.otiumhome.fi\/index.php\/wp-json\/wp\/v2\/product"}],"about":[{"href":"https:\/\/www.otiumhome.fi\/index.php\/wp-json\/wp\/v2\/types\/product"}],"replies":[{"embeddable":true,"href":"https:\/\/www.otiumhome.fi\/index.php\/wp-json\/wp\/v2\/comments?post=193048"}],"wp:featuredmedia":[{"embeddable":true,"href":"https:\/\/www.otiumhome.fi\/index.php\/wp-json\/"}],"wp:attachment":[{"href":"https:\/\/www.otiumhome.fi\/index.php\/wp-json\/wp\/v2\/media?parent=193048"}],"wp:term":[{"taxonomy":"product_brand","embeddable":true,"href":"https:\/\/www.otiumhome.fi\/index.php\/wp-json\/wp\/v2\/product_brand?post=193048"},{"taxonomy":"product_cat","embeddable":true,"href":"https:\/\/www.otiumhome.fi\/index.php\/wp-json\/wp\/v2\/product_cat?post=193048"},{"taxonomy":"product_tag","embeddable":true,"href":"https:\/\/www.otiumhome.fi\/index.php\/wp-json\/wp\/v2\/product_tag?post=193048"}],"curies":[{"name":"wp","href":"https:\/\/api.w.org\/{rel}","templated":true}]}}