{"id":193030,"date":"2025-11-24T03:59:45","date_gmt":"2025-11-24T03:59:45","guid":{"rendered":"https:\/\/www.otiumhome.fi\/?p=193030"},"modified":"2025-12-14T06:21:40","modified_gmt":"2025-12-14T06:21:40","slug":"kylpyhuoneen-jakkara-ruskea-50-x-295-x-505-cm-tiikkipuu","status":"publish","type":"product","link":"https:\/\/www.otiumhome.fi\/index.php\/tuote\/kylpyhuoneen-jakkara-ruskea-50-x-295-x-505-cm-tiikkipuu\/","title":{"rendered":"Kylpyhuoneen jakkara Ruskea 50 x 29,5 x 50,5 cm Tiikkipuu"},"content":{"rendered":"<p>T\u00e4\u00e4 moderni kylpyhuonejakkara yhdist\u00e4\u00e4 tyyli\u00e4 ja k\u00e4yt\u00e4nn\u00f6llisyytt\u00e4. Se on t\u00e4ydellinen valinta kylpyhuoneisiin, joissa on v\u00e4h\u00e4n tilaa mutta paljon tyyli\u00e4. Jakkara on yksinkertainen ja selke\u00e4linjainen, suunniteltu sis\u00e4k\u00e4ytt\u00f6\u00f6n ilman selk\u00e4nojaa, mik\u00e4 tuo avaraa fiilist\u00e4 kylpyhuoneeseen. Kaunis ruskea v\u00e4ri sulautuu eri sisustustyyleihin, tuoden sek\u00e4 esteettist\u00e4 iloa ett\u00e4 mukavuutta kauneudenhoitorutiineihin.<\/p>\n<ul><\/br><\/p>\n<li><b>Materiaalit:<\/b> T\u00e4ysitiikist\u00e4 tehty jakkara on kest\u00e4v\u00e4 ja luotettava istuinratkaisu. Tiikki kest\u00e4\u00e4 aikaa ja kulutusta, joten se on loistava valinta kosteisiin tiloihin kuten kylpyhuoneisiin. Sen luonnollinen puupinta lis\u00e4\u00e4 visuaalista vieh\u00e4tyst\u00e4, tehden siit\u00e4 ajattoman osan sisustusta.<\/li>\n<p><\/br><\/p>\n<li><b>Sis\u00e4lt\u00e4\u00e4 osat:<\/b> Jakkara on tehty tukevasta tiikkikehikosta, joten se on vakaa ja kest\u00e4v\u00e4. Neli\u00f6m\u00e4iset jalat tarjoavat tukevan pohjan, joka pysyy tasapainossa laatoitettuilla lattioilla. K\u00e4sity\u00f6taitoa heijastava rakenne on suunniteltu kest\u00e4m\u00e4\u00e4n p\u00e4ivitt\u00e4ist\u00e4 k\u00e4ytt\u00f6\u00e4.<\/li>\n<p><\/br><\/p>\n<li><b>Ominaisuudet \/ Toiminta \/ Muotoilu:<\/b> T\u00e4m\u00e4 selk\u00e4nojaton jakkara on tehty moderniin kotiin, ja se s\u00e4\u00e4st\u00e4\u00e4 tilaa monenlaisiin kylpyhuoneteht\u00e4viin. Paksu, kaareva istuin on mukava, ja sile\u00e4t reunat lis\u00e4\u00e4v\u00e4t elegancea. Vahvistettu tukipalkki takaa vakauden ja pit\u00e4\u00e4 ulkon\u00e4\u00f6n tyylikk\u00e4\u00e4n\u00e4.<\/li>\n<p><\/br><\/p>\n<li><b>Suositellut k\u00e4ytt\u00f6tarkoitukset:<\/b> T\u00e4m\u00e4 jakkara on monik\u00e4ytt\u00f6inen ja sopii erilaisiin kylpyhuoneteht\u00e4viin. Kompaktin koon ansiosta se on t\u00e4ydellinen meikkaamiseen, pyyhkeiden s\u00e4ilytt\u00e4miseen tai lis\u00e4istuimena. Se on hieno lis\u00e4 niin koteihin kuin vierasmajoituspaikkoihin, ja sen yksinkertaisuus tekee siit\u00e4 v\u00e4ltt\u00e4m\u00e4tt\u00f6m\u00e4n minimalisteille.<\/li>\n<p><\/br><\/p>\n<li><b>Hoito &amp; Yll\u00e4pito:<\/b> Jakkaran kauneus on helppo pit\u00e4\u00e4 yll\u00e4. Pyyhi kostealla liinalla, niin p\u00f6ly ja kosteus l\u00e4htee. Tiikin luonnollinen kest\u00e4vyys kosteutta vastaan varmistaa, ett\u00e4 jakkara on pitk\u00e4ik\u00e4inen ja arvokas lis\u00e4 kylpyhuoneeseen, josta l\u00f6ytyy niin tyyli\u00e4 kuin k\u00e4yt\u00e4nn\u00f6llisyytt\u00e4.<\/li>\n<p><\/br><\/ul>\n<ul>\n<li>V\u00e4ri: Ruskea<\/li>\n<li>Materiaali: Tiikkipuu<\/li>\n<li>Yleiset mitat: 50 x 29,5 x 50,5 cm (P x L x K)<\/li>\n<li>Paino: 6,1 kg<\/li>\n<li>Kest\u00e4v\u00e4<\/li>\n<li>Helppo pit\u00e4\u00e4 kunnossa<\/li>\n<li>Paksu kaareva istuin<\/li>\n<li>Suuntautuneet py\u00f6ristetyt reunat<\/li>\n<li>Vahvistettu tukipalkki<\/li>\n<li>Istuinalue: 29,5 x 50 cm (L x S)<\/li>\n<li>Istuimen korkeus maasta: 50,5 cm<\/li>\n<li>Kehysmateriaali: T\u00e4ysi tiikki<\/li>\n<li>Sis\u00e4- &amp; ulkotila: Vain sis\u00e4k\u00e4ytt\u00f6\u00f6n<\/li>\n<li>Toimitus-:<\/li>\n<li>1 x kylpyhuoneen jakkara<\/li>\n<\/ul>\n","protected":false},"excerpt":{"rendered":"<ul>\n<li>V\u00e4ri: Ruskea<\/li>\n<li>Materiaali: Tiikkipuu<\/li>\n<li>Yleiset mitat: 50 x 29,5 x 50,5 cm (P x L x K)<\/li>\n<li>Paino: 6,1 kg<\/li>\n<li>Kest\u00e4v\u00e4<\/li>\n<li>Helppo pit\u00e4\u00e4 kunnossa<\/li>\n<li>Paksu kaareva istuin<\/li>\n<li>Suuntautuneet py\u00f6ristetyt reunat<\/li>\n<li>Vahvistettu tukipalkki<\/li>\n<li>Istuinalue: 29,5 x 50 cm (L x S)<\/li>\n<li>Istuimen korkeus maasta: 50,5 cm<\/li>\n<li>Kehysmateriaali: T\u00e4ysi tiikki<\/li>\n<li>Sis\u00e4- &amp; ulkotila: Vain sis\u00e4k\u00e4ytt\u00f6\u00f6n<\/li>\n<li>Toimitus-:<\/li>\n<li>1 x kylpyhuoneen jakkara<\/li>\n<\/ul>\n","protected":false},"featured_media":100000193030,"comment_status":"closed","ping_status":"closed","template":"","meta":[],"product_brand":[],"product_cat":[84,8558],"product_tag":[],"class_list":{"0":"post-193030","1":"product","2":"type-product","3":"status-publish","4":"has-post-thumbnail","6":"product_cat-huonekalut","7":"product_cat-kokoontaitettavat-tuolit-jakkarat","9":"first","10":"instock","11":"taxable","12":"shipping-taxable","13":"purchasable","14":"product-type-simple"},"_links":{"self":[{"href":"https:\/\/www.otiumhome.fi\/index.php\/wp-json\/wp\/v2\/product\/193030","targetHints":{"allow":["GET"]}}],"collection":[{"href":"https:\/\/www.otiumhome.fi\/index.php\/wp-json\/wp\/v2\/product"}],"about":[{"href":"https:\/\/www.otiumhome.fi\/index.php\/wp-json\/wp\/v2\/types\/product"}],"replies":[{"embeddable":true,"href":"https:\/\/www.otiumhome.fi\/index.php\/wp-json\/wp\/v2\/comments?post=193030"}],"wp:featuredmedia":[{"embeddable":true,"href":"https:\/\/www.otiumhome.fi\/index.php\/wp-json\/"}],"wp:attachment":[{"href":"https:\/\/www.otiumhome.fi\/index.php\/wp-json\/wp\/v2\/media?parent=193030"}],"wp:term":[{"taxonomy":"product_brand","embeddable":true,"href":"https:\/\/www.otiumhome.fi\/index.php\/wp-json\/wp\/v2\/product_brand?post=193030"},{"taxonomy":"product_cat","embeddable":true,"href":"https:\/\/www.otiumhome.fi\/index.php\/wp-json\/wp\/v2\/product_cat?post=193030"},{"taxonomy":"product_tag","embeddable":true,"href":"https:\/\/www.otiumhome.fi\/index.php\/wp-json\/wp\/v2\/product_tag?post=193030"}],"curies":[{"name":"wp","href":"https:\/\/api.w.org\/{rel}","templated":true}]}}