{"id":193029,"date":"2025-11-24T03:59:45","date_gmt":"2025-11-24T03:59:45","guid":{"rendered":"https:\/\/www.otiumhome.fi\/?p=193029"},"modified":"2025-12-14T06:21:39","modified_gmt":"2025-12-14T06:21:39","slug":"kylpyhuoneen-jakkara-luonnollinen-50-x-30-x-45-cm-luonnonpuu","status":"publish","type":"product","link":"https:\/\/www.otiumhome.fi\/index.php\/tuote\/kylpyhuoneen-jakkara-luonnollinen-50-x-30-x-45-cm-luonnonpuu\/","title":{"rendered":"Kylpyhuoneen jakkara Luonnollinen 50 x 30 x 45 cm Luonnonpuu"},"content":{"rendered":"<p>T\u00e4m\u00e4 selk\u00e4nojaton kylpyhuoneen jakkara on moderni ja tyylik\u00e4s. Yhdist\u00e4m\u00e4ll\u00e4 siistit linjat ja minimalistisen muotoilun, se on t\u00e4ydellinen k\u00e4ytt\u00e4jille, jotka arvostavat kauniita sisustuksia. Sen luonnonpuun viimeistely tuo l\u00e4mp\u00f6\u00e4 ymp\u00e4rist\u00f6\u00f6n, kun taas sulava polyhartsi-inlay lis\u00e4\u00e4 tyylikkyytt\u00e4. Se on loistava lis\u00e4 mihin tahansa kylpyhuoneeseen.<\/p>\n<ul>\n<li><b>Siro luonnonpuu:<\/b> Jakkara on valmistettu kauniista luonnonpuusta, joka tuo kiiltoa ja v\u00e4ri\u00e4 mihin tahansa kylpyhuoneeseen. Puun l\u00e4mp\u00f6 lis\u00e4\u00e4 eloa eri v\u00e4reihin ja tyyleihin, ja sen kest\u00e4vyys takaa pitk\u00e4n k\u00e4ytt\u00f6i\u00e4n.<\/li>\n<li><b>Ainutlaatuinen polyhartsi-inlay:<\/b> Istuinosassa oleva polyhartsi-inlay tekee t\u00e4st\u00e4 jakkarasta erityisen. Se tuo tekstuuria ja visuaalista mielenkiintoa, samalla kun se lis\u00e4\u00e4 kest\u00e4vyytt\u00e4 ja on naarmuuntumatonta.<\/li>\n<li><b>Mukava paksu kaareva istuin:<\/b> T\u00e4m\u00e4 paksu ja kaareva istuin on suunniteltu k\u00e4ytt\u00e4j\u00e4n mukavuus mieless\u00e4 ja antaa mukavaa tukea. Se tekee jakkarasta mukautuvan ja houkuttelevan.<\/li>\n<li><b>Kest\u00e4v\u00e4 ja luotettava:<\/b> Jakkara on vahvistettu tukevalla rungolla ja neli\u00f6jaloilla, mik\u00e4 tuo lis\u00e4vakauden. Kest\u00e4v\u00e4 rakenne on t\u00e4ydellinen p\u00e4ivitt\u00e4iseen k\u00e4ytt\u00f6\u00f6n.<\/li>\n<li><b>K\u00e4tev\u00e4t hoito-ohjeet:<\/b> Jakkara on helppohoitoinen. Nopealla pyyhinn\u00e4ll\u00e4 kostealla liinalla sen ulkon\u00e4k\u00f6 pysyy moitteettomana ja vie v\u00e4hemm\u00e4n aikaa ja vaivann\u00e4k\u00f6\u00e4.<\/li>\n<\/ul>\n<ul>\n<li>V\u00e4ri: Luonnollinen<\/li>\n<li>Materiaali: Luonnonpuu<\/li>\n<li>Yleiset mitat: 50 x 30 x 45 cm (P x L x K)<\/li>\n<li>Paino: 8,6 kg<\/li>\n<li>Kest\u00e4v\u00e4<\/li>\n<li>Helppo pit\u00e4\u00e4 kunnossa<\/li>\n<li>Ainutlaatuinen polyresiinisisustus<\/li>\n<li>Paksu kaareva istuin<\/li>\n<li>Suuntautuneet py\u00f6ristetyt reunat<\/li>\n<li>Vahvistettu tukipalkki<\/li>\n<li>Istuinalue: 30 x 50 cm (L x S)<\/li>\n<li>Istuimen korkeus maasta: 45 cm<\/li>\n<li>Kehysmateriaali: Puu<\/li>\n<li>Sis\u00e4- &amp; ulkotila: Vain sis\u00e4k\u00e4ytt\u00f6\u00f6n<\/li>\n<li>Toimitus-:<\/li>\n<li>1 x kylpyhuoneen jakkara<\/li>\n<\/ul>\n","protected":false},"excerpt":{"rendered":"<ul>\n<li>V\u00e4ri: Luonnollinen<\/li>\n<li>Materiaali: Luonnonpuu<\/li>\n<li>Yleiset mitat: 50 x 30 x 45 cm (P x L x K)<\/li>\n<li>Paino: 8,6 kg<\/li>\n<li>Kest\u00e4v\u00e4<\/li>\n<li>Helppo pit\u00e4\u00e4 kunnossa<\/li>\n<li>Ainutlaatuinen polyresiinisisustus<\/li>\n<li>Paksu kaareva istuin<\/li>\n<li>Suuntautuneet py\u00f6ristetyt reunat<\/li>\n<li>Vahvistettu tukipalkki<\/li>\n<li>Istuinalue: 30 x 50 cm (L x S)<\/li>\n<li>Istuimen korkeus maasta: 45 cm<\/li>\n<li>Kehysmateriaali: Puu<\/li>\n<li>Sis\u00e4- &amp; ulkotila: Vain sis\u00e4k\u00e4ytt\u00f6\u00f6n<\/li>\n<li>Toimitus-:<\/li>\n<li>1 x kylpyhuoneen jakkara<\/li>\n<\/ul>\n","protected":false},"featured_media":100000193029,"comment_status":"closed","ping_status":"closed","template":"","meta":[],"product_brand":[],"product_cat":[84,8558],"product_tag":[],"class_list":{"0":"post-193029","1":"product","2":"type-product","3":"status-publish","4":"has-post-thumbnail","6":"product_cat-huonekalut","7":"product_cat-kokoontaitettavat-tuolit-jakkarat","9":"first","10":"instock","11":"taxable","12":"shipping-taxable","13":"purchasable","14":"product-type-simple"},"_links":{"self":[{"href":"https:\/\/www.otiumhome.fi\/index.php\/wp-json\/wp\/v2\/product\/193029","targetHints":{"allow":["GET"]}}],"collection":[{"href":"https:\/\/www.otiumhome.fi\/index.php\/wp-json\/wp\/v2\/product"}],"about":[{"href":"https:\/\/www.otiumhome.fi\/index.php\/wp-json\/wp\/v2\/types\/product"}],"replies":[{"embeddable":true,"href":"https:\/\/www.otiumhome.fi\/index.php\/wp-json\/wp\/v2\/comments?post=193029"}],"wp:featuredmedia":[{"embeddable":true,"href":"https:\/\/www.otiumhome.fi\/index.php\/wp-json\/"}],"wp:attachment":[{"href":"https:\/\/www.otiumhome.fi\/index.php\/wp-json\/wp\/v2\/media?parent=193029"}],"wp:term":[{"taxonomy":"product_brand","embeddable":true,"href":"https:\/\/www.otiumhome.fi\/index.php\/wp-json\/wp\/v2\/product_brand?post=193029"},{"taxonomy":"product_cat","embeddable":true,"href":"https:\/\/www.otiumhome.fi\/index.php\/wp-json\/wp\/v2\/product_cat?post=193029"},{"taxonomy":"product_tag","embeddable":true,"href":"https:\/\/www.otiumhome.fi\/index.php\/wp-json\/wp\/v2\/product_tag?post=193029"}],"curies":[{"name":"wp","href":"https:\/\/api.w.org\/{rel}","templated":true}]}}