{"id":193022,"date":"2025-11-24T03:30:26","date_gmt":"2025-11-24T03:30:26","guid":{"rendered":"https:\/\/www.otiumhome.fi\/?p=193022"},"modified":"2025-11-29T03:57:21","modified_gmt":"2025-11-29T03:57:21","slug":"ruokapoyta-180x90x76-cm-taysi-mangopuu","status":"publish","type":"product","link":"https:\/\/www.otiumhome.fi\/index.php\/tuote\/ruokapoyta-180x90x76-cm-taysi-mangopuu\/","title":{"rendered":"Ruokap\u00f6yt\u00e4 180x90x76 cm t\u00e4ysi mangopuu"},"content":{"rendered":"<p>T\u00e4m\u00e4 puinen ruokap\u00f6yt\u00e4 on ajaton lis\u00e4 kotisi sisustukseen.<\/p>\n<\/p>\n<p>Ruokap\u00f6yt\u00e4 on valmistettu luonnollisesti viimeistellyst\u00e4 t\u00e4ydest\u00e4 mangopuusta, joka on vakaa, kest\u00e4v\u00e4 ja kaunis materiaali. K\u00e4sity\u00f6taito antaa lis\u00e4ns\u00e4 sen upealle retrotyylille. Jokainen ty\u00f6vaihe on tehty erityisen huolella, oli se sitten hionta, maalaus tai lakkaus. Kauniit puunsyyt tekev\u00e4t jokaisesta kappaleesta ainutlaatuisen ja hieman erilaisen. Tukevat jalat tuovat lis\u00e4ns\u00e4 p\u00f6yd\u00e4n vankkaan rakenteeseen.<\/p>\n<\/p>\n<p>T\u00e4rke\u00e4 huomio: pintakuviot ja v\u00e4rit vaihtelevat kappaleesta toiseen, mik\u00e4 tekee jokaisesta ruokap\u00f6yd\u00e4st\u00e4 ainutlaatuisen.Toimitus on sattumanvarainen, t\u00e4m\u00e4 takaa tuotteesi ainutlaatuisuuden.<\/p>\n<ul>\n<li>Materiaali: luonnollisesti viimeistelty mangopuu<\/li>\n<li>Mitat: 180 x 90 x 76 cm (P x L x K)<\/li>\n<li>Asennus vaaditaan: kyll\u00e4<\/li>\n<\/ul>\n","protected":false},"excerpt":{"rendered":"<ul>\n<li>Materiaali: luonnollisesti viimeistelty mangopuu<\/li>\n<li>Mitat: 180 x 90 x 76 cm (P x L x K)<\/li>\n<li>Asennus vaaditaan: kyll\u00e4<\/li>\n<\/ul>\n","protected":false},"featured_media":100000193022,"comment_status":"closed","ping_status":"closed","template":"","meta":[],"product_brand":[],"product_cat":[84,8543],"product_tag":[],"class_list":{"0":"post-193022","1":"product","2":"type-product","3":"status-publish","4":"has-post-thumbnail","6":"product_cat-huonekalut","7":"product_cat-keittion-ruokapoydat","9":"first","10":"instock","11":"taxable","12":"shipping-taxable","13":"purchasable","14":"product-type-simple"},"_links":{"self":[{"href":"https:\/\/www.otiumhome.fi\/index.php\/wp-json\/wp\/v2\/product\/193022","targetHints":{"allow":["GET"]}}],"collection":[{"href":"https:\/\/www.otiumhome.fi\/index.php\/wp-json\/wp\/v2\/product"}],"about":[{"href":"https:\/\/www.otiumhome.fi\/index.php\/wp-json\/wp\/v2\/types\/product"}],"replies":[{"embeddable":true,"href":"https:\/\/www.otiumhome.fi\/index.php\/wp-json\/wp\/v2\/comments?post=193022"}],"wp:featuredmedia":[{"embeddable":true,"href":"https:\/\/www.otiumhome.fi\/index.php\/wp-json\/"}],"wp:attachment":[{"href":"https:\/\/www.otiumhome.fi\/index.php\/wp-json\/wp\/v2\/media?parent=193022"}],"wp:term":[{"taxonomy":"product_brand","embeddable":true,"href":"https:\/\/www.otiumhome.fi\/index.php\/wp-json\/wp\/v2\/product_brand?post=193022"},{"taxonomy":"product_cat","embeddable":true,"href":"https:\/\/www.otiumhome.fi\/index.php\/wp-json\/wp\/v2\/product_cat?post=193022"},{"taxonomy":"product_tag","embeddable":true,"href":"https:\/\/www.otiumhome.fi\/index.php\/wp-json\/wp\/v2\/product_tag?post=193022"}],"curies":[{"name":"wp","href":"https:\/\/api.w.org\/{rel}","templated":true}]}}