{"id":193015,"date":"2025-11-24T03:17:41","date_gmt":"2025-11-24T03:17:41","guid":{"rendered":"https:\/\/www.otiumhome.fi\/?p=193015"},"modified":"2025-12-19T04:52:16","modified_gmt":"2025-12-19T04:52:16","slug":"ruokatuoli-2-pcs-kubu-harmaa-45-x-54-x-93-cm","status":"publish","type":"product","link":"https:\/\/www.otiumhome.fi\/index.php\/tuote\/ruokatuoli-2-pcs-kubu-harmaa-45-x-54-x-93-cm\/","title":{"rendered":"Ruokatuoli 2 pcs Kubu harmaa 45 x 54 x 93 cm"},"content":{"rendered":"<p>T\u00e4m\u00e4 ruokatuolien setti yhdist\u00e4\u00e4 modernin tyylin k\u00e4yt\u00e4nn\u00f6lliseen toimintaan, parantaen mit\u00e4 tahansa olohuoneen tai keitti\u00f6n ilmett\u00e4. Siisti muotoilu ja minimalistinen tyyli tarjoavat sek\u00e4 vieh\u00e4tt\u00e4v\u00e4n ett\u00e4 tyylikk\u00e4\u00e4n l\u00e4sn\u00e4olon. Houkutteleva kudottu rottinki tuo luonnon tuntua, kun taas mahonkikehys lis\u00e4\u00e4 vakaumusta. T\u00e4ydellinen sek\u00e4 intiimeihin illallisiin ett\u00e4 vilkkaisiin kokoontumisiin, tuolin huolellinen suunnittelu kannustaa rentoutumiseen ja sosiaaliseen kanssak\u00e4ymiseen.<\/p>\n<ul><\/br><\/p>\n<li><b>Materiaalin huippulaatu<\/b> K\u00e4sin kudotut luonnon rottinkituolit ovat sek\u00e4 kauniita ett\u00e4 kest\u00e4vi\u00e4. Rottinki tarjoaa mukavan istumisen, ja mahonkikehykset varmistavat, ett\u00e4 tuolit kest\u00e4v\u00e4t aikaa n\u00e4ytt\u00e4en aina siisteilt\u00e4. Laadukkaat materiaalit takaavat, ett\u00e4 istumistarpeet on hoidettu kauniisti.<\/li>\n<p><\/br><\/p>\n<li><b>Tyylik\u00e4s muotoilu<\/b> N\u00e4iss\u00e4 tuoleissa on kauniisti muotoiltu selk\u00e4, joka n\u00e4ytt\u00e4\u00e4 hyv\u00e4lt\u00e4 joka suunnasta. Ideaalisia avokeitti\u00f6ihin tai ruokailutiloihin, joissa tuolit ovat n\u00e4kyvill\u00e4. Huolellisesti suunniteltu selk\u00e4 lis\u00e4\u00e4 tyyli\u00e4 ja mukavuutta pitkille istumissessioille.<\/li>\n<p><\/br><\/p>\n<li><b>Toiminnalliset piirteet<\/b> Jokaisessa tuolissa on tukeva selk\u00e4noja ja mukautuva jalkatuki, joka tarjoaa riitt\u00e4v\u00e4sti mukavuutta ruokailu- ja rentoutushetkiin. Vankka istuin parantaa kest\u00e4vyytt\u00e4, joten tuolit eiv\u00e4t vain n\u00e4yt\u00e4 hyv\u00e4lt\u00e4, vaan ne my\u00f6s tuntuvat hyv\u00e4lt\u00e4. N\u00e4iden tuolien ominaisuudet takaavat mukautuvan istumisinseroinnin mihin tahansa kotiin.<\/li>\n<p><\/br><\/p>\n<li><b>Monipuolinen k\u00e4ytt\u00f6paikka<\/b> N\u00e4m\u00e4 tuolit sopivat t\u00e4ydellisesti keitti\u00f6ihin ja olohuoneisiin, lis\u00e4\u00e4en luonteenpiirteit\u00e4 ja tyyli\u00e4. Rikas ruskea s\u00e4vy yhdistyy helposti eri sisustustyyleihin, olipa kyseess\u00e4 moderni tai perinteinen. Muotoilun ansiosta ne toimivat loistavasti rentojakin tiloja.<\/li>\n<p><\/br><\/p>\n<li><b>Huolto-ohjeet<\/b> Pidetaksesi tuolit hyv\u00e4ss\u00e4 kunnossa, pyyhi ne s\u00e4\u00e4nn\u00f6llisesti pehme\u00e4ll\u00e4 kuivalla liinalla. V\u00e4lt\u00e4 voimakkaita puhdistusaineita, jotka voivat vahingoittaa rottinkia tai puupintoja. Tarkista my\u00f6s, ett\u00e4 liitokset pysyv\u00e4t tiukkoina. Oikea huolto varmistaa, ett\u00e4 n\u00e4m\u00e4 tuolit pysyv\u00e4t kauniina ja toimivina vuosien ajan.<\/li>\n<p><\/br><\/ul>\n<p><strong>T\u00e4rke\u00e4\u00e4 tiet\u00e4\u00e4:<\/strong><\/p>\n<ul>\n<li>Enimm\u00e4ispaino 110 kg per paikka.<\/li>\n<\/ul>\n<ul>\n<li>V\u00e4ri: Kubu harmaa<\/li>\n<li>Materiaali: Kiinte\u00e4\u00e4 mahonkipuuta<\/li>\n<li>Kehysmateriaali: Puu<\/li>\n<li>Jalat materiaali: Puu<\/li>\n<li>Yleiset mitat: 44 x 53 x 93 cm (P x L x K)<\/li>\n<li>Istuimen leveys: 45 cm<\/li>\n<li>Istuimen syvyys: 41 cm<\/li>\n<li>Istuimen korkeus maasta: 45 cm<\/li>\n<li>Takaosan korkeus: 48 cm<\/li>\n<li>Enimm\u00e4ispaino: 220 kg<\/li>\n<li>Kest\u00e4v\u00e4<\/li>\n<li>K\u00e4sin punottu rottinkimuotoilu<\/li>\n<li>Tukevat selk\u00e4noja<\/li>\n<li>Kokoonpano vaaditaan: Kyll\u00e4<\/li>\n<li>Toimitus-:<\/li>\n<li>2 x Ruokatuoli<\/li>\n<\/ul>\n","protected":false},"excerpt":{"rendered":"<ul>\n<li>V\u00e4ri: Kubu harmaa<\/li>\n<li>Materiaali: Kiinte\u00e4\u00e4 mahonkipuuta<\/li>\n<li>Kehysmateriaali: Puu<\/li>\n<li>Jalat materiaali: Puu<\/li>\n<li>Yleiset mitat: 44 x 53 x 93 cm (P x L x K)<\/li>\n<li>Istuimen leveys: 45 cm<\/li>\n<li>Istuimen syvyys: 41 cm<\/li>\n<li>Istuimen korkeus maasta: 45 cm<\/li>\n<li>Takaosan korkeus: 48 cm<\/li>\n<li>Enimm\u00e4ispaino: 220 kg<\/li>\n<li>Kest\u00e4v\u00e4<\/li>\n<li>K\u00e4sin punottu rottinkimuotoilu<\/li>\n<li>Tukevat selk\u00e4noja<\/li>\n<li>Kokoonpano vaaditaan: Kyll\u00e4<\/li>\n<li>Toimitus-:<\/li>\n<li>2 x Ruokatuoli<\/li>\n<\/ul>\n","protected":false},"featured_media":100000193015,"comment_status":"closed","ping_status":"closed","template":"","meta":[],"product_brand":[],"product_cat":[84,8542],"product_tag":[],"class_list":{"0":"post-193015","1":"product","2":"type-product","3":"status-publish","4":"has-post-thumbnail","6":"product_cat-huonekalut","7":"product_cat-keittion-ruokapoydan-tuolit","9":"first","10":"instock","11":"taxable","12":"shipping-taxable","13":"purchasable","14":"product-type-simple"},"_links":{"self":[{"href":"https:\/\/www.otiumhome.fi\/index.php\/wp-json\/wp\/v2\/product\/193015","targetHints":{"allow":["GET"]}}],"collection":[{"href":"https:\/\/www.otiumhome.fi\/index.php\/wp-json\/wp\/v2\/product"}],"about":[{"href":"https:\/\/www.otiumhome.fi\/index.php\/wp-json\/wp\/v2\/types\/product"}],"replies":[{"embeddable":true,"href":"https:\/\/www.otiumhome.fi\/index.php\/wp-json\/wp\/v2\/comments?post=193015"}],"wp:featuredmedia":[{"embeddable":true,"href":"https:\/\/www.otiumhome.fi\/index.php\/wp-json\/"}],"wp:attachment":[{"href":"https:\/\/www.otiumhome.fi\/index.php\/wp-json\/wp\/v2\/media?parent=193015"}],"wp:term":[{"taxonomy":"product_brand","embeddable":true,"href":"https:\/\/www.otiumhome.fi\/index.php\/wp-json\/wp\/v2\/product_brand?post=193015"},{"taxonomy":"product_cat","embeddable":true,"href":"https:\/\/www.otiumhome.fi\/index.php\/wp-json\/wp\/v2\/product_cat?post=193015"},{"taxonomy":"product_tag","embeddable":true,"href":"https:\/\/www.otiumhome.fi\/index.php\/wp-json\/wp\/v2\/product_tag?post=193015"}],"curies":[{"name":"wp","href":"https:\/\/api.w.org\/{rel}","templated":true}]}}