{"id":193013,"date":"2025-11-24T03:17:35","date_gmt":"2025-11-24T03:17:35","guid":{"rendered":"https:\/\/www.otiumhome.fi\/?p=193013"},"modified":"2025-11-25T08:03:40","modified_gmt":"2025-11-25T08:03:40","slug":"penkki-110-cm-taysi-akaasiapuu","status":"publish","type":"product","link":"https:\/\/www.otiumhome.fi\/index.php\/tuote\/penkki-110-cm-taysi-akaasiapuu\/","title":{"rendered":"Penkki 110 cm t\u00e4ysi akaasiapuu"},"content":{"rendered":"<p>T\u00e4m\u00e4 puupenkki huokuu maalaischarmia ja se on erinomainen lis\u00e4 kotisi sisustukseen.<\/p>\n<\/p>\n<p>Penkki on valmistettu t\u00e4ydest\u00e4 akaasiapuusta. Akaasiapuu on s\u00e4\u00e4nkest\u00e4v\u00e4 ja lujatekoinen trooppinen kovapuu. Jokainen ty\u00f6vaihe hiomisesta maalaukseen ja lakkaukseen on suoritettu erityisen huolellisesti. Taidokas k\u00e4denj\u00e4lki ja kauniit puun pintakuviot tekev\u00e4t jokaisesta huonekalusta ainutlaatuisen ja hieman erilaisen kuin muut. <\/p>\n<\/p>\n<p>Kokoonpano on eritt\u00e4in helppoa. T\u00e4rke\u00e4 huomio: V\u00e4rit ja puun pintakuviot saattavat vaihdella jokaisen kappaleen v\u00e4lill\u00e4, tehden jokaisesta penkist\u00e4mme ainutlaatuisen; toimitus on sattumanvarainen.<\/p>\n<ul>\n<li>Materiaali: t\u00e4ysi akaasiapuu p\u00e4hkin\u00e4puuviimeistelyll\u00e4<\/li>\n<li>Mitat: 110 x 35 x 45 cm (P x L x K)<\/li>\n<li>Henkil\u00f6iden lukum\u00e4\u00e4r\u00e4: 2<\/li>\n<li>Kiillotettu, maalattu ja lakattu<\/li>\n<li>Asennus vaaditaan: kyll\u00e4<\/li>\n<\/ul>\n","protected":false},"excerpt":{"rendered":"<ul>\n<li>Materiaali: t\u00e4ysi akaasiapuu p\u00e4hkin\u00e4puuviimeistelyll\u00e4<\/li>\n<li>Mitat: 110 x 35 x 45 cm (P x L x K)<\/li>\n<li>Henkil\u00f6iden lukum\u00e4\u00e4r\u00e4: 2<\/li>\n<li>Kiillotettu, maalattu ja lakattu<\/li>\n<li>Asennus vaaditaan: kyll\u00e4<\/li>\n<\/ul>\n","protected":false},"featured_media":100000193013,"comment_status":"closed","ping_status":"closed","template":"","meta":[],"product_brand":[],"product_cat":[84,8541],"product_tag":[],"class_list":{"0":"post-193013","1":"product","2":"type-product","3":"status-publish","4":"has-post-thumbnail","6":"product_cat-huonekalut","7":"product_cat-keittio-ruokapoydan-penkit","9":"first","10":"instock","11":"taxable","12":"shipping-taxable","13":"purchasable","14":"product-type-simple"},"_links":{"self":[{"href":"https:\/\/www.otiumhome.fi\/index.php\/wp-json\/wp\/v2\/product\/193013","targetHints":{"allow":["GET"]}}],"collection":[{"href":"https:\/\/www.otiumhome.fi\/index.php\/wp-json\/wp\/v2\/product"}],"about":[{"href":"https:\/\/www.otiumhome.fi\/index.php\/wp-json\/wp\/v2\/types\/product"}],"replies":[{"embeddable":true,"href":"https:\/\/www.otiumhome.fi\/index.php\/wp-json\/wp\/v2\/comments?post=193013"}],"wp:featuredmedia":[{"embeddable":true,"href":"https:\/\/www.otiumhome.fi\/index.php\/wp-json\/"}],"wp:attachment":[{"href":"https:\/\/www.otiumhome.fi\/index.php\/wp-json\/wp\/v2\/media?parent=193013"}],"wp:term":[{"taxonomy":"product_brand","embeddable":true,"href":"https:\/\/www.otiumhome.fi\/index.php\/wp-json\/wp\/v2\/product_brand?post=193013"},{"taxonomy":"product_cat","embeddable":true,"href":"https:\/\/www.otiumhome.fi\/index.php\/wp-json\/wp\/v2\/product_cat?post=193013"},{"taxonomy":"product_tag","embeddable":true,"href":"https:\/\/www.otiumhome.fi\/index.php\/wp-json\/wp\/v2\/product_tag?post=193013"}],"curies":[{"name":"wp","href":"https:\/\/api.w.org\/{rel}","templated":true}]}}