{"id":193011,"date":"2025-11-24T03:15:53","date_gmt":"2025-11-24T03:15:53","guid":{"rendered":"https:\/\/www.otiumhome.fi\/?p=193011"},"modified":"2025-12-09T04:10:37","modified_gmt":"2025-12-09T04:10:37","slug":"kylpyhuonekaappi-musta-tammi-32-x-34-x-90-cm-tekninen-puu","status":"publish","type":"product","link":"https:\/\/www.otiumhome.fi\/index.php\/tuote\/kylpyhuonekaappi-musta-tammi-32-x-34-x-90-cm-tekninen-puu\/","title":{"rendered":"Kylpyhuonekaappi Musta tammi 32 x 34 x 90 cm Tekninen puu"},"content":{"rendered":"<p>T\u00e4m\u00e4 moderni kylpyhuonekaappi yhdist\u00e4\u00e4 elegantin muotoilun ja tilank\u00e4yt\u00f6n tehokkuuden, joten se sopii t\u00e4ydellisesti erilaisiin sisustuksiin, olipa kyseess\u00e4 nykyaikainen kylpyhuone tai kodikas olohuone. Kaapin mitat ovat 32 x 34 x 90 cm, ja sen tilaa s\u00e4\u00e4st\u00e4v\u00e4 suorakaiteen muotoinen rakenne mahdollistaa helpon sovittamisen monenlaisiin ymp\u00e4rist\u00f6ihin samalla, kun muotoilu tuo nykyaikaista eleganssia.<\/p>\n<ul>\n<li><b>Tekninen puurakenne:<\/b> Kaappi on valmistettu teknisest\u00e4 puusta, joka on valittu sen keveyden ja kest\u00e4vyyden vuoksi, tehden siit\u00e4 luotettavan pitk\u00e4ksi aikaa. T\u00e4m\u00e4 materiaali on helppohoitoinen ja tyylik\u00e4s, joten se sopii niin moderniin kuin siirtym\u00e4kauden sisustukseen. Erilaiset viimeistelyt tarjoavat monia vaihtoehtoja, joten kaappi on varmasti sopiva mihin tahansa huoneeseen.<\/li>\n<li><b>Toiminnalliset s\u00e4ilytysratkaisut:<\/b> Suunniteltu k\u00e4yt\u00e4nn\u00f6llisyytt\u00e4 ajatellen, se sis\u00e4lt\u00e4\u00e4 saranaovet ja levyhyllyt, jotka kaikille tarpeille, kuten hygieniatuotteista koriste-esineisiin. Hyvin organisoitu sisustus tarjoaa runsaasti tilaa, joten se on t\u00e4ydellinen valinta kylpyhuoneeseen tai monen tarkoituksen k\u00e4ytt\u00f6\u00f6n.<\/li>\n<li><b>Nykyaikainen muotoilu:<\/b> T\u00e4m\u00e4 kaappi tuo tiloihin modernia vieh\u00e4tysvoimaa, sen yksinkertaisuuden ja toiminnallisuuden ansiosta. Sen hillitty ilme keskittyy sen tarkoitukseen, ja se sopii kaikille, jotka arvostavat k\u00e4yt\u00e4nn\u00f6llisyytt\u00e4 yhdistettyn\u00e4 tyyliin.<\/li>\n<li><b>K\u00e4tev\u00e4t baarikahvat:<\/b> Pitk\u00e4t baarikahvat tuovat selke\u00e4n ilmeen ja tekev\u00e4t p\u00e4\u00e4syst\u00e4 s\u00e4ilytett\u00e4vien esineiden luokse helppoa. N\u00e4m\u00e4 kahvat ovat hyvin mietittyj\u00e4, yhdist\u00e4en estetiikan ja k\u00e4yt\u00e4nn\u00f6llisyyden.<\/li>\n<li><b>Yksinkertainen yll\u00e4pito:<\/b> T\u00e4m\u00e4n kaapin pito on helppoa; riitt\u00e4\u00e4 vain pyyhk\u00e4ist\u00e4 se kostealla liinalla, jotta se pysyy siistin\u00e4 ja houkuttelevana, olipa se miss\u00e4 tahansa kodissa.<\/li>\n<\/ul>\n<ul>\n<li>V\u00e4ri: Musta tammi<\/li>\n<li>Materiaali: Tekninen puu<\/li>\n<li>Yleiset mitat: 32 x 34 x 90 cm (P x L x K)<\/li>\n<li>Paino: 13,95 kg<\/li>\n<li>S\u00e4ilytystila<\/li>\n<li>Laatikolla<\/li>\n<li>1 hyllyll\u00e4<\/li>\n<li>Kehysmateriaali: Tekninen puu<\/li>\n<li>1 saranoitu ovi ovella<\/li>\n<li>Sis\u00e4- \/ ulkotiloissa: Vain sis\u00e4k\u00e4ytt\u00f6\u00f6n<\/li>\n<li>Toimitus-:<\/li>\n<li>1 x Kylpyhuoneen kaappi<\/li>\n<li>Kokoonpano vaaditaan: Kyll\u00e4<\/li>\n<\/ul>\n","protected":false},"excerpt":{"rendered":"<ul>\n<li>V\u00e4ri: Musta tammi<\/li>\n<li>Materiaali: Tekninen puu<\/li>\n<li>Yleiset mitat: 32 x 34 x 90 cm (P x L x K)<\/li>\n<li>Paino: 13,95 kg<\/li>\n<li>S\u00e4ilytystila<\/li>\n<li>Laatikolla<\/li>\n<li>1 hyllyll\u00e4<\/li>\n<li>Kehysmateriaali: Tekninen puu<\/li>\n<li>1 saranoitu ovi ovella<\/li>\n<li>Sis\u00e4- \/ ulkotiloissa: Vain sis\u00e4k\u00e4ytt\u00f6\u00f6n<\/li>\n<li>Toimitus-:<\/li>\n<li>1 x Kylpyhuoneen kaappi<\/li>\n<li>Kokoonpano vaaditaan: Kyll\u00e4<\/li>\n<\/ul>\n","protected":false},"featured_media":100000193011,"comment_status":"closed","ping_status":"closed","template":"","meta":[],"product_brand":[],"product_cat":[84],"product_tag":[],"class_list":{"0":"post-193011","1":"product","2":"type-product","3":"status-publish","4":"has-post-thumbnail","6":"product_cat-huonekalut","8":"first","9":"instock","10":"taxable","11":"shipping-taxable","12":"purchasable","13":"product-type-simple"},"_links":{"self":[{"href":"https:\/\/www.otiumhome.fi\/index.php\/wp-json\/wp\/v2\/product\/193011","targetHints":{"allow":["GET"]}}],"collection":[{"href":"https:\/\/www.otiumhome.fi\/index.php\/wp-json\/wp\/v2\/product"}],"about":[{"href":"https:\/\/www.otiumhome.fi\/index.php\/wp-json\/wp\/v2\/types\/product"}],"replies":[{"embeddable":true,"href":"https:\/\/www.otiumhome.fi\/index.php\/wp-json\/wp\/v2\/comments?post=193011"}],"wp:featuredmedia":[{"embeddable":true,"href":"https:\/\/www.otiumhome.fi\/index.php\/wp-json\/"}],"wp:attachment":[{"href":"https:\/\/www.otiumhome.fi\/index.php\/wp-json\/wp\/v2\/media?parent=193011"}],"wp:term":[{"taxonomy":"product_brand","embeddable":true,"href":"https:\/\/www.otiumhome.fi\/index.php\/wp-json\/wp\/v2\/product_brand?post=193011"},{"taxonomy":"product_cat","embeddable":true,"href":"https:\/\/www.otiumhome.fi\/index.php\/wp-json\/wp\/v2\/product_cat?post=193011"},{"taxonomy":"product_tag","embeddable":true,"href":"https:\/\/www.otiumhome.fi\/index.php\/wp-json\/wp\/v2\/product_tag?post=193011"}],"curies":[{"name":"wp","href":"https:\/\/api.w.org\/{rel}","templated":true}]}}