{"id":193003,"date":"2025-11-24T03:15:50","date_gmt":"2025-11-24T03:15:50","guid":{"rendered":"https:\/\/www.otiumhome.fi\/?p=193003"},"modified":"2025-12-09T04:10:35","modified_gmt":"2025-12-09T04:10:35","slug":"levykaappi-hyllylla-musta-tammi-845-x-38-x-89-cm-tekninen-puu","status":"publish","type":"product","link":"https:\/\/www.otiumhome.fi\/index.php\/tuote\/levykaappi-hyllylla-musta-tammi-845-x-38-x-89-cm-tekninen-puu\/","title":{"rendered":"Levykaappi hyllyll\u00e4 Musta tammi. 84,5 x 38 x 89 cm Tekninen puu"},"content":{"rendered":"<p>T\u00e4m\u00e4 moderni levyteline yhdist\u00e4\u00e4 tyylill\u00e4 toimivuutta, tarjoten paljon s\u00e4ilytystilaa olohuoneeseen. Puhtaat linjat ja suorakaiteen muoto t\u00e4ydent\u00e4v\u00e4t kauniisti mit\u00e4 tahansa sisustusta, ollen ihanteellinen paikka levykokoelman tai muiden t\u00e4rkeiden esineiden esittelyyn. Valmistettu teknisest\u00e4 puusta ja ter\u00e4ksest\u00e4, se takaa kest\u00e4vyyden ja luotettavuuden.<\/p>\n<ul>\n<li><b>Tekninen puupinta:<\/b> T\u00e4m\u00e4 kaappi on tehty teknisest\u00e4 puusta, joka on suunniteltu kest\u00e4m\u00e4\u00e4n p\u00e4ivitt\u00e4ist\u00e4 kulutusta. Se tarjoaa esteettisesti miellytt\u00e4v\u00e4n pinnan, joka parantaa olohuoneen ilmett\u00e4.<\/li>\n<li><b>Tehokas levyhyllysuunnittelu:<\/b> T\u00e4m\u00e4 kaappi sis\u00e4lt\u00e4\u00e4 puuhyllyj\u00e4, jotka tarjoavat runsaasti tilaa kirjojen, levyjen ja koristeiden s\u00e4ilytt\u00e4miseen, pit\u00e4en ymp\u00e4rist\u00f6n siistin\u00e4.<\/li>\n<li><b>Kest\u00e4v\u00e4t ter\u00e4sp\u00e4\u00e4t:<\/b> Neli\u00f6n muotoiset ter\u00e4sp\u00e4\u00e4t ovat luotettavia ja kauniita. Ne tukevat kaapin pysymist\u00e4 vakaana eri lattioilla ja parantavat sisustuksen ilmett\u00e4.<\/li>\n<li><b>Monipuolinen s\u00e4ilytysratkaisu:<\/b> Kaappi sopii monenlaisiin k\u00e4ytt\u00f6tarkoituksiin, aina arvotavaroista mediavarusteisiin. Sen toiminnallisuus vastaa erilaisiin tarpeisiin.<\/li>\n<li><b>V\u00e4hemm\u00e4n hoitovaatimuksia:<\/b> Kaappisi s\u00e4ilytt\u00e4\u00e4 hyv\u00e4n ulkon\u00e4\u00f6n ilman kovia kemikaaleja. Kuivan pyyhkimisen riitt\u00e4\u00e4 p\u00e4ivitt\u00e4iseen yll\u00e4pitoon.<\/li>\n<\/ul>\n<ul>\n<li>V\u00e4ri: Musta tammi.<\/li>\n<li>Materiaali: Tekninen puu<\/li>\n<li>Yleiset mitat: 84,5 x 38 x 89 cm (P x L x K)<\/li>\n<li>Paino: 23,1 kg<\/li>\n<li>Runsaasti s\u00e4ilytystilaa<\/li>\n<li>Kest\u00e4v\u00e4<\/li>\n<li>1 hyllyll\u00e4<\/li>\n<li>Kehysmateriaali: Tekninen puu<\/li>\n<li>Sis\u00e4- \/ ulkotiloissa: Vain sis\u00e4k\u00e4ytt\u00f6\u00f6n<\/li>\n<li>Toimitus-:<\/li>\n<li>1 x Levykotelo<\/li>\n<li>Kokoonpano vaaditaan: Kyll\u00e4<\/li>\n<\/ul>\n","protected":false},"excerpt":{"rendered":"<ul>\n<li>V\u00e4ri: Musta tammi.<\/li>\n<li>Materiaali: Tekninen puu<\/li>\n<li>Yleiset mitat: 84,5 x 38 x 89 cm (P x L x K)<\/li>\n<li>Paino: 23,1 kg<\/li>\n<li>Runsaasti s\u00e4ilytystilaa<\/li>\n<li>Kest\u00e4v\u00e4<\/li>\n<li>1 hyllyll\u00e4<\/li>\n<li>Kehysmateriaali: Tekninen puu<\/li>\n<li>Sis\u00e4- \/ ulkotiloissa: Vain sis\u00e4k\u00e4ytt\u00f6\u00f6n<\/li>\n<li>Toimitus-:<\/li>\n<li>1 x Levykotelo<\/li>\n<li>Kokoonpano vaaditaan: Kyll\u00e4<\/li>\n<\/ul>\n","protected":false},"featured_media":100000193003,"comment_status":"closed","ping_status":"closed","template":"","meta":[],"product_brand":[],"product_cat":[84],"product_tag":[],"class_list":{"0":"post-193003","1":"product","2":"type-product","3":"status-publish","4":"has-post-thumbnail","6":"product_cat-huonekalut","8":"first","9":"instock","10":"taxable","11":"shipping-taxable","12":"purchasable","13":"product-type-simple"},"_links":{"self":[{"href":"https:\/\/www.otiumhome.fi\/index.php\/wp-json\/wp\/v2\/product\/193003","targetHints":{"allow":["GET"]}}],"collection":[{"href":"https:\/\/www.otiumhome.fi\/index.php\/wp-json\/wp\/v2\/product"}],"about":[{"href":"https:\/\/www.otiumhome.fi\/index.php\/wp-json\/wp\/v2\/types\/product"}],"replies":[{"embeddable":true,"href":"https:\/\/www.otiumhome.fi\/index.php\/wp-json\/wp\/v2\/comments?post=193003"}],"wp:featuredmedia":[{"embeddable":true,"href":"https:\/\/www.otiumhome.fi\/index.php\/wp-json\/"}],"wp:attachment":[{"href":"https:\/\/www.otiumhome.fi\/index.php\/wp-json\/wp\/v2\/media?parent=193003"}],"wp:term":[{"taxonomy":"product_brand","embeddable":true,"href":"https:\/\/www.otiumhome.fi\/index.php\/wp-json\/wp\/v2\/product_brand?post=193003"},{"taxonomy":"product_cat","embeddable":true,"href":"https:\/\/www.otiumhome.fi\/index.php\/wp-json\/wp\/v2\/product_cat?post=193003"},{"taxonomy":"product_tag","embeddable":true,"href":"https:\/\/www.otiumhome.fi\/index.php\/wp-json\/wp\/v2\/product_tag?post=193003"}],"curies":[{"name":"wp","href":"https:\/\/api.w.org\/{rel}","templated":true}]}}