{"id":192998,"date":"2025-11-24T03:15:47","date_gmt":"2025-11-24T03:15:47","guid":{"rendered":"https:\/\/www.otiumhome.fi\/?p=192998"},"modified":"2025-12-09T04:10:33","modified_gmt":"2025-12-09T04:10:33","slug":"seinakaappi-musta-tammi-102-x-30-x-20-cm-tekninen-puu","status":"publish","type":"product","link":"https:\/\/www.otiumhome.fi\/index.php\/tuote\/seinakaappi-musta-tammi-102-x-30-x-20-cm-tekninen-puu\/","title":{"rendered":"Sein\u00e4kaappi Musta tammi. 102 x 30 x 20 cm Tekninen puu"},"content":{"rendered":"<p>T\u00e4m\u00e4 sein\u00e4kaappi on tyylikk\u00e4\u00e4n moderni, puhtaat linjat ja minimalistinen estetiikka hallitsevat sen designia. Erityisen kaupassaan olohuoneisiin ja ruokasaleihin, t\u00e4m\u00e4 s\u00e4ilytysratkaisu yhdist\u00e4\u00e4 muodon ja toiminnallisuuden. Sen nykyaikainen ilme syntyy teknisest\u00e4 puusta, joka ei vain varmistaa luotettavaa suorituskyky\u00e4 vaan my\u00f6s antaa n\u00e4ytt\u00e4v\u00e4n pinnan esineiden esittelyyn.<\/br><\/br>Huomaamaton ulkon\u00e4k\u00f6 t\u00e4ydent\u00e4\u00e4 monenlaisia sisustustyylej\u00e4, tarjoten joustavuutta erilaisille koristevalinnoille. Sein\u00e4lle kiinnitett\u00e4v\u00e4 muotoilu s\u00e4\u00e4st\u00e4\u00e4 lattiatilaa ja nostaa huoneen esteettisyytt\u00e4. Etsitp\u00e4 tilaa astioille tai olohuoneen koristeille, t\u00e4m\u00e4 kaappi antaa runsaasti s\u00e4ilytysmahdollisuuksia eri tarpeisiin.<\/p>\n<ul><\/br><\/p>\n<li><b>Materiaalit:<\/b> T\u00e4m\u00e4 kaappi on tehty kokonaan teknisest\u00e4 puusta, mik\u00e4 tekee siit\u00e4 kest\u00e4v\u00e4n ja helposti puhdistettavan. Tekninen puu on tunnettu kest\u00e4vyydest\u00e4\u00e4n, joten kaappi pysyy hyv\u00e4ss\u00e4 kunnossa pitk\u00e4\u00e4n ja vaatii vain minimaalisesti huoltoa.<\/li>\n<p><\/br><\/p>\n<li><b>Lis\u00e4tarvikkeet:<\/b> Kaapin pitkiin ter\u00e4ksisiin baarikahvoihin on helppo tarttua, ja ne lis\u00e4\u00e4v\u00e4t modernia ilmett\u00e4. Rakenne, laatikot ja tausta on my\u00f6s teknist\u00e4 puuta, mik\u00e4 takaa kest\u00e4vyyden ja kauniin ilmeen.<\/li>\n<p><\/br><\/p>\n<li><b>Suunnitteluominaisuudet:<\/b> Sein\u00e4\u00e4n kiinnitett\u00e4v\u00e4 kaappi tarjoaa paljon s\u00e4ilytystilaa, eik\u00e4 se vie lattiatilaa. Kest\u00e4v\u00e4 rakenne suojaa arvokkaita esineit\u00e4 my\u00f6s k\u00e4ytett\u00e4ess\u00e4 usein.<\/li>\n<p><\/br><\/p>\n<li><b>Suositellut k\u00e4ytt\u00f6tarkoitukset:<\/b> Olitpa sitten laittamassa t\u00e4t\u00e4 olohuoneeseen tai ruokasaliin, se sopii moneen teemaan ja tarpeeseen \u2013 k\u00e4yt\u00e4nn\u00f6llisest\u00e4 s\u00e4ilytyksest\u00e4 tyylikk\u00e4\u00e4seen j\u00e4rjestelij\u00e4ksi astioille ja koristeille. T\u00e4ydellinen valinta niille, jotka haluavat yhdist\u00e4\u00e4 muodon ja toiminnan.<\/li>\n<p><\/br><\/p>\n<li><b>Huolto ja yll\u00e4pito:<\/b> Pid\u00e4 kaappisi siistin\u00e4 pyyhkim\u00e4ll\u00e4 se s\u00e4\u00e4nn\u00f6llisesti kuivalla kankaalla. V\u00e4lt\u00e4 kovia kemikaaleja; k\u00e4yt\u00e4 hell\u00e4varaisia puhdistusaineita, jotta pinta ja v\u00e4ri s\u00e4ilyv\u00e4t kauniina.<\/li>\n<p><\/br><\/ul>\n<ul>\n<li>V\u00e4ri: Musta tammi.<\/li>\n<li>Materiaali: Tekninen puu<\/li>\n<li>Yleiset mitat: 102 x 30 x 20 cm (P x L x K)<\/li>\n<li>Paino: 14,9 kg<\/li>\n<li>Runsaasti s\u00e4ilytystilaa<\/li>\n<li>Kest\u00e4v\u00e4<\/li>\n<li>Laatikolla<\/li>\n<li>Kehysmateriaali: Tekninen puu<\/li>\n<li>Sis\u00e4- \/ ulkotiloissa: Vain sis\u00e4k\u00e4ytt\u00f6\u00f6n<\/li>\n<li>Toimitus-:<\/li>\n<li>1 x Sein\u00e4taso<\/li>\n<li>Kokoonpano vaaditaan: Kyll\u00e4<\/li>\n<\/ul>\n","protected":false},"excerpt":{"rendered":"<ul>\n<li>V\u00e4ri: Musta tammi.<\/li>\n<li>Materiaali: Tekninen puu<\/li>\n<li>Yleiset mitat: 102 x 30 x 20 cm (P x L x K)<\/li>\n<li>Paino: 14,9 kg<\/li>\n<li>Runsaasti s\u00e4ilytystilaa<\/li>\n<li>Kest\u00e4v\u00e4<\/li>\n<li>Laatikolla<\/li>\n<li>Kehysmateriaali: Tekninen puu<\/li>\n<li>Sis\u00e4- \/ ulkotiloissa: Vain sis\u00e4k\u00e4ytt\u00f6\u00f6n<\/li>\n<li>Toimitus-:<\/li>\n<li>1 x Sein\u00e4taso<\/li>\n<li>Kokoonpano vaaditaan: Kyll\u00e4<\/li>\n<\/ul>\n","protected":false},"featured_media":100000192998,"comment_status":"closed","ping_status":"closed","template":"","meta":[],"product_brand":[],"product_cat":[84],"product_tag":[],"class_list":{"0":"post-192998","1":"product","2":"type-product","3":"status-publish","4":"has-post-thumbnail","6":"product_cat-huonekalut","8":"first","9":"instock","10":"taxable","11":"shipping-taxable","12":"purchasable","13":"product-type-simple"},"_links":{"self":[{"href":"https:\/\/www.otiumhome.fi\/index.php\/wp-json\/wp\/v2\/product\/192998","targetHints":{"allow":["GET"]}}],"collection":[{"href":"https:\/\/www.otiumhome.fi\/index.php\/wp-json\/wp\/v2\/product"}],"about":[{"href":"https:\/\/www.otiumhome.fi\/index.php\/wp-json\/wp\/v2\/types\/product"}],"replies":[{"embeddable":true,"href":"https:\/\/www.otiumhome.fi\/index.php\/wp-json\/wp\/v2\/comments?post=192998"}],"wp:featuredmedia":[{"embeddable":true,"href":"https:\/\/www.otiumhome.fi\/index.php\/wp-json\/"}],"wp:attachment":[{"href":"https:\/\/www.otiumhome.fi\/index.php\/wp-json\/wp\/v2\/media?parent=192998"}],"wp:term":[{"taxonomy":"product_brand","embeddable":true,"href":"https:\/\/www.otiumhome.fi\/index.php\/wp-json\/wp\/v2\/product_brand?post=192998"},{"taxonomy":"product_cat","embeddable":true,"href":"https:\/\/www.otiumhome.fi\/index.php\/wp-json\/wp\/v2\/product_cat?post=192998"},{"taxonomy":"product_tag","embeddable":true,"href":"https:\/\/www.otiumhome.fi\/index.php\/wp-json\/wp\/v2\/product_tag?post=192998"}],"curies":[{"name":"wp","href":"https:\/\/api.w.org\/{rel}","templated":true}]}}