{"id":192997,"date":"2025-11-24T03:15:47","date_gmt":"2025-11-24T03:15:47","guid":{"rendered":"https:\/\/www.otiumhome.fi\/?p=192997"},"modified":"2025-12-09T04:10:33","modified_gmt":"2025-12-09T04:10:33","slug":"seinakaappi-musta-tammi-68-x-30-x-20-cm-tekninen-puu","status":"publish","type":"product","link":"https:\/\/www.otiumhome.fi\/index.php\/tuote\/seinakaappi-musta-tammi-68-x-30-x-20-cm-tekninen-puu\/","title":{"rendered":"Sein\u00e4kaappi Musta tammi. 68 x 30 x 20 cm Tekninen puu"},"content":{"rendered":"<p>T\u00e4m\u00e4 sein\u00e4kappi, jossa on runsaasti s\u00e4ilytystilaa, on monipuolinen huonekalu, joka nostaa olohuoneesi tai ruokasalin ilmett\u00e4. Tyylik\u00e4s, suorakaiteen muotoinen kaappi liitt\u00e4\u00e4 k\u00e4yt\u00e4nn\u00f6llisyyden ja minimalistisen tyylin. Sen sisustus on tilava, joten voit s\u00e4ilytt\u00e4\u00e4 erilaisia tavaroita helposti siistin\u00e4 ja j\u00e4rjestyksess\u00e4.<\/p>\n<ul>\n<li><b>Kest\u00e4v\u00e4 tekninen puu:<\/b> T\u00e4m\u00e4 kaappi on valmistettu teknisest\u00e4 puusta, mik\u00e4 takaa kest\u00e4v\u00e4n ja pitk\u00e4ik\u00e4isen rakenteen. Se kest\u00e4\u00e4 hyvin kulutusta, joten pinta pysyy kauniina k\u00e4yt\u00f6ss\u00e4. Olitpa s\u00e4ilytt\u00e4m\u00e4ss\u00e4 raskaita astioita tai herkki\u00e4 tavaroita, t\u00e4m\u00e4 materiaali on luotettava valinta.<\/li>\n<li><b>Runsaasti s\u00e4ilytystilaa:<\/b> Suunnittelussa on otettu huomioon paljon s\u00e4ilytystilaa, joten voit j\u00e4rjestell\u00e4 kotitaloustavarasi vaivatta. Sis\u00e4iset hyllyt ja laatikot pit\u00e4v\u00e4t asiat, ruoka-astioista elektroniikkaan, k\u00e4tev\u00e4sti saatavilla ja siististi piilossa.<\/li>\n<li><b>Tyylikk\u00e4\u00e4t tangonkahvat:<\/b> Mustat ter\u00e4stangot tuovat modernia tyyli\u00e4 ja varmistavat, ett\u00e4 kaapin sis\u00e4lt\u00f6\u00f6n p\u00e4\u00e4see helposti k\u00e4siksi. N\u00e4m\u00e4 kahvat tukevat kaapin yksinkertaista ulkon\u00e4k\u00f6\u00e4 ja lis\u00e4\u00e4v\u00e4t sen trendik\u00e4st\u00e4 ilmett\u00e4.<\/li>\n<li><b>Sein\u00e4\u00e4n kiinnitett\u00e4v\u00e4 malli:<\/b> T\u00e4m\u00e4 kaappi voidaan kiinnitt\u00e4\u00e4 sein\u00e4lle, mik\u00e4 maksimoidaan tilank\u00e4yt\u00f6n. T\u00e4m\u00e4 piirre tekee siit\u00e4 erinomaisen vaihtoehdon huoneisiin, joissa on rajallisesti lattiatilaa.<\/li>\n<li><b>Helppo hoito:<\/b> Jotta kaapin upea ilme s\u00e4ilyy, v\u00e4lt\u00e4 voimakkaita kemikaaleja siivotessasi. T\u00e4m\u00e4 yksinkertainen hoito varmistaa, ett\u00e4 kaappi on huomiota her\u00e4tt\u00e4v\u00e4 osa huonetta useiden vuosien ajan.<\/li>\n<\/ul>\n<ul>\n<li>V\u00e4ri: Musta tammi.<\/li>\n<li>Materiaali: Tekninen puu<\/li>\n<li>Yleiset mitat: 68 x 30 x 20 cm (P x L x K)<\/li>\n<li>Paino: 9,6 kg<\/li>\n<li>Runsaasti s\u00e4ilytystilaa<\/li>\n<li>Kest\u00e4v\u00e4<\/li>\n<li>Laatikolla<\/li>\n<li>Kehysmateriaali: Tekninen puu<\/li>\n<li>Sis\u00e4- \/ ulkotiloissa: Vain sis\u00e4k\u00e4ytt\u00f6\u00f6n<\/li>\n<li>Toimitus-:<\/li>\n<li>1 x Sein\u00e4taso<\/li>\n<li>Kokoonpano vaaditaan: Kyll\u00e4<\/li>\n<\/ul>\n","protected":false},"excerpt":{"rendered":"<ul>\n<li>V\u00e4ri: Musta tammi.<\/li>\n<li>Materiaali: Tekninen puu<\/li>\n<li>Yleiset mitat: 68 x 30 x 20 cm (P x L x K)<\/li>\n<li>Paino: 9,6 kg<\/li>\n<li>Runsaasti s\u00e4ilytystilaa<\/li>\n<li>Kest\u00e4v\u00e4<\/li>\n<li>Laatikolla<\/li>\n<li>Kehysmateriaali: Tekninen puu<\/li>\n<li>Sis\u00e4- \/ ulkotiloissa: Vain sis\u00e4k\u00e4ytt\u00f6\u00f6n<\/li>\n<li>Toimitus-:<\/li>\n<li>1 x Sein\u00e4taso<\/li>\n<li>Kokoonpano vaaditaan: Kyll\u00e4<\/li>\n<\/ul>\n","protected":false},"featured_media":100000192997,"comment_status":"closed","ping_status":"closed","template":"","meta":[],"product_brand":[],"product_cat":[84],"product_tag":[],"class_list":{"0":"post-192997","1":"product","2":"type-product","3":"status-publish","4":"has-post-thumbnail","6":"product_cat-huonekalut","8":"first","9":"instock","10":"taxable","11":"shipping-taxable","12":"purchasable","13":"product-type-simple"},"_links":{"self":[{"href":"https:\/\/www.otiumhome.fi\/index.php\/wp-json\/wp\/v2\/product\/192997","targetHints":{"allow":["GET"]}}],"collection":[{"href":"https:\/\/www.otiumhome.fi\/index.php\/wp-json\/wp\/v2\/product"}],"about":[{"href":"https:\/\/www.otiumhome.fi\/index.php\/wp-json\/wp\/v2\/types\/product"}],"replies":[{"embeddable":true,"href":"https:\/\/www.otiumhome.fi\/index.php\/wp-json\/wp\/v2\/comments?post=192997"}],"wp:featuredmedia":[{"embeddable":true,"href":"https:\/\/www.otiumhome.fi\/index.php\/wp-json\/"}],"wp:attachment":[{"href":"https:\/\/www.otiumhome.fi\/index.php\/wp-json\/wp\/v2\/media?parent=192997"}],"wp:term":[{"taxonomy":"product_brand","embeddable":true,"href":"https:\/\/www.otiumhome.fi\/index.php\/wp-json\/wp\/v2\/product_brand?post=192997"},{"taxonomy":"product_cat","embeddable":true,"href":"https:\/\/www.otiumhome.fi\/index.php\/wp-json\/wp\/v2\/product_cat?post=192997"},{"taxonomy":"product_tag","embeddable":true,"href":"https:\/\/www.otiumhome.fi\/index.php\/wp-json\/wp\/v2\/product_tag?post=192997"}],"curies":[{"name":"wp","href":"https:\/\/api.w.org\/{rel}","templated":true}]}}