{"id":192995,"date":"2025-11-24T03:15:45","date_gmt":"2025-11-24T03:15:45","guid":{"rendered":"https:\/\/www.otiumhome.fi\/?p=192995"},"modified":"2025-12-09T04:10:31","modified_gmt":"2025-12-09T04:10:31","slug":"seinakaappi-ovella-artesaani-tammi-80-x-33-x-80-cm-tekninen-puu","status":"publish","type":"product","link":"https:\/\/www.otiumhome.fi\/index.php\/tuote\/seinakaappi-ovella-artesaani-tammi-80-x-33-x-80-cm-tekninen-puu\/","title":{"rendered":"Sein\u00e4kaappi ovella artesaani tammi 80 x 33 x 80 cm Tekninen puu"},"content":{"rendered":"<p>T\u00e4\u00e4 moderni sein\u00e4kaappi on tyylik\u00e4s ja k\u00e4yt\u00e4nn\u00f6llinen lis\u00e4 mihin tahansa kotiin, t\u00e4ydellinen lis\u00e4\u00e4m\u00e4\u00e4n s\u00e4ilytystilaa samalla kun se n\u00e4ytt\u00e4\u00e4 hyv\u00e4lt\u00e4. T\u00e4\u00e4 suorakaiteen muotoinen sein\u00e4lle asennettava kaappi sopii loistavasti olohuoneisiin tai ruokasaleihin modernin tyylins\u00e4 vuoksi, jossa korosta puhtaat linjat ja yksinkertainen toiminnallisuus. Teknisen puun kest\u00e4v\u00e4 rakenne yhdist\u00e4\u00e4 pitk\u00e4n k\u00e4ytt\u00f6i\u00e4n ja tyylikk\u00e4\u00e4n ilmeen, tarjoten ekanluokkaista ratkaisua tilan j\u00e4rjest\u00e4miseen.<\/p>\n<ul>\n<li><b>Materiaalit:<\/b> T\u00e4\u00e4 kaappi on tehty teknisest\u00e4 puusta, mik\u00e4 antaa yhdistelm\u00e4n eleganssia ja kest\u00e4vyytt\u00e4 nykyaikaisessa kodissa. Teknist\u00e4 puuta on valittu sen voiman ja kest\u00e4vyydentakia, joten se on fiksu valinta. Materiaali parantaa my\u00f6s sen ymp\u00e4rist\u00f6n esteettisyytt\u00e4.<\/li>\n<li><b>Lis\u00e4osat:<\/b> Kaapissa on levyhyllyj\u00e4, jotka on tehokas tapa j\u00e4rjest\u00e4\u00e4 tavaroita. N\u00e4\u00e4 hyllyt on varustettu saranoiduilla ovilla, jotka tekev\u00e4t p\u00e4\u00e4syst\u00e4 s\u00e4ilytyksiin helppoa samalla s\u00e4ilytt\u00e4en kauniin ilmeen. Modernit tangotyyppiset kahvat tuovat nykyaikaisuutta ja tekev\u00e4t k\u00e4yt\u00f6st\u00e4 mukavaa.<\/li>\n<li><b>Ominaisuudet \/Toiminta \/Muotoilu:<\/b> T\u00e4\u00e4 moderni sein\u00e4kaappi tarjoaa runsaasti s\u00e4ilytystilaa, niin ett\u00e4 sulla on hyvin tilaa tavaroille. Sen kest\u00e4v\u00e4 rakenne takaa pitk\u00e4n k\u00e4ytt\u00f6i\u00e4n, mik\u00e4 varmistaa luotettavuutta vuosiksi eteenp\u00e4in. Sein\u00e4asennettavan muotoilun ansiosta se sulautuu hyvin erilaisiin huoneisiin ilman tilan menetyst\u00e4.<\/li>\n<li><b>Suositellut k\u00e4ytt\u00f6tavat:<\/b> T\u00e4\u00e4 kaappi sopii hyvin olohuoneisiin ja ruokasaleihin k\u00e4yt\u00e4nn\u00f6llisen muotoilunsa ansiosta. Sit\u00e4 voidaan k\u00e4ytt\u00e4\u00e4 keitti\u00f6tarvikkeiden, kirjojen tai koriste-esineiden s\u00e4ilytt\u00e4miseen, joten se on monik\u00e4ytt\u00f6inen sek\u00e4 asu- ett\u00e4 liiketiloissa.<\/li>\n<li><b>Hoito &amp; Yll\u00e4pito:<\/b> Pid\u00e4 kaapin k\u00e4ytt\u00f6ik\u00e4 pitk\u00e4n\u00e4 v\u00e4ltt\u00e4m\u00e4ll\u00e4 kovia kemikaaleja ja hankausaineita puhdistuksessa. Pehme\u00e4ll\u00e4 liinalla pyyhkiminen riitt\u00e4\u00e4 kaapin hyv\u00e4ss\u00e4 kunnossa pit\u00e4miseen, ja se jatkaa sisustuksen tyyli\u00e4 sek\u00e4 s\u00e4ilytt\u00e4\u00e4 hyv\u00e4n ulkon\u00e4\u00f6n.<\/li>\n<\/ul>\n<ul>\n<li>V\u00e4ri: Artesaani tammi<\/li>\n<li>Materiaali: Tekninen puu<\/li>\n<li>Viimeistely: Matta<\/li>\n<li>Yleiset mitat: 80 x 33 x 80 cm (P x L x K)<\/li>\n<li>Paino: 19,2 kg<\/li>\n<li>Runsaasti s\u00e4ilytystilaa<\/li>\n<li>Kest\u00e4v\u00e4<\/li>\n<li>1 hyllyll\u00e4<\/li>\n<li>Kehysmateriaali: Tekninen puu<\/li>\n<li>2 ovien kanssa<\/li>\n<li>Sis\u00e4- \/ ulkotiloissa: Vain sis\u00e4k\u00e4ytt\u00f6\u00f6n<\/li>\n<li>Toimitus-:<\/li>\n<li>1 x Sein\u00e4taso<\/li>\n<li>Kokoonpano vaaditaan: Kyll\u00e4<\/li>\n<li>Kiinnitys sis\u00e4lsi: Katto- \/ sein\u00e4kiinnitystarvikkeet &#8211; esim m\u00e4\u00e4r\u00e4tyt ruuvit tai sein\u00e4tulpat &#8211; eiv\u00e4t mukana<\/li>\n<\/ul>\n","protected":false},"excerpt":{"rendered":"<ul>\n<li>V\u00e4ri: Artesaani tammi<\/li>\n<li>Materiaali: Tekninen puu<\/li>\n<li>Viimeistely: Matta<\/li>\n<li>Yleiset mitat: 80 x 33 x 80 cm (P x L x K)<\/li>\n<li>Paino: 19,2 kg<\/li>\n<li>Runsaasti s\u00e4ilytystilaa<\/li>\n<li>Kest\u00e4v\u00e4<\/li>\n<li>1 hyllyll\u00e4<\/li>\n<li>Kehysmateriaali: Tekninen puu<\/li>\n<li>2 ovien kanssa<\/li>\n<li>Sis\u00e4- \/ ulkotiloissa: Vain sis\u00e4k\u00e4ytt\u00f6\u00f6n<\/li>\n<li>Toimitus-:<\/li>\n<li>1 x Sein\u00e4taso<\/li>\n<li>Kokoonpano vaaditaan: Kyll\u00e4<\/li>\n<li>Kiinnitys sis\u00e4lsi: Katto- \/ sein\u00e4kiinnitystarvikkeet &#8211; esim m\u00e4\u00e4r\u00e4tyt ruuvit tai sein\u00e4tulpat &#8211; eiv\u00e4t mukana<\/li>\n<\/ul>\n","protected":false},"featured_media":100000192995,"comment_status":"closed","ping_status":"closed","template":"","meta":[],"product_brand":[],"product_cat":[84],"product_tag":[],"class_list":{"0":"post-192995","1":"product","2":"type-product","3":"status-publish","4":"has-post-thumbnail","6":"product_cat-huonekalut","8":"first","9":"instock","10":"taxable","11":"shipping-taxable","12":"purchasable","13":"product-type-simple"},"_links":{"self":[{"href":"https:\/\/www.otiumhome.fi\/index.php\/wp-json\/wp\/v2\/product\/192995","targetHints":{"allow":["GET"]}}],"collection":[{"href":"https:\/\/www.otiumhome.fi\/index.php\/wp-json\/wp\/v2\/product"}],"about":[{"href":"https:\/\/www.otiumhome.fi\/index.php\/wp-json\/wp\/v2\/types\/product"}],"replies":[{"embeddable":true,"href":"https:\/\/www.otiumhome.fi\/index.php\/wp-json\/wp\/v2\/comments?post=192995"}],"wp:featuredmedia":[{"embeddable":true,"href":"https:\/\/www.otiumhome.fi\/index.php\/wp-json\/"}],"wp:attachment":[{"href":"https:\/\/www.otiumhome.fi\/index.php\/wp-json\/wp\/v2\/media?parent=192995"}],"wp:term":[{"taxonomy":"product_brand","embeddable":true,"href":"https:\/\/www.otiumhome.fi\/index.php\/wp-json\/wp\/v2\/product_brand?post=192995"},{"taxonomy":"product_cat","embeddable":true,"href":"https:\/\/www.otiumhome.fi\/index.php\/wp-json\/wp\/v2\/product_cat?post=192995"},{"taxonomy":"product_tag","embeddable":true,"href":"https:\/\/www.otiumhome.fi\/index.php\/wp-json\/wp\/v2\/product_tag?post=192995"}],"curies":[{"name":"wp","href":"https:\/\/api.w.org\/{rel}","templated":true}]}}